{"id":30065,"date":"2026-02-27T00:08:47","date_gmt":"2026-02-27T00:08:47","guid":{"rendered":"https:\/\/nordicmart.andreevmaster.com\/product\/songmics-puiset-henkarit\/"},"modified":"2026-02-27T09:32:43","modified_gmt":"2026-02-27T09:32:43","slug":"songmics-puiset-henkarit","status":"publish","type":"product","link":"https:\/\/nordicmart.andreevmaster.com\/fi\/tuote\/songmics-puiset-henkarit\/","title":{"rendered":"SONGMICS puiset henkarit"},"content":{"rendered":"<p>N\u00e4m\u00e4 henkarit yhdist\u00e4v\u00e4t puun ja sametin edut \u2013 ne ovat tukevia ja vakaita (kunkin kantavuus on 5 kg), joten voit ripustaa niille ongelmitta my\u00f6s talvitakit; ne ovat luistamattomia ja miellytt\u00e4vi\u00e4, joten ne sopivat erinomaisesti herkille vaatteille; ne ovat tyylikk\u00e4it\u00e4 ja elegantteja, joten ne korostavat vaatekaappisi tyylikkyytt\u00e4. EAN: 0194343034089 Tuotetiedot:V\u00e4ri: valkoinen Materiaali: massiivipuu, sametti, kromattu metallikoukku Koko per henkari: 44,5 x 1,2 x 23 cm (P x L x K) Paino 20 henkarille: 2,3 kg Maks. staattinen kantavuus per henkari: 5 kg Toimitus sis\u00e4lt\u00e4\u00e4: 20 x henkari SONGMICS Huomautukset:Henkarin enimm\u00e4iskuormituskyky on 5 kg. \u00c4l\u00e4 ylit\u00e4 t\u00e4t\u00e4 enimm\u00e4ispainoa. \u00c4l\u00e4 k\u00e4yt\u00e4 n\u00e4it\u00e4 henkareita kuivausrummussa.<\/p>\n","protected":false},"excerpt":{"rendered":"<p>SONGMICS puinen henkari, 20 kpl:n sarja, massiivipuusta valmistetut henkarit, samettip\u00e4\u00e4llysteiset, luistamattomat, lovet olkap\u00e4\u00e4alueella, housujen pidike, 360\u00b0 k\u00e4\u00e4ntyv\u00e4 koukku, takkeja varten, valkoinen CRW012W02<\/p>\n","protected":false},"featured_media":39464,"comment_status":"open","ping_status":"closed","template":"","meta":[],"product_brand":[],"product_cat":[32],"product_tag":[],"class_list":{"0":"post-30065","1":"product","2":"type-product","3":"status-publish","4":"has-post-thumbnail","6":"product_cat-uncategorized-fi","8":"first","9":"instock","10":"shipping-taxable","11":"purchasable","12":"product-type-simple"},"_links":{"self":[{"href":"https:\/\/nordicmart.andreevmaster.com\/fi\/wp-json\/wp\/v2\/product\/30065","targetHints":{"allow":["GET"]}}],"collection":[{"href":"https:\/\/nordicmart.andreevmaster.com\/fi\/wp-json\/wp\/v2\/product"}],"about":[{"href":"https:\/\/nordicmart.andreevmaster.com\/fi\/wp-json\/wp\/v2\/types\/product"}],"replies":[{"embeddable":true,"href":"https:\/\/nordicmart.andreevmaster.com\/fi\/wp-json\/wp\/v2\/comments?post=30065"}],"wp:featuredmedia":[{"embeddable":true,"href":"https:\/\/nordicmart.andreevmaster.com\/fi\/wp-json\/wp\/v2\/media\/39464"}],"wp:attachment":[{"href":"https:\/\/nordicmart.andreevmaster.com\/fi\/wp-json\/wp\/v2\/media?parent=30065"}],"wp:term":[{"taxonomy":"product_brand","embeddable":true,"href":"https:\/\/nordicmart.andreevmaster.com\/fi\/wp-json\/wp\/v2\/product_brand?post=30065"},{"taxonomy":"product_cat","embeddable":true,"href":"https:\/\/nordicmart.andreevmaster.com\/fi\/wp-json\/wp\/v2\/product_cat?post=30065"},{"taxonomy":"product_tag","embeddable":true,"href":"https:\/\/nordicmart.andreevmaster.com\/fi\/wp-json\/wp\/v2\/product_tag?post=30065"}],"curies":[{"name":"wp","href":"https:\/\/api.w.org\/{rel}","templated":true}]}}