{"id":30063,"date":"2026-02-27T00:08:47","date_gmt":"2026-02-27T00:08:47","guid":{"rendered":"https:\/\/nordicmart.andreevmaster.com\/product\/songmics-puinen-henkari-20-kpln-sarja\/"},"modified":"2026-02-27T09:32:43","modified_gmt":"2026-02-27T09:32:43","slug":"songmics-puinen-henkari-20-kpln-sarja","status":"publish","type":"product","link":"https:\/\/nordicmart.andreevmaster.com\/fi\/tuote\/songmics-puinen-henkari-20-kpln-sarja\/","title":{"rendered":"SONGMICS puinen henkari, 20 kpl:n sarja"},"content":{"rendered":"<p>Kumipinnoite tekee eron: n\u00e4iden henkareiden pinta on kumipinnoitettu ja tuntuu miellytt\u00e4v\u00e4n sile\u00e4lt\u00e4. Siksi n\u00e4m\u00e4 henkarit sopivat t\u00e4ydellisesti hienojen vaatteiden ripustamiseen ja suojaavat niit\u00e4 hell\u00e4varaisesti. Erinomaisen luistamattomuutensa ansiosta ne pit\u00e4v\u00e4t jopa silkkipuseroita tukevasti paikoillaan. Lis\u00e4ksi puiset henkarit antavat vaatekaapillesi tyylikk\u00e4\u00e4n ilmeen yksinkertaisen muodon, mattav\u00e4rin ja modernin ulkon\u00e4\u00f6n ansiosta.Tuotetiedot: V\u00e4ri: valkoinen Materiaali: massiivipuu, kumipinnoite, kromattu metallikoukku Koko per henkari: 44,5 x 1,2 x 23 cm (P x L x K) Paino 20 henkarille: 2,5 kg Maks. staattinen kantavuus per henkari: 5 kg Toimitus sis\u00e4lt\u00e4\u00e4: 20 x henkari SONGMICS Huomautukset:Henkarin enimm\u00e4iskuormituskyky on 5 kg. \u00c4l\u00e4 ylit\u00e4 t\u00e4t\u00e4 enimm\u00e4ispainoa. \u00c4l\u00e4 k\u00e4yt\u00e4 n\u00e4it\u00e4 henkareita kuivausrummussa.<\/p>\n","protected":false},"excerpt":{"rendered":"<p>SONGMICS puinen vaateripustin, 20 kpl:n sarja, kumip\u00e4\u00e4llysteiset ripustimet, massiivipuuta, luistamattomat, olkap\u00e4\u00e4alueella lovet, housujen ripustusteline, 360\u00b0 k\u00e4\u00e4ntyv\u00e4, pukuihin, paitoihin, takkeihin, valkoinen CRW011W02<\/p>\n","protected":false},"featured_media":39462,"comment_status":"open","ping_status":"closed","template":"","meta":[],"product_brand":[],"product_cat":[32],"product_tag":[],"class_list":{"0":"post-30063","1":"product","2":"type-product","3":"status-publish","4":"has-post-thumbnail","6":"product_cat-uncategorized-fi","8":"first","9":"instock","10":"shipping-taxable","11":"purchasable","12":"product-type-simple"},"_links":{"self":[{"href":"https:\/\/nordicmart.andreevmaster.com\/fi\/wp-json\/wp\/v2\/product\/30063","targetHints":{"allow":["GET"]}}],"collection":[{"href":"https:\/\/nordicmart.andreevmaster.com\/fi\/wp-json\/wp\/v2\/product"}],"about":[{"href":"https:\/\/nordicmart.andreevmaster.com\/fi\/wp-json\/wp\/v2\/types\/product"}],"replies":[{"embeddable":true,"href":"https:\/\/nordicmart.andreevmaster.com\/fi\/wp-json\/wp\/v2\/comments?post=30063"}],"wp:featuredmedia":[{"embeddable":true,"href":"https:\/\/nordicmart.andreevmaster.com\/fi\/wp-json\/wp\/v2\/media\/39462"}],"wp:attachment":[{"href":"https:\/\/nordicmart.andreevmaster.com\/fi\/wp-json\/wp\/v2\/media?parent=30063"}],"wp:term":[{"taxonomy":"product_brand","embeddable":true,"href":"https:\/\/nordicmart.andreevmaster.com\/fi\/wp-json\/wp\/v2\/product_brand?post=30063"},{"taxonomy":"product_cat","embeddable":true,"href":"https:\/\/nordicmart.andreevmaster.com\/fi\/wp-json\/wp\/v2\/product_cat?post=30063"},{"taxonomy":"product_tag","embeddable":true,"href":"https:\/\/nordicmart.andreevmaster.com\/fi\/wp-json\/wp\/v2\/product_tag?post=30063"}],"curies":[{"name":"wp","href":"https:\/\/api.w.org\/{rel}","templated":true}]}}