{"id":30062,"date":"2026-02-27T00:08:47","date_gmt":"2026-02-27T00:08:47","guid":{"rendered":"https:\/\/nordicmart.andreevmaster.com\/product\/songmics-housuhenkari-8-kpln-sarja-kiinnikkeilla\/"},"modified":"2026-02-27T09:32:43","modified_gmt":"2026-02-27T09:32:43","slug":"songmics-housuhenkari-8-kpln-sarja-kiinnikkeilla","status":"publish","type":"product","link":"https:\/\/nordicmart.andreevmaster.com\/fi\/tuote\/songmics-housuhenkari-8-kpln-sarja-kiinnikkeilla\/","title":{"rendered":"SONGMICS housuhenkari 8 kpl:n sarja kiinnikkeill\u00e4"},"content":{"rendered":"<p>2 liukumatonta pidikett\u00e4 Pidikkeit\u00e4 on helppo k\u00e4ytt\u00e4\u00e4, ja ne est\u00e4v\u00e4t housujen ja hameiden putoamisen. Pidikkeen leuat on varustettu muovisilla p\u00e4\u00e4llysteill\u00e4, joten henkarit eiv\u00e4t j\u00e4t\u00e4 j\u00e4lki\u00e4 vaatteisiin. Lis\u00e4ksi pidikkeiden kahvassa on nupit, jotka helpottavat avaamista. Mit\u00e4 muuta? Kiinnikkeet ovat s\u00e4\u00e4dett\u00e4viss\u00e4, jotta ne sopivat erilaisille vaatekappaleille ja -koille. Luonnonpuuta Premium-luonnonpuusta valmistetut, hienosti viimeistellyt housuhenkarit ovat tukevia, kest\u00e4vi\u00e4 ja pitk\u00e4ik\u00e4isi\u00e4. Ne ovat my\u00f6s riitt\u00e4v\u00e4n vahvoja ripustamaan raskaita farkkuja. Sukat, huivit, olkaimelliset topit tai pyyhkeet? Ei tietenk\u00e4\u00e4n ongelmaa! 360\u00b0 k\u00e4\u00e4ntyv\u00e4 koukku Kromattu koukku on tukeva ja kiilt\u00e4v\u00e4, ja 360\u00b0 k\u00e4\u00e4ntyvyys helpottaa vaatteiden ripustamista ja ottamista pois. Tuotetiedot: &#8211; V\u00e4ri: valkoinen &#8211; Materiaali: massiivipuu (Schima Superba), kromattu metalli &#8211; Koko per henkari: 34 x 1,2 x 12,5 cm (P x L x K) &#8211; Klipsien v\u00e4linen et\u00e4isyys: 30-34 cm &#8211; Paino per henkari: 83 g &#8211; Maks. staattinen kantavuus per henkari: 2,5 kg Toimitus sis\u00e4lt\u00e4\u00e4: &#8211; 8 x housuhenkari SONGMICS Huomautukset: &#8211; Henkarin maksimaalinen kantavuus on 2,5 kg. \u00c4l\u00e4 ylit\u00e4 t\u00e4t\u00e4 enimm\u00e4ispainoa. &#8211; \u00c4l\u00e4 k\u00e4yt\u00e4 henkareita pitk\u00e4\u00e4n aikaan korkeassa l\u00e4mp\u00f6tilassa tai kosteassa ymp\u00e4rist\u00f6ss\u00e4, jotta ne eiv\u00e4t vahingoitu. &#8211; \u00c4l\u00e4 k\u00e4yt\u00e4 n\u00e4it\u00e4 henkareita kuivausrummussa tai pesukoneessa.<\/p>\n","protected":false},"excerpt":{"rendered":"<p>SONGMICS housuhenkari, 8 kpl, puinen hamehenkari, s\u00e4\u00e4dett\u00e4vill\u00e4 kiinnikkeill\u00e4, luistamaton, housuille, shortseille ja hameille, valkoinen CRW009W01<\/p>\n","protected":false},"featured_media":39461,"comment_status":"open","ping_status":"closed","template":"","meta":[],"product_brand":[],"product_cat":[32],"product_tag":[],"class_list":{"0":"post-30062","1":"product","2":"type-product","3":"status-publish","4":"has-post-thumbnail","6":"product_cat-uncategorized-fi","8":"first","9":"instock","10":"shipping-taxable","11":"purchasable","12":"product-type-simple"},"_links":{"self":[{"href":"https:\/\/nordicmart.andreevmaster.com\/fi\/wp-json\/wp\/v2\/product\/30062","targetHints":{"allow":["GET"]}}],"collection":[{"href":"https:\/\/nordicmart.andreevmaster.com\/fi\/wp-json\/wp\/v2\/product"}],"about":[{"href":"https:\/\/nordicmart.andreevmaster.com\/fi\/wp-json\/wp\/v2\/types\/product"}],"replies":[{"embeddable":true,"href":"https:\/\/nordicmart.andreevmaster.com\/fi\/wp-json\/wp\/v2\/comments?post=30062"}],"wp:featuredmedia":[{"embeddable":true,"href":"https:\/\/nordicmart.andreevmaster.com\/fi\/wp-json\/wp\/v2\/media\/39461"}],"wp:attachment":[{"href":"https:\/\/nordicmart.andreevmaster.com\/fi\/wp-json\/wp\/v2\/media?parent=30062"}],"wp:term":[{"taxonomy":"product_brand","embeddable":true,"href":"https:\/\/nordicmart.andreevmaster.com\/fi\/wp-json\/wp\/v2\/product_brand?post=30062"},{"taxonomy":"product_cat","embeddable":true,"href":"https:\/\/nordicmart.andreevmaster.com\/fi\/wp-json\/wp\/v2\/product_cat?post=30062"},{"taxonomy":"product_tag","embeddable":true,"href":"https:\/\/nordicmart.andreevmaster.com\/fi\/wp-json\/wp\/v2\/product_tag?post=30062"}],"curies":[{"name":"wp","href":"https:\/\/api.w.org\/{rel}","templated":true}]}}