{"id":30061,"date":"2026-02-27T00:08:47","date_gmt":"2026-02-27T00:08:47","guid":{"rendered":"https:\/\/nordicmart.andreevmaster.com\/product\/songmics-saadettavat-housuhenkarit-8-kpl-valkoiset\/"},"modified":"2026-02-27T09:32:43","modified_gmt":"2026-02-27T09:32:43","slug":"songmics-saadettavat-housuhenkarit-8-kpl-valkoiset","status":"publish","type":"product","link":"https:\/\/nordicmart.andreevmaster.com\/fi\/tuote\/songmics-saadettavat-housuhenkarit-8-kpl-valkoiset\/","title":{"rendered":"SONGMICS S\u00e4\u00e4dett\u00e4v\u00e4t housuhenkarit 8 kpl valkoiset"},"content":{"rendered":"<p>Housuhenkari ei sovi vain housuille, vaan sen avulla voit tietysti ripustaa my\u00f6s hameet, silkkihuivit tai pyyhkeet hell\u00e4varaisesti ilman ryppyj\u00e4. N\u00e4in s\u00e4\u00e4st\u00e4t aikaa vaatekaapin loputtomalta siivoamiselta. Tyylikk\u00e4\u00e4n ulkon\u00e4\u00f6n ja luonnollisen v\u00e4ris\u00e4vyn ansiosta t\u00e4m\u00e4 SONGMICS-housuhenkari on todellinen katseenvangitsija vaatekaapissasi. Ne eiv\u00e4t ole vain kauniita, vaan t\u00e4ytt\u00e4v\u00e4t my\u00f6s tarkoituksensa t\u00e4ydellisesti. \u00c4rtyyk\u00f6 sinua, ett\u00e4 hameesi tai housusi liukuvat usein henkarista lattialle? Etsitk\u00f6 juuri sopivia hamehousuhenkareita? Songmicsin puinen hamehousuhenkari on paras valinta. Se on suunniteltu erityisesti housujen\/hameiden ripustamiseen. Kiinnikkeiden leveys on s\u00e4\u00e4dett\u00e4viss\u00e4 (maks. 31 cm), joten ne sopivat my\u00f6s pienemmille housuille tai hameille. Kromattu metallikoukku on tyylik\u00e4s, kiilt\u00e4v\u00e4 ja kest\u00e4v\u00e4. Ne ovat my\u00f6s ymp\u00e4ri k\u00e4\u00e4ntyvi\u00e4, mik\u00e4 on k\u00e4yt\u00e4nn\u00f6llist\u00e4 erilaisissa tiloissa. SONGMICS-housukiinnikeest\u00e4 tulee varmasti perheesi &#8221;tehokas apulainen&#8221;. Tuotetiedot:V\u00e4ri: valkoinen Materiaali: schima-puu + PVC-pinnoite + kromattu metallikoukku Mitat: 35,5 x 1,1 x 16,2 cm (P x L x K) Koukun korkeus: 7 cm Koukun leveys: 4,8 cm Paino: 1,5 kg Toimitus sis\u00e4lt\u00e4\u00e4: 8 x housu- ja hamehousuhenkari SONGMICS-ohjeet:V\u00e4lt\u00e4 ripustimien pitk\u00e4aikaista s\u00e4ilytyst\u00e4 kosteissa ja l\u00e4mpimiss\u00e4 tiloissa. Muutoin ripustimet homehtuvat helposti. Puhdista ripustimet pyyhkim\u00e4ll\u00e4 niiden pinta kevyesti kostealla liinalla.<\/p>\n","protected":false},"excerpt":{"rendered":"<p>SONGMICS 8 x puinen henkari housunkiristin housunkiristin housuille hameille luistamaton schima-puusta 35,5 cm CRW008-8<\/p>\n","protected":false},"featured_media":39460,"comment_status":"open","ping_status":"closed","template":"","meta":[],"product_brand":[],"product_cat":[32],"product_tag":[],"class_list":{"0":"post-30061","1":"product","2":"type-product","3":"status-publish","4":"has-post-thumbnail","6":"product_cat-uncategorized-fi","8":"first","9":"instock","10":"shipping-taxable","11":"purchasable","12":"product-type-simple"},"_links":{"self":[{"href":"https:\/\/nordicmart.andreevmaster.com\/fi\/wp-json\/wp\/v2\/product\/30061","targetHints":{"allow":["GET"]}}],"collection":[{"href":"https:\/\/nordicmart.andreevmaster.com\/fi\/wp-json\/wp\/v2\/product"}],"about":[{"href":"https:\/\/nordicmart.andreevmaster.com\/fi\/wp-json\/wp\/v2\/types\/product"}],"replies":[{"embeddable":true,"href":"https:\/\/nordicmart.andreevmaster.com\/fi\/wp-json\/wp\/v2\/comments?post=30061"}],"wp:featuredmedia":[{"embeddable":true,"href":"https:\/\/nordicmart.andreevmaster.com\/fi\/wp-json\/wp\/v2\/media\/39460"}],"wp:attachment":[{"href":"https:\/\/nordicmart.andreevmaster.com\/fi\/wp-json\/wp\/v2\/media?parent=30061"}],"wp:term":[{"taxonomy":"product_brand","embeddable":true,"href":"https:\/\/nordicmart.andreevmaster.com\/fi\/wp-json\/wp\/v2\/product_brand?post=30061"},{"taxonomy":"product_cat","embeddable":true,"href":"https:\/\/nordicmart.andreevmaster.com\/fi\/wp-json\/wp\/v2\/product_cat?post=30061"},{"taxonomy":"product_tag","embeddable":true,"href":"https:\/\/nordicmart.andreevmaster.com\/fi\/wp-json\/wp\/v2\/product_tag?post=30061"}],"curies":[{"name":"wp","href":"https:\/\/api.w.org\/{rel}","templated":true}]}}