{"id":30059,"date":"2026-02-27T00:08:46","date_gmt":"2026-02-27T00:08:46","guid":{"rendered":"https:\/\/nordicmart.andreevmaster.com\/product\/songmics-housuhenkarit-schimaholz-8-kpl\/"},"modified":"2026-02-27T09:32:42","modified_gmt":"2026-02-27T09:32:42","slug":"songmics-housuhenkarit-schimaholz-8-kpl","status":"publish","type":"product","link":"https:\/\/nordicmart.andreevmaster.com\/fi\/tuote\/songmics-housuhenkarit-schimaholz-8-kpl\/","title":{"rendered":"SONGMICS housuhenkarit Schimaholz 8 kpl"},"content":{"rendered":"<p>Oletko aina \u00e4rtynyt siit\u00e4, ett\u00e4 hameesi tai housusi liukuvat usein henkarista lattialle? Etsitk\u00f6 sopivia hamehousuhenkareita? Songmicsin puiset hamehousuhenkarit ovat paras valinta. Ne on suunniteltu erityisesti housujen\/hameiden ripustamiseen. Kiinnikkeiden leveys on s\u00e4\u00e4dett\u00e4viss\u00e4 (maks. 31 cm), joten ne sopivat my\u00f6s pienemmille housuille tai hameille. Kromattu metallikoukku on tyylik\u00e4s, kiilt\u00e4v\u00e4 ja kest\u00e4v\u00e4. Ne ovat my\u00f6s ymp\u00e4ri k\u00e4\u00e4ntyvi\u00e4, mik\u00e4 on k\u00e4yt\u00e4nn\u00f6llist\u00e4 erilaisissa tiloissa.  Songmics-housuhenkari tulee varmasti olemaan perheesi &#8221;tehokas apulainen&#8221;. Tuotetiedot: &#8211; Materiaali: Shima-puu + PVC-pinnoite + kromattu metallikoukku &#8211; V\u00e4ri: puunv\u00e4rinen &#8211; Mitat: 35,5 x 16,2 x 1,1 cm (L x K x S)  &#8211; Koukun korkeus: 7 cm  &#8211; Koukun leveys: 4,8 cm  &#8211; Bruttopaino: 1,48 kg   Toimitussis\u00e4lt\u00f6:  &#8211; 8 x housu- ja hamehousuhenkari Huomautus:  &#8211; V\u00e4lt\u00e4 pit\u00e4m\u00e4st\u00e4 henkareita pitk\u00e4\u00e4n kosteassa ja l\u00e4mpim\u00e4ss\u00e4 tilassa. Muuten henkarit homehtuvat helposti. Puhdista pinta pyyhkim\u00e4ll\u00e4 se kevyesti kostealla liinalla.<\/p>\n","protected":false},"excerpt":{"rendered":"<p>SONGMICS 8 x puinen henkari housunkiristin housunkiristin housuille hameille luistamaton schima-puusta 35,5 cm CRW008-8<\/p>\n","protected":false},"featured_media":39458,"comment_status":"open","ping_status":"closed","template":"","meta":[],"product_brand":[],"product_cat":[32],"product_tag":[],"class_list":{"0":"post-30059","1":"product","2":"type-product","3":"status-publish","4":"has-post-thumbnail","6":"product_cat-uncategorized-fi","8":"first","9":"instock","10":"shipping-taxable","11":"purchasable","12":"product-type-simple"},"_links":{"self":[{"href":"https:\/\/nordicmart.andreevmaster.com\/fi\/wp-json\/wp\/v2\/product\/30059","targetHints":{"allow":["GET"]}}],"collection":[{"href":"https:\/\/nordicmart.andreevmaster.com\/fi\/wp-json\/wp\/v2\/product"}],"about":[{"href":"https:\/\/nordicmart.andreevmaster.com\/fi\/wp-json\/wp\/v2\/types\/product"}],"replies":[{"embeddable":true,"href":"https:\/\/nordicmart.andreevmaster.com\/fi\/wp-json\/wp\/v2\/comments?post=30059"}],"wp:featuredmedia":[{"embeddable":true,"href":"https:\/\/nordicmart.andreevmaster.com\/fi\/wp-json\/wp\/v2\/media\/39458"}],"wp:attachment":[{"href":"https:\/\/nordicmart.andreevmaster.com\/fi\/wp-json\/wp\/v2\/media?parent=30059"}],"wp:term":[{"taxonomy":"product_brand","embeddable":true,"href":"https:\/\/nordicmart.andreevmaster.com\/fi\/wp-json\/wp\/v2\/product_brand?post=30059"},{"taxonomy":"product_cat","embeddable":true,"href":"https:\/\/nordicmart.andreevmaster.com\/fi\/wp-json\/wp\/v2\/product_cat?post=30059"},{"taxonomy":"product_tag","embeddable":true,"href":"https:\/\/nordicmart.andreevmaster.com\/fi\/wp-json\/wp\/v2\/product_tag?post=30059"}],"curies":[{"name":"wp","href":"https:\/\/api.w.org\/{rel}","templated":true}]}}