{"id":30058,"date":"2026-02-27T00:08:46","date_gmt":"2026-02-27T00:08:46","guid":{"rendered":"https:\/\/nordicmart.andreevmaster.com\/product\/songmics-housuhenkari-8-kpln-sarja-luonnonvarit\/"},"modified":"2026-02-27T09:32:42","modified_gmt":"2026-02-27T09:32:42","slug":"songmics-housuhenkari-8-kpln-sarja-luonnonvarit","status":"publish","type":"product","link":"https:\/\/nordicmart.andreevmaster.com\/fi\/tuote\/songmics-housuhenkari-8-kpln-sarja-luonnonvarit\/","title":{"rendered":"SONGMICS Housuhenkari 8 kpl:n sarja, luonnonv\u00e4rit"},"content":{"rendered":"<p>Tuotetiedot: V\u00e4ri: luonnonv\u00e4rit Materiaali: massiivipuu, huopa, ABS-muovi, kromattu metalli Koko per henkari: 25 x 2,2 x 17 cm (P x L x K) Kokonaispaino: 1,1 kg Maks. staattinen kantavuus per henkari: 2 kg Toimitus sis\u00e4lt\u00e4\u00e4: 8 x housuhenkari SONGMICS Huomautukset:\u00c4l\u00e4 k\u00e4yt\u00e4 henkareita pitk\u00e4\u00e4n korkeassa l\u00e4mp\u00f6tilassa tai kosteassa ymp\u00e4rist\u00f6ss\u00e4, jotta v\u00e4lt\u00e4t vaurioita, kuten maalin irtoamisen. \u00c4l\u00e4 ripusta m\u00e4rki\u00e4 vaatteita henkareille.<\/p>\n","protected":false},"excerpt":{"rendered":"<p>SONGMICS housunpitimet, 12 kpl, puiset henkarit, housunpitimet, luistamattomat, kromatut koukut, 360 astetta k\u00e4\u00e4ntyv\u00e4t, CRW007-12, luonnonv\u00e4ri<\/p>\n","protected":false},"featured_media":39457,"comment_status":"open","ping_status":"closed","template":"","meta":[],"product_brand":[],"product_cat":[32],"product_tag":[],"class_list":{"0":"post-30058","1":"product","2":"type-product","3":"status-publish","4":"has-post-thumbnail","6":"product_cat-uncategorized-fi","8":"first","9":"instock","10":"shipping-taxable","11":"purchasable","12":"product-type-simple"},"_links":{"self":[{"href":"https:\/\/nordicmart.andreevmaster.com\/fi\/wp-json\/wp\/v2\/product\/30058","targetHints":{"allow":["GET"]}}],"collection":[{"href":"https:\/\/nordicmart.andreevmaster.com\/fi\/wp-json\/wp\/v2\/product"}],"about":[{"href":"https:\/\/nordicmart.andreevmaster.com\/fi\/wp-json\/wp\/v2\/types\/product"}],"replies":[{"embeddable":true,"href":"https:\/\/nordicmart.andreevmaster.com\/fi\/wp-json\/wp\/v2\/comments?post=30058"}],"wp:featuredmedia":[{"embeddable":true,"href":"https:\/\/nordicmart.andreevmaster.com\/fi\/wp-json\/wp\/v2\/media\/39457"}],"wp:attachment":[{"href":"https:\/\/nordicmart.andreevmaster.com\/fi\/wp-json\/wp\/v2\/media?parent=30058"}],"wp:term":[{"taxonomy":"product_brand","embeddable":true,"href":"https:\/\/nordicmart.andreevmaster.com\/fi\/wp-json\/wp\/v2\/product_brand?post=30058"},{"taxonomy":"product_cat","embeddable":true,"href":"https:\/\/nordicmart.andreevmaster.com\/fi\/wp-json\/wp\/v2\/product_cat?post=30058"},{"taxonomy":"product_tag","embeddable":true,"href":"https:\/\/nordicmart.andreevmaster.com\/fi\/wp-json\/wp\/v2\/product_tag?post=30058"}],"curies":[{"name":"wp","href":"https:\/\/api.w.org\/{rel}","templated":true}]}}