{"id":30057,"date":"2026-02-27T00:08:46","date_gmt":"2026-02-27T00:08:46","guid":{"rendered":"https:\/\/nordicmart.andreevmaster.com\/product\/songmics-kiinnityshenkari-schimaholz-12-kpl\/"},"modified":"2026-02-27T09:32:42","modified_gmt":"2026-02-27T09:32:42","slug":"songmics-kiinnityshenkari-schimaholz-12-kpl","status":"publish","type":"product","link":"https:\/\/nordicmart.andreevmaster.com\/fi\/tuote\/songmics-kiinnityshenkari-schimaholz-12-kpl\/","title":{"rendered":"SONGMICS kiinnityshenkari Schimaholz 12 kpl"},"content":{"rendered":"<p>Liitososa on valmistettu eritt\u00e4in lujasta ABS-muovista, joka on erityisen kest\u00e4v\u00e4 ja joustava. Se takaa pitk\u00e4n k\u00e4ytt\u00f6i\u00e4n my\u00f6s kovassa k\u00e4yt\u00f6ss\u00e4. Tuotetiedot: Mitat: 25 x 17 x 2,2 cm (L x K x S) V\u00e4ri: puunv\u00e4rinen Materiaali: Schima &#8211; puu + kromattu ripustuskoukku + huopavuori Paino (12 x ): 1,56 kg Bruttopaino: 1,8 kg Toimitus sis\u00e4lt\u00e4\u00e4: 12 x housuhenkari Huomautukset: V\u00e4lt\u00e4 ripustimien pitk\u00e4aikaista s\u00e4ilytyst\u00e4 kosteissa ja l\u00e4mpimiss\u00e4 tiloissa.Ei sovellu m\u00e4rille vaatteille! Puhdista kuivalla liinalla. Yhden henkarin p\u00e4\u00e4lle mahtuu vain yksi vaatekappale.<\/p>\n","protected":false},"excerpt":{"rendered":"<p>SONGMICS housunpitimet, 12 kpl, puiset henkarit, housunpitimet, luistamattomat, kromatut koukut, 360 astetta k\u00e4\u00e4ntyv\u00e4t, CRW007-12, luonnonv\u00e4ri<\/p>\n","protected":false},"featured_media":39456,"comment_status":"open","ping_status":"closed","template":"","meta":[],"product_brand":[],"product_cat":[32],"product_tag":[],"class_list":{"0":"post-30057","1":"product","2":"type-product","3":"status-publish","4":"has-post-thumbnail","6":"product_cat-uncategorized-fi","8":"first","9":"instock","10":"shipping-taxable","11":"purchasable","12":"product-type-simple"},"_links":{"self":[{"href":"https:\/\/nordicmart.andreevmaster.com\/fi\/wp-json\/wp\/v2\/product\/30057","targetHints":{"allow":["GET"]}}],"collection":[{"href":"https:\/\/nordicmart.andreevmaster.com\/fi\/wp-json\/wp\/v2\/product"}],"about":[{"href":"https:\/\/nordicmart.andreevmaster.com\/fi\/wp-json\/wp\/v2\/types\/product"}],"replies":[{"embeddable":true,"href":"https:\/\/nordicmart.andreevmaster.com\/fi\/wp-json\/wp\/v2\/comments?post=30057"}],"wp:featuredmedia":[{"embeddable":true,"href":"https:\/\/nordicmart.andreevmaster.com\/fi\/wp-json\/wp\/v2\/media\/39456"}],"wp:attachment":[{"href":"https:\/\/nordicmart.andreevmaster.com\/fi\/wp-json\/wp\/v2\/media?parent=30057"}],"wp:term":[{"taxonomy":"product_brand","embeddable":true,"href":"https:\/\/nordicmart.andreevmaster.com\/fi\/wp-json\/wp\/v2\/product_brand?post=30057"},{"taxonomy":"product_cat","embeddable":true,"href":"https:\/\/nordicmart.andreevmaster.com\/fi\/wp-json\/wp\/v2\/product_cat?post=30057"},{"taxonomy":"product_tag","embeddable":true,"href":"https:\/\/nordicmart.andreevmaster.com\/fi\/wp-json\/wp\/v2\/product_tag?post=30057"}],"curies":[{"name":"wp","href":"https:\/\/api.w.org\/{rel}","templated":true}]}}