{"id":30056,"date":"2026-02-27T00:08:46","date_gmt":"2026-02-27T00:08:46","guid":{"rendered":"https:\/\/nordicmart.andreevmaster.com\/product\/songmics-lasten-vaatehenkari-massiivipuusta\/"},"modified":"2026-02-27T09:32:42","modified_gmt":"2026-02-27T09:32:42","slug":"songmics-lasten-vaatehenkari-massiivipuusta","status":"publish","type":"product","link":"https:\/\/nordicmart.andreevmaster.com\/fi\/tuote\/songmics-lasten-vaatehenkari-massiivipuusta\/","title":{"rendered":"SONGMICS lasten vaatehenkari massiivipuusta"},"content":{"rendered":"<p>Helppo aamurutiini: t\u00e4st\u00e4 l\u00e4htien sinun tai lastesi ei en\u00e4\u00e4 tarvitse kaivella sekavia vaatekasoja! SONGMICSin lasten vaatekoukkujen avulla kaikki lastesi vaatteet roikkuvat siististi vaatekaapissa, joten l\u00f6yd\u00e4t ne yhdell\u00e4 silm\u00e4yksell\u00e4. N\u00e4in j\u00e4\u00e4 enemm\u00e4n aikaa herkulliselle aamiaiselle ennen kouluun l\u00e4ht\u00f6\u00e4. N\u00e4in lasten vaatteet pysyv\u00e4t kunnossa J\u00e4rjestys on puolet el\u00e4m\u00e4st\u00e4. T\u00e4m\u00e4 on hyv\u00e4 opettaa jo pienille lapsille. N\u00e4iden 10 suloisen lasten vaatehangan avulla vaatekaapin siivoaminen on jopa hauskaa. Sile\u00e4 pinta ja py\u00f6ristetyt p\u00e4\u00e4t suojaavat lasten vaatteita kolhuilta ja ryppyilt\u00e4, jotta he voivat aina menn\u00e4 yst\u00e4viens\u00e4 luokse tai kouluun t\u00e4ydellisesti pukeutuneina. Tuotetiedot: &#8211; V\u00e4ri: valkoinen &#8211; Materiaali: vaahterapuu, kromattu koukku &#8211; Koko per henkari: 35 x 1,2 x 20 cm (P x L x K) &#8211; Koukun koko: 5 x 6,5 cm (\u00d8 x K) &#8211; Kokonaispaino: 1 kg &#8211; Maks. staattinen kantavuus per henkari: 5 kg Toimitus sis\u00e4lt\u00e4\u00e4: &#8211; 10 x henkari lapsille SONGMICS Huomautukset:- Henkarin enimm\u00e4iskuormituskyky on 5 kg. \u00c4l\u00e4 ylit\u00e4 t\u00e4t\u00e4 enimm\u00e4ispainoa. &#8211; Enimm\u00e4iskuormituskyky viittaa staattisiin painoihin. &#8211; \u00c4l\u00e4 k\u00e4yt\u00e4 n\u00e4it\u00e4 henkareita kuivausrummussa tai pesukoneessa.<\/p>\n","protected":false},"excerpt":{"rendered":"<p>SONGMICS Songmics lasten henkarit, 20 kpl, puu, luonnonv\u00e4ri, 35 cm<\/p>\n","protected":false},"featured_media":39455,"comment_status":"open","ping_status":"closed","template":"","meta":[],"product_brand":[],"product_cat":[32],"product_tag":[],"class_list":{"0":"post-30056","1":"product","2":"type-product","3":"status-publish","4":"has-post-thumbnail","6":"product_cat-uncategorized-fi","8":"first","9":"instock","10":"shipping-taxable","11":"purchasable","12":"product-type-simple"},"_links":{"self":[{"href":"https:\/\/nordicmart.andreevmaster.com\/fi\/wp-json\/wp\/v2\/product\/30056","targetHints":{"allow":["GET"]}}],"collection":[{"href":"https:\/\/nordicmart.andreevmaster.com\/fi\/wp-json\/wp\/v2\/product"}],"about":[{"href":"https:\/\/nordicmart.andreevmaster.com\/fi\/wp-json\/wp\/v2\/types\/product"}],"replies":[{"embeddable":true,"href":"https:\/\/nordicmart.andreevmaster.com\/fi\/wp-json\/wp\/v2\/comments?post=30056"}],"wp:featuredmedia":[{"embeddable":true,"href":"https:\/\/nordicmart.andreevmaster.com\/fi\/wp-json\/wp\/v2\/media\/39455"}],"wp:attachment":[{"href":"https:\/\/nordicmart.andreevmaster.com\/fi\/wp-json\/wp\/v2\/media?parent=30056"}],"wp:term":[{"taxonomy":"product_brand","embeddable":true,"href":"https:\/\/nordicmart.andreevmaster.com\/fi\/wp-json\/wp\/v2\/product_brand?post=30056"},{"taxonomy":"product_cat","embeddable":true,"href":"https:\/\/nordicmart.andreevmaster.com\/fi\/wp-json\/wp\/v2\/product_cat?post=30056"},{"taxonomy":"product_tag","embeddable":true,"href":"https:\/\/nordicmart.andreevmaster.com\/fi\/wp-json\/wp\/v2\/product_tag?post=30056"}],"curies":[{"name":"wp","href":"https:\/\/api.w.org\/{rel}","templated":true}]}}