{"id":30054,"date":"2026-02-27T00:08:46","date_gmt":"2026-02-27T00:08:46","guid":{"rendered":"https:\/\/nordicmart.andreevmaster.com\/product\/songmics-lasten-henkarit-vaahterapuu-20-kpl\/"},"modified":"2026-02-27T09:32:42","modified_gmt":"2026-02-27T09:32:42","slug":"songmics-lasten-henkarit-vaahterapuu-20-kpl","status":"publish","type":"product","link":"https:\/\/nordicmart.andreevmaster.com\/fi\/tuote\/songmics-lasten-henkarit-vaahterapuu-20-kpl\/","title":{"rendered":"SONGMICS lasten henkarit, vaahterapuu, 20 kpl"},"content":{"rendered":"<p>Tuotetiedot:  &#8211; Materiaali: vaahterapuu  &#8211; V\u00e4ri: luonnonv\u00e4ri  &#8211; Koukun korkeus: 7 cm  &#8211; Koukun leveys: 5 cm Kuvaus:  &#8211; Laadukas lasten vaatehenkari vaahterapuusta, sile\u00e4 pinta, vakaa ja  kest\u00e4v\u00e4. &#8211; Molemmin puolin olevat py\u00f6ristydyt est\u00e4v\u00e4t tehokkaasti vaatteiden rypistymisen ja taitteiden syntymisen ripustettaessa.  Toimitus sis\u00e4lt\u00e4\u00e4: &#8211; 20 x lasten vaatehenkari<\/p>\n","protected":false},"excerpt":{"rendered":"<p>SONGMICS Songmics lasten henkarit, 20 kpl, puu, luonnonv\u00e4ri, 35 cm<\/p>\n","protected":false},"featured_media":39453,"comment_status":"open","ping_status":"closed","template":"","meta":[],"product_brand":[],"product_cat":[32],"product_tag":[],"class_list":{"0":"post-30054","1":"product","2":"type-product","3":"status-publish","4":"has-post-thumbnail","6":"product_cat-uncategorized-fi","8":"first","9":"instock","10":"shipping-taxable","11":"purchasable","12":"product-type-simple"},"_links":{"self":[{"href":"https:\/\/nordicmart.andreevmaster.com\/fi\/wp-json\/wp\/v2\/product\/30054","targetHints":{"allow":["GET"]}}],"collection":[{"href":"https:\/\/nordicmart.andreevmaster.com\/fi\/wp-json\/wp\/v2\/product"}],"about":[{"href":"https:\/\/nordicmart.andreevmaster.com\/fi\/wp-json\/wp\/v2\/types\/product"}],"replies":[{"embeddable":true,"href":"https:\/\/nordicmart.andreevmaster.com\/fi\/wp-json\/wp\/v2\/comments?post=30054"}],"wp:featuredmedia":[{"embeddable":true,"href":"https:\/\/nordicmart.andreevmaster.com\/fi\/wp-json\/wp\/v2\/media\/39453"}],"wp:attachment":[{"href":"https:\/\/nordicmart.andreevmaster.com\/fi\/wp-json\/wp\/v2\/media?parent=30054"}],"wp:term":[{"taxonomy":"product_brand","embeddable":true,"href":"https:\/\/nordicmart.andreevmaster.com\/fi\/wp-json\/wp\/v2\/product_brand?post=30054"},{"taxonomy":"product_cat","embeddable":true,"href":"https:\/\/nordicmart.andreevmaster.com\/fi\/wp-json\/wp\/v2\/product_cat?post=30054"},{"taxonomy":"product_tag","embeddable":true,"href":"https:\/\/nordicmart.andreevmaster.com\/fi\/wp-json\/wp\/v2\/product_tag?post=30054"}],"curies":[{"name":"wp","href":"https:\/\/api.w.org\/{rel}","templated":true}]}}