{"id":30053,"date":"2026-02-27T00:08:45","date_gmt":"2026-02-27T00:08:45","guid":{"rendered":"https:\/\/nordicmart.andreevmaster.com\/product\/songmics-yksinkertaiset-henkarit-20-kpl-valkoiset\/"},"modified":"2026-02-27T09:32:41","modified_gmt":"2026-02-27T09:32:41","slug":"songmics-yksinkertaiset-henkarit-20-kpl-valkoiset","status":"publish","type":"product","link":"https:\/\/nordicmart.andreevmaster.com\/fi\/tuote\/songmics-yksinkertaiset-henkarit-20-kpl-valkoiset\/","title":{"rendered":"SONGMICS Yksinkertaiset henkarit 20 kpl valkoiset"},"content":{"rendered":"<p>K\u00e4yt\u00e4nn\u00f6lliset olkap\u00e4\u00e4kolot Molemmilla puolilla olevat kolot on suunniteltu erityisesti vaatteille, joissa on silmukat, ja sile\u00e4 pinta suojaa vaatteitasi naarmuilta. Vakaa rakenne Luonnollisesta massiivipuusta valmistetut henkarit on lakattu korkealaatuisella lakalla, ja ne ovat tukevia ja kest\u00e4vi\u00e4 hameiden, takkien, paitojen, villapaitojen, takkien jne. ripustamiseen; kantavuus enint\u00e4\u00e4n 5 kg.360\u00b0 k\u00e4\u00e4ntyv\u00e4 koukku Kromattu koukku on ruostumaton ja 360\u00b0 k\u00e4\u00e4ntyvyys helpottaa vaatteiden ripustamista\/poistamista.Tuotetiedot: V\u00e4ri: valkoinen Materiaali: vaahterapuu Koko per henkari: 44 x 1,2 x 23,5 cm (P x L x K) Kokonaispaino: 1,9 kg Maks. staattinen kantavuus per henkari: 5 kg Toimitus sis\u00e4lt\u00e4\u00e4: 20 x henkari SONGMICS Huomautukset: Henkarin maksimikantavuus on 5 kg. \u00c4l\u00e4 ylit\u00e4 t\u00e4t\u00e4 enimm\u00e4ispainoa. Enimm\u00e4iskuormituskyky viittaa staattisiin painoihin. \u00c4l\u00e4 k\u00e4yt\u00e4 n\u00e4it\u00e4 henkareita kuivausrummussa tai pesukoneessa.<\/p>\n","protected":false},"excerpt":{"rendered":"<p>SONGMICS massiivipuinen vaateripustin, 20 kpl, puinen ripustin lovilla, 360\u00b0 k\u00e4\u00e4ntyv\u00e4 koukku, luistamaton, takkeihin, pukuihin, takkeihin, paitoihin, valkoinen CRW003WT20<\/p>\n","protected":false},"featured_media":39452,"comment_status":"open","ping_status":"closed","template":"","meta":[],"product_brand":[],"product_cat":[32],"product_tag":[],"class_list":{"0":"post-30053","1":"product","2":"type-product","3":"status-publish","4":"has-post-thumbnail","6":"product_cat-uncategorized-fi","8":"first","9":"instock","10":"shipping-taxable","11":"purchasable","12":"product-type-simple"},"_links":{"self":[{"href":"https:\/\/nordicmart.andreevmaster.com\/fi\/wp-json\/wp\/v2\/product\/30053","targetHints":{"allow":["GET"]}}],"collection":[{"href":"https:\/\/nordicmart.andreevmaster.com\/fi\/wp-json\/wp\/v2\/product"}],"about":[{"href":"https:\/\/nordicmart.andreevmaster.com\/fi\/wp-json\/wp\/v2\/types\/product"}],"replies":[{"embeddable":true,"href":"https:\/\/nordicmart.andreevmaster.com\/fi\/wp-json\/wp\/v2\/comments?post=30053"}],"wp:featuredmedia":[{"embeddable":true,"href":"https:\/\/nordicmart.andreevmaster.com\/fi\/wp-json\/wp\/v2\/media\/39452"}],"wp:attachment":[{"href":"https:\/\/nordicmart.andreevmaster.com\/fi\/wp-json\/wp\/v2\/media?parent=30053"}],"wp:term":[{"taxonomy":"product_brand","embeddable":true,"href":"https:\/\/nordicmart.andreevmaster.com\/fi\/wp-json\/wp\/v2\/product_brand?post=30053"},{"taxonomy":"product_cat","embeddable":true,"href":"https:\/\/nordicmart.andreevmaster.com\/fi\/wp-json\/wp\/v2\/product_cat?post=30053"},{"taxonomy":"product_tag","embeddable":true,"href":"https:\/\/nordicmart.andreevmaster.com\/fi\/wp-json\/wp\/v2\/product_tag?post=30053"}],"curies":[{"name":"wp","href":"https:\/\/api.w.org\/{rel}","templated":true}]}}