{"id":30052,"date":"2026-02-27T00:08:45","date_gmt":"2026-02-27T00:08:45","guid":{"rendered":"https:\/\/nordicmart.andreevmaster.com\/product\/songmics-vaatehenkari-jossa-on-lovet\/"},"modified":"2026-02-27T09:32:41","modified_gmt":"2026-02-27T09:32:41","slug":"songmics-vaatehenkari-jossa-on-lovet","status":"publish","type":"product","link":"https:\/\/nordicmart.andreevmaster.com\/fi\/tuote\/songmics-vaatehenkari-jossa-on-lovet\/","title":{"rendered":"SONGMICS-vaatehenkari, jossa on lovet"},"content":{"rendered":"<p>SONGMICS-vaatehenkareiden avulla pukusi ja juhlapukusi pysyv\u00e4t huippukunnossa. Katso n\u00e4iden henkareiden parhaat ominaisuudet: &#8211; V-muotoiset lovet est\u00e4v\u00e4t tankkitoppeja ja olkaimellisia mekkoja liukumasta. &#8211; Sile\u00e4, kiillotettu pinta suojaa vaatteitasi repeytymiselt\u00e4. &#8211; Massiivinen vaahterapuu tarjoaa korkean vakauden (maks. kantavuus: 5 kg per henkari). &#8211; 360\u00b0 k\u00e4\u00e4ntyv\u00e4n koukun ansiosta voit k\u00e4\u00e4nt\u00e4\u00e4 vaatteesi ymp\u00e4ri, jos olet ripustanut ne v\u00e4\u00e4rin p\u00e4in.Toimitus sis\u00e4lt\u00e4\u00e4:- 20 x vaatehenkariSONGMICS-ohjeet:- Henkarin enimm\u00e4iskuormitus on 5 kg. \u00c4l\u00e4 ylit\u00e4 t\u00e4t\u00e4 enimm\u00e4ispainoa.- Enimm\u00e4iskuormitus viittaa staattisiin painoihin.- \u00c4l\u00e4 k\u00e4yt\u00e4 n\u00e4it\u00e4 henkareita kuivausrummussa tai pesukoneessa. Tuotetiedot: &#8211; V\u00e4ri: musta &#8211; Materiaali: vaahterapuu &#8211; Koko per henkari: 44 x 1,2 x 23,5 cm (P x L x K) &#8211; Kokonaispaino: 1,9 kg &#8211; Maks. staattinen kantavuus per henkari: 5 kg<\/p>\n","protected":false},"excerpt":{"rendered":"<p>SONGMICS massiivipuinen vaateripustin, 20 kpl, puinen ripustin lovilla, 360\u00b0 k\u00e4\u00e4ntyv\u00e4 koukku, luistamaton, takkeihin, pukuihin, takkeihin, paitoihin, valkoinen CRW003WT20<\/p>\n","protected":false},"featured_media":39451,"comment_status":"open","ping_status":"closed","template":"","meta":[],"product_brand":[],"product_cat":[32],"product_tag":[],"class_list":{"0":"post-30052","1":"product","2":"type-product","3":"status-publish","4":"has-post-thumbnail","6":"product_cat-uncategorized-fi","8":"first","9":"instock","10":"shipping-taxable","11":"purchasable","12":"product-type-simple"},"_links":{"self":[{"href":"https:\/\/nordicmart.andreevmaster.com\/fi\/wp-json\/wp\/v2\/product\/30052","targetHints":{"allow":["GET"]}}],"collection":[{"href":"https:\/\/nordicmart.andreevmaster.com\/fi\/wp-json\/wp\/v2\/product"}],"about":[{"href":"https:\/\/nordicmart.andreevmaster.com\/fi\/wp-json\/wp\/v2\/types\/product"}],"replies":[{"embeddable":true,"href":"https:\/\/nordicmart.andreevmaster.com\/fi\/wp-json\/wp\/v2\/comments?post=30052"}],"wp:featuredmedia":[{"embeddable":true,"href":"https:\/\/nordicmart.andreevmaster.com\/fi\/wp-json\/wp\/v2\/media\/39451"}],"wp:attachment":[{"href":"https:\/\/nordicmart.andreevmaster.com\/fi\/wp-json\/wp\/v2\/media?parent=30052"}],"wp:term":[{"taxonomy":"product_brand","embeddable":true,"href":"https:\/\/nordicmart.andreevmaster.com\/fi\/wp-json\/wp\/v2\/product_brand?post=30052"},{"taxonomy":"product_cat","embeddable":true,"href":"https:\/\/nordicmart.andreevmaster.com\/fi\/wp-json\/wp\/v2\/product_cat?post=30052"},{"taxonomy":"product_tag","embeddable":true,"href":"https:\/\/nordicmart.andreevmaster.com\/fi\/wp-json\/wp\/v2\/product_tag?post=30052"}],"curies":[{"name":"wp","href":"https:\/\/api.w.org\/{rel}","templated":true}]}}