{"id":30051,"date":"2026-02-27T00:08:45","date_gmt":"2026-02-27T00:08:45","guid":{"rendered":"https:\/\/nordicmart.andreevmaster.com\/product\/songmics-yksinkertaiset-henkarit-20-kpl-vaahtera\/"},"modified":"2026-02-27T09:32:41","modified_gmt":"2026-02-27T09:32:41","slug":"songmics-yksinkertaiset-henkarit-20-kpl-vaahtera","status":"publish","type":"product","link":"https:\/\/nordicmart.andreevmaster.com\/fi\/tuote\/songmics-yksinkertaiset-henkarit-20-kpl-vaahtera\/","title":{"rendered":"SONGMICS Yksinkertaiset henkarit 20 kpl vaahtera"},"content":{"rendered":"<p>K\u00e4yt\u00e4nn\u00f6lliset olkap\u00e4\u00e4kolot Molemmilla puolilla olevat kolot on suunniteltu erityisesti vaatteille, joissa on silmukat. Sile\u00e4 pinta suojaa vaatteitasi naarmuilta. Vankka rakenne Luonnollisesta massiivipuusta valmistettu henkari on korkealaatuinen, kest\u00e4v\u00e4 ja pitk\u00e4ik\u00e4inen, ja se sopii hameiden, takkien, paitojen, villapaitojen, takkien jne. ripustamiseen. Kest\u00e4\u00e4 jopa 5 kg:n painon.360\u00b0 k\u00e4\u00e4ntyv\u00e4 koukku Kromattu koukku on ruostumaton ja 360\u00b0 k\u00e4\u00e4ntyvyys helpottaa vaatteiden ripustamista\/poistamista.Tuotetiedot: V\u00e4ri: luonnonv\u00e4ri Materiaali: massiivipuu Mitat: 44 x 23,5 x 1,2 cm (L x K x S) Paino: 1,9 kg Maks. kantavuus per henkari: 5 kg Toimitus sis\u00e4lt\u00e4\u00e4: 20 x puinen henkari SONGMICS Huomautukset:V\u00e4lt\u00e4 ripustimien k\u00e4ytt\u00f6\u00e4 pitk\u00e4\u00e4n korkeissa l\u00e4mp\u00f6tiloissa tai kosteassa ymp\u00e4rist\u00f6ss\u00e4, koska se voi aiheuttaa homehtumista tai v\u00e4rin irtoamista. \u00c4l\u00e4 ripusta m\u00e4rki\u00e4 vaatteita ripustimiin. Pyyhi ripustimet kostealla liinalla. Valmistaja: SONGMICS<\/p>\n","protected":false},"excerpt":{"rendered":"<p>SONGMICS massiivipuinen vaateripustin, 20 kpl, puinen ripustin lovilla, 360\u00b0 k\u00e4\u00e4ntyv\u00e4 koukku, luistamaton, takkeihin, pukuihin, takkeihin, paitoihin, valkoinen CRW003WT20<\/p>\n","protected":false},"featured_media":39450,"comment_status":"open","ping_status":"closed","template":"","meta":[],"product_brand":[],"product_cat":[32],"product_tag":[],"class_list":{"0":"post-30051","1":"product","2":"type-product","3":"status-publish","4":"has-post-thumbnail","6":"product_cat-uncategorized-fi","8":"first","9":"instock","10":"shipping-taxable","11":"purchasable","12":"product-type-simple"},"_links":{"self":[{"href":"https:\/\/nordicmart.andreevmaster.com\/fi\/wp-json\/wp\/v2\/product\/30051","targetHints":{"allow":["GET"]}}],"collection":[{"href":"https:\/\/nordicmart.andreevmaster.com\/fi\/wp-json\/wp\/v2\/product"}],"about":[{"href":"https:\/\/nordicmart.andreevmaster.com\/fi\/wp-json\/wp\/v2\/types\/product"}],"replies":[{"embeddable":true,"href":"https:\/\/nordicmart.andreevmaster.com\/fi\/wp-json\/wp\/v2\/comments?post=30051"}],"wp:featuredmedia":[{"embeddable":true,"href":"https:\/\/nordicmart.andreevmaster.com\/fi\/wp-json\/wp\/v2\/media\/39450"}],"wp:attachment":[{"href":"https:\/\/nordicmart.andreevmaster.com\/fi\/wp-json\/wp\/v2\/media?parent=30051"}],"wp:term":[{"taxonomy":"product_brand","embeddable":true,"href":"https:\/\/nordicmart.andreevmaster.com\/fi\/wp-json\/wp\/v2\/product_brand?post=30051"},{"taxonomy":"product_cat","embeddable":true,"href":"https:\/\/nordicmart.andreevmaster.com\/fi\/wp-json\/wp\/v2\/product_cat?post=30051"},{"taxonomy":"product_tag","embeddable":true,"href":"https:\/\/nordicmart.andreevmaster.com\/fi\/wp-json\/wp\/v2\/product_tag?post=30051"}],"curies":[{"name":"wp","href":"https:\/\/api.w.org\/{rel}","templated":true}]}}