{"id":30049,"date":"2026-02-27T00:08:45","date_gmt":"2026-02-27T00:08:45","guid":{"rendered":"https:\/\/nordicmart.andreevmaster.com\/product\/songmics-vaatehenkari-50-kpln-sarja-koukut-ruusukultaiset\/"},"modified":"2026-02-27T09:32:41","modified_gmt":"2026-02-27T09:32:41","slug":"songmics-vaatehenkari-50-kpln-sarja-koukut-ruusukultaiset","status":"publish","type":"product","link":"https:\/\/nordicmart.andreevmaster.com\/fi\/tuote\/songmics-vaatehenkari-50-kpln-sarja-koukut-ruusukultaiset\/","title":{"rendered":"SONGMICS-vaatehenkari 50 kpl:n sarja, koukut ruusukultaiset"},"content":{"rendered":"<p>Onko sinun vaikea valita oikea malli laajasta valikoimasta erilaisia henkareita?  Miksi et sitten valitsisi klassista mallia massiivipuusta? Loppujen lopuksi yksinkertaiset mallit ovat joskus juuri sit\u00e4, mit\u00e4 tarvitsemme.   SONGMICS-vaatehenkarit on valmistettu massiivista vaahterapuusta, kiillotettu ja lakattu sile\u00e4ksi, joten ne ovat paitsi erityisen tukevia ja kest\u00e4vi\u00e4, my\u00f6s t\u00e4ydellinen tausta takkeillesi, pukuillesi, paidoillesi, housuillesi, talvitakkeillesi ja farkuillesi.  Tuotetiedot: &#8211; V\u00e4ri: valkoinen &#8211; Materiaali: vaahterapuu, metallikoukut &#8211; Koko per henkari: 44,5 x 1,2 x 23 cm (P x L x K) &#8211; Kokonaispaino: 5,9 kg &#8211; Maks. staattinen kantavuus per henkari: 5 kg Toimitus sis\u00e4lt\u00e4\u00e4: &#8211; 50 x henkari SONGMICS Huomautukset:- \u00c4l\u00e4 k\u00e4yt\u00e4 henkareita pitk\u00e4\u00e4n korkeassa l\u00e4mp\u00f6tilassa tai kosteassa ymp\u00e4rist\u00f6ss\u00e4, jotta v\u00e4lt\u00e4t vauriot, kuten lakan irtoamisen. &#8211; \u00c4l\u00e4 k\u00e4yt\u00e4 n\u00e4it\u00e4 henkareita kuivausrummussa. &#8211; Puhdista henkarit kostealla liinalla.<\/p>\n","protected":false},"excerpt":{"rendered":"<p>SONGMICS henkarit, 10 kpl, reunat, liukumatonta poikkipalkkia, 360\u00b0k\u00e4\u00e4nnett\u00e4v\u00e4 koukku, CRW001-10, puu, luonnonv\u00e4ri, 10<\/p>\n","protected":false},"featured_media":39448,"comment_status":"open","ping_status":"closed","template":"","meta":[],"product_brand":[],"product_cat":[32],"product_tag":[],"class_list":{"0":"post-30049","1":"product","2":"type-product","3":"status-publish","4":"has-post-thumbnail","6":"product_cat-uncategorized-fi","8":"first","9":"instock","10":"shipping-taxable","11":"purchasable","12":"product-type-simple"},"_links":{"self":[{"href":"https:\/\/nordicmart.andreevmaster.com\/fi\/wp-json\/wp\/v2\/product\/30049","targetHints":{"allow":["GET"]}}],"collection":[{"href":"https:\/\/nordicmart.andreevmaster.com\/fi\/wp-json\/wp\/v2\/product"}],"about":[{"href":"https:\/\/nordicmart.andreevmaster.com\/fi\/wp-json\/wp\/v2\/types\/product"}],"replies":[{"embeddable":true,"href":"https:\/\/nordicmart.andreevmaster.com\/fi\/wp-json\/wp\/v2\/comments?post=30049"}],"wp:featuredmedia":[{"embeddable":true,"href":"https:\/\/nordicmart.andreevmaster.com\/fi\/wp-json\/wp\/v2\/media\/39448"}],"wp:attachment":[{"href":"https:\/\/nordicmart.andreevmaster.com\/fi\/wp-json\/wp\/v2\/media?parent=30049"}],"wp:term":[{"taxonomy":"product_brand","embeddable":true,"href":"https:\/\/nordicmart.andreevmaster.com\/fi\/wp-json\/wp\/v2\/product_brand?post=30049"},{"taxonomy":"product_cat","embeddable":true,"href":"https:\/\/nordicmart.andreevmaster.com\/fi\/wp-json\/wp\/v2\/product_cat?post=30049"},{"taxonomy":"product_tag","embeddable":true,"href":"https:\/\/nordicmart.andreevmaster.com\/fi\/wp-json\/wp\/v2\/product_tag?post=30049"}],"curies":[{"name":"wp","href":"https:\/\/api.w.org\/{rel}","templated":true}]}}