{"id":30046,"date":"2026-02-27T00:08:44","date_gmt":"2026-02-27T00:08:44","guid":{"rendered":"https:\/\/nordicmart.andreevmaster.com\/product\/songmics-puiset-henkarit-20-kpln-sarja\/"},"modified":"2026-02-27T09:32:40","modified_gmt":"2026-02-27T09:32:40","slug":"songmics-puiset-henkarit-20-kpln-sarja","status":"publish","type":"product","link":"https:\/\/nordicmart.andreevmaster.com\/fi\/tuote\/songmics-puiset-henkarit-20-kpln-sarja\/","title":{"rendered":"SONGMICS puiset henkarit, 20 kpl:n sarja"},"content":{"rendered":"<p>Onko sinun mielest\u00e4si vaikea valita oikea henkari monien eri tyylien joukosta? Miksi et palaisi vaatekaappisi klassikoihin n\u00e4iden massiivipuisten henkareiden avulla? Joskus yksinkertainen muotoilu on juuri se, mit\u00e4 tarvitsemme. Valmistettu kiillotetusta ja lakatusta vaahterapuusta, joka on sile\u00e4 ja hienorakeinen. T\u00e4m\u00e4 20 kappaleen henkaripakkaus on paitsi vahva ja kest\u00e4v\u00e4, my\u00f6s t\u00e4ydellinen tausta pukujen, paitojen, housujen, takkien, talvitakkien ja paksujen farkkujen ripustamiseen. Tekniset tiedot: &#8211; V\u00e4ri: luonnollinen &#8211; Materiaali: vaahterapuu, metallikoukku &#8211; Yksitt\u00e4isen henkarin koko: 44,5 x 1,2 x 23 cm (P x L x K) &#8211; Kokonaispaino: 2,2 kg &#8211; Yksitt\u00e4isen henkarin maks. staattinen kantavuus: 5 kg.Toimitus sis\u00e4lt\u00e4\u00e4: &#8211; 20 x henkari. SONGMICS-ohjeet: &#8211; V\u00e4lt\u00e4 k\u00e4ytt\u00e4m\u00e4st\u00e4 henkareita korkeissa l\u00e4mp\u00f6tiloissa tai kosteissa ymp\u00e4rist\u00f6iss\u00e4 pitki\u00e4 aikoja, koska se voi aiheuttaa natinaa tai v\u00e4rin irtoamista. &#8211; \u00c4l\u00e4 ripusta m\u00e4rki\u00e4 vaatteita henkareille. &#8211; Pyyhi henkari kostealla liinalla.<\/p>\n","protected":false},"excerpt":{"rendered":"<p>SONGMICS henkarit, 10 kpl, reunat, liukumatonta poikkipalkkia, 360\u00b0k\u00e4\u00e4nnett\u00e4v\u00e4 koukku, CRW001-10, puu, luonnonv\u00e4ri, 10<\/p>\n","protected":false},"featured_media":39445,"comment_status":"open","ping_status":"closed","template":"","meta":[],"product_brand":[],"product_cat":[32],"product_tag":[],"class_list":{"0":"post-30046","1":"product","2":"type-product","3":"status-publish","4":"has-post-thumbnail","6":"product_cat-uncategorized-fi","8":"first","9":"instock","10":"shipping-taxable","11":"purchasable","12":"product-type-simple"},"_links":{"self":[{"href":"https:\/\/nordicmart.andreevmaster.com\/fi\/wp-json\/wp\/v2\/product\/30046","targetHints":{"allow":["GET"]}}],"collection":[{"href":"https:\/\/nordicmart.andreevmaster.com\/fi\/wp-json\/wp\/v2\/product"}],"about":[{"href":"https:\/\/nordicmart.andreevmaster.com\/fi\/wp-json\/wp\/v2\/types\/product"}],"replies":[{"embeddable":true,"href":"https:\/\/nordicmart.andreevmaster.com\/fi\/wp-json\/wp\/v2\/comments?post=30046"}],"wp:featuredmedia":[{"embeddable":true,"href":"https:\/\/nordicmart.andreevmaster.com\/fi\/wp-json\/wp\/v2\/media\/39445"}],"wp:attachment":[{"href":"https:\/\/nordicmart.andreevmaster.com\/fi\/wp-json\/wp\/v2\/media?parent=30046"}],"wp:term":[{"taxonomy":"product_brand","embeddable":true,"href":"https:\/\/nordicmart.andreevmaster.com\/fi\/wp-json\/wp\/v2\/product_brand?post=30046"},{"taxonomy":"product_cat","embeddable":true,"href":"https:\/\/nordicmart.andreevmaster.com\/fi\/wp-json\/wp\/v2\/product_cat?post=30046"},{"taxonomy":"product_tag","embeddable":true,"href":"https:\/\/nordicmart.andreevmaster.com\/fi\/wp-json\/wp\/v2\/product_tag?post=30046"}],"curies":[{"name":"wp","href":"https:\/\/api.w.org\/{rel}","templated":true}]}}