{"id":30043,"date":"2026-02-27T00:08:43","date_gmt":"2026-02-27T00:08:43","guid":{"rendered":"https:\/\/nordicmart.andreevmaster.com\/product\/songmics-vaatehenkari-puu-kaantyva-harmaa-hopea\/"},"modified":"2026-02-27T09:32:40","modified_gmt":"2026-02-27T09:32:40","slug":"songmics-vaatehenkari-puu-kaantyva-harmaa-hopea","status":"publish","type":"product","link":"https:\/\/nordicmart.andreevmaster.com\/fi\/tuote\/songmics-vaatehenkari-puu-kaantyva-harmaa-hopea\/","title":{"rendered":"SONGMICS vaatehenkari puu, k\u00e4\u00e4ntyv\u00e4, harmaa-hopea"},"content":{"rendered":"<p>SONGMICS henkarit, 10 kpl, reunat, liukumatonta poikkipalkkia, 360\u00b0k\u00e4\u00e4nnett\u00e4v\u00e4 koukku, CRW001-10, puu, luonnonv\u00e4ri, 10<br \/>\nV\u00e4ri: harmaa-hopea<br \/>\nMateriaali: vaahterapuu, metallikoukut<br \/>\nKoko per henkari: 44,5 x 23 cm (L x K)<br \/>\n20 henkarin paino: 2,3 kg<br \/>\nHenkarin maks. staattinen kantavuus: 5 kg<\/p>\n","protected":false},"excerpt":{"rendered":"<p>SONGMICS henkarit, 10 kpl, reunat, liukumatonta poikkipalkkia, 360\u00b0k\u00e4\u00e4nnett\u00e4v\u00e4 koukku, CRW001-10, puu, luonnonv\u00e4ri, 10<\/p>\n","protected":false},"featured_media":39442,"comment_status":"open","ping_status":"closed","template":"","meta":[],"product_brand":[],"product_cat":[32],"product_tag":[],"class_list":{"0":"post-30043","1":"product","2":"type-product","3":"status-publish","4":"has-post-thumbnail","6":"product_cat-uncategorized-fi","8":"first","9":"instock","10":"shipping-taxable","11":"purchasable","12":"product-type-simple"},"_links":{"self":[{"href":"https:\/\/nordicmart.andreevmaster.com\/fi\/wp-json\/wp\/v2\/product\/30043","targetHints":{"allow":["GET"]}}],"collection":[{"href":"https:\/\/nordicmart.andreevmaster.com\/fi\/wp-json\/wp\/v2\/product"}],"about":[{"href":"https:\/\/nordicmart.andreevmaster.com\/fi\/wp-json\/wp\/v2\/types\/product"}],"replies":[{"embeddable":true,"href":"https:\/\/nordicmart.andreevmaster.com\/fi\/wp-json\/wp\/v2\/comments?post=30043"}],"wp:featuredmedia":[{"embeddable":true,"href":"https:\/\/nordicmart.andreevmaster.com\/fi\/wp-json\/wp\/v2\/media\/39442"}],"wp:attachment":[{"href":"https:\/\/nordicmart.andreevmaster.com\/fi\/wp-json\/wp\/v2\/media?parent=30043"}],"wp:term":[{"taxonomy":"product_brand","embeddable":true,"href":"https:\/\/nordicmart.andreevmaster.com\/fi\/wp-json\/wp\/v2\/product_brand?post=30043"},{"taxonomy":"product_cat","embeddable":true,"href":"https:\/\/nordicmart.andreevmaster.com\/fi\/wp-json\/wp\/v2\/product_cat?post=30043"},{"taxonomy":"product_tag","embeddable":true,"href":"https:\/\/nordicmart.andreevmaster.com\/fi\/wp-json\/wp\/v2\/product_tag?post=30043"}],"curies":[{"name":"wp","href":"https:\/\/api.w.org\/{rel}","templated":true}]}}