{"id":30040,"date":"2026-02-27T00:08:43","date_gmt":"2026-02-27T00:08:43","guid":{"rendered":"https:\/\/nordicmart.andreevmaster.com\/product\/songmics-vaatehenkari-vaahterapuu-10-kpl\/"},"modified":"2026-02-27T09:32:40","modified_gmt":"2026-02-27T09:32:40","slug":"songmics-vaatehenkari-vaahterapuu-10-kpl","status":"publish","type":"product","link":"https:\/\/nordicmart.andreevmaster.com\/fi\/tuote\/songmics-vaatehenkari-vaahterapuu-10-kpl\/","title":{"rendered":"SONGMICS vaatehenkari, vaahterapuu, 10 kpl"},"content":{"rendered":"<p>Tuotetiedot: Kunkin henkarin mitat: 44,5 x 23 x 1,2 cm (L x K x S) V\u00e4ri: luonnonv\u00e4ri Materiaali: vaahterapuu Kunkin henkarin kantavuus: 5 kg Nettopaino: 1,1 kg Bruttopaino: 1,3 kg Toimitus sis\u00e4lt\u00e4\u00e4: 10 x henkari Huomautukset:V\u00e4lt\u00e4 ripustimien pitk\u00e4aikaista s\u00e4ilytyst\u00e4 korkeissa l\u00e4mp\u00f6tiloissa tai kosteissa tiloissa. N\u00e4in v\u00e4lt\u00e4t homeen, lakan irtoamisen ja ruostumisen. Puhdista pinta pyyhkim\u00e4ll\u00e4 se kevyesti kostealla liinalla. V\u00e4lt\u00e4 ripustamasta m\u00e4rki\u00e4 vaatteita suoraan ripustimille.<\/p>\n","protected":false},"excerpt":{"rendered":"<p>SONGMICS henkarit, 10 kpl, reunat, liukumatonta poikkipalkkia, 360\u00b0k\u00e4\u00e4nnett\u00e4v\u00e4 koukku, CRW001-10, puu, luonnonv\u00e4ri, 10<\/p>\n","protected":false},"featured_media":39439,"comment_status":"open","ping_status":"closed","template":"","meta":[],"product_brand":[],"product_cat":[32],"product_tag":[],"class_list":{"0":"post-30040","1":"product","2":"type-product","3":"status-publish","4":"has-post-thumbnail","6":"product_cat-uncategorized-fi","8":"first","9":"instock","10":"shipping-taxable","11":"purchasable","12":"product-type-simple"},"_links":{"self":[{"href":"https:\/\/nordicmart.andreevmaster.com\/fi\/wp-json\/wp\/v2\/product\/30040","targetHints":{"allow":["GET"]}}],"collection":[{"href":"https:\/\/nordicmart.andreevmaster.com\/fi\/wp-json\/wp\/v2\/product"}],"about":[{"href":"https:\/\/nordicmart.andreevmaster.com\/fi\/wp-json\/wp\/v2\/types\/product"}],"replies":[{"embeddable":true,"href":"https:\/\/nordicmart.andreevmaster.com\/fi\/wp-json\/wp\/v2\/comments?post=30040"}],"wp:featuredmedia":[{"embeddable":true,"href":"https:\/\/nordicmart.andreevmaster.com\/fi\/wp-json\/wp\/v2\/media\/39439"}],"wp:attachment":[{"href":"https:\/\/nordicmart.andreevmaster.com\/fi\/wp-json\/wp\/v2\/media?parent=30040"}],"wp:term":[{"taxonomy":"product_brand","embeddable":true,"href":"https:\/\/nordicmart.andreevmaster.com\/fi\/wp-json\/wp\/v2\/product_brand?post=30040"},{"taxonomy":"product_cat","embeddable":true,"href":"https:\/\/nordicmart.andreevmaster.com\/fi\/wp-json\/wp\/v2\/product_cat?post=30040"},{"taxonomy":"product_tag","embeddable":true,"href":"https:\/\/nordicmart.andreevmaster.com\/fi\/wp-json\/wp\/v2\/product_tag?post=30040"}],"curies":[{"name":"wp","href":"https:\/\/api.w.org\/{rel}","templated":true}]}}