{"id":30039,"date":"2026-02-27T00:08:43","date_gmt":"2026-02-27T00:08:43","guid":{"rendered":"https:\/\/nordicmart.andreevmaster.com\/product\/songmics-vaatehenkari-jossa-on-erityisen-leveat-olkapaat\/"},"modified":"2026-02-27T09:32:39","modified_gmt":"2026-02-27T09:32:39","slug":"songmics-vaatehenkari-jossa-on-erityisen-leveat-olkapaat","status":"publish","type":"product","link":"https:\/\/nordicmart.andreevmaster.com\/fi\/tuote\/songmics-vaatehenkari-jossa-on-erityisen-leveat-olkapaat\/","title":{"rendered":"SONGMICS-vaatehenkari, jossa on erityisen leve\u00e4t olkap\u00e4\u00e4t"},"content":{"rendered":"<p>Pit\u00e4\u00e4k\u00f6 sinun ostaa uusi puku, koska edellinen on menett\u00e4nyt muotonsa v\u00e4\u00e4r\u00e4nlaisen s\u00e4ilytyksen vuoksi? T\u00e4llaista ei tapahdu uudelleen, kun k\u00e4yt\u00e4t n\u00e4it\u00e4 SONGMICS-pukuhenkareita. Ergonomisten kaarevien muotojen ja leveiden olkap\u00e4iden ansiosta voit ripustaa puvut huolellisesti n\u00e4ille henkareille. N\u00e4m\u00e4 massiivipuusta valmistetut henkarit ovat miellytt\u00e4v\u00e4n sile\u00e4pintaisia, ja ne on huolellisesti kiillotettu ja lakattu. Ne ovat my\u00f6s eritt\u00e4in kest\u00e4vi\u00e4 ja pitk\u00e4ik\u00e4isi\u00e4. K\u00e4tev\u00e4 apuv\u00e4line korkealaatuisten pukujen s\u00e4ilytykseen. Tuotetiedot: &#8211; V\u00e4ri: valkoinen &#8211; Materiaali: massiivipuu (Schima Superba), kromattu koukku &#8211; Koko per henkari: 44 x 5,5 x 23 cm (P x L x K) &#8211; Kokonaispaino: 1,4 kg &#8211; Maks. staattinen kantavuus per henkari: 5 kg Toimitus sis\u00e4lt\u00e4\u00e4: &#8211; 6 x puinen pukuhenkari SONGMICS Huomautukset:- \u00c4l\u00e4 k\u00e4yt\u00e4 henkareita pitk\u00e4\u00e4n korkeassa l\u00e4mp\u00f6tilassa tai kosteassa ymp\u00e4rist\u00f6ss\u00e4, jotta v\u00e4lt\u00e4t vaurioita, kuten lakan irtoamisen. &#8211; \u00c4l\u00e4 ripusta m\u00e4rki\u00e4 vaatteita henkareille. &#8211; Puhdista henkarit kostealla liinalla. Tuotekuvaus<\/p>\n","protected":false},"excerpt":{"rendered":"<p>SONGMICS pukuhenkari, 6 kpl:n sarja, massiivipuusta valmistetut henkarit, erityisen leve\u00e4t olkap\u00e4\u00e4t, luistamattomat, paitoihin, takkeihin, jakkeihin, housuihin, pukuihin, 360\u00b0 k\u00e4\u00e4ntyv\u00e4 koukku, tumma p\u00e4hkin\u00e4puun v\u00e4ri CRSH06V<\/p>\n","protected":false},"featured_media":39438,"comment_status":"open","ping_status":"closed","template":"","meta":[],"product_brand":[],"product_cat":[32],"product_tag":[],"class_list":{"0":"post-30039","1":"product","2":"type-product","3":"status-publish","4":"has-post-thumbnail","6":"product_cat-uncategorized-fi","8":"first","9":"instock","10":"shipping-taxable","11":"purchasable","12":"product-type-simple"},"_links":{"self":[{"href":"https:\/\/nordicmart.andreevmaster.com\/fi\/wp-json\/wp\/v2\/product\/30039","targetHints":{"allow":["GET"]}}],"collection":[{"href":"https:\/\/nordicmart.andreevmaster.com\/fi\/wp-json\/wp\/v2\/product"}],"about":[{"href":"https:\/\/nordicmart.andreevmaster.com\/fi\/wp-json\/wp\/v2\/types\/product"}],"replies":[{"embeddable":true,"href":"https:\/\/nordicmart.andreevmaster.com\/fi\/wp-json\/wp\/v2\/comments?post=30039"}],"wp:featuredmedia":[{"embeddable":true,"href":"https:\/\/nordicmart.andreevmaster.com\/fi\/wp-json\/wp\/v2\/media\/39438"}],"wp:attachment":[{"href":"https:\/\/nordicmart.andreevmaster.com\/fi\/wp-json\/wp\/v2\/media?parent=30039"}],"wp:term":[{"taxonomy":"product_brand","embeddable":true,"href":"https:\/\/nordicmart.andreevmaster.com\/fi\/wp-json\/wp\/v2\/product_brand?post=30039"},{"taxonomy":"product_cat","embeddable":true,"href":"https:\/\/nordicmart.andreevmaster.com\/fi\/wp-json\/wp\/v2\/product_cat?post=30039"},{"taxonomy":"product_tag","embeddable":true,"href":"https:\/\/nordicmart.andreevmaster.com\/fi\/wp-json\/wp\/v2\/product_tag?post=30039"}],"curies":[{"name":"wp","href":"https:\/\/api.w.org\/{rel}","templated":true}]}}