{"id":30034,"date":"2026-02-27T00:08:42","date_gmt":"2026-02-27T00:08:42","guid":{"rendered":"https:\/\/nordicmart.andreevmaster.com\/product\/songmics-ohut-muovinen-henkari-50-kpl-valkoinen\/"},"modified":"2026-02-27T09:32:39","modified_gmt":"2026-02-27T09:32:39","slug":"songmics-ohut-muovinen-henkari-50-kpl-valkoinen","status":"publish","type":"product","link":"https:\/\/nordicmart.andreevmaster.com\/fi\/tuote\/songmics-ohut-muovinen-henkari-50-kpl-valkoinen\/","title":{"rendered":"SONGMICS ohut muovinen henkari, 50 kpl, valkoinen"},"content":{"rendered":"<p>Ulkopuolella kuivattamiseen ja kaapin j\u00e4rjest\u00e4miseen. ABS-muovista valmistetut henkarit ovat ihanteellisia m\u00e4rkien vaatteiden ripustamiseen. Voit k\u00e4ytt\u00e4\u00e4 henkareita my\u00f6s vaatekaapissasi, jotta vaatekaappi pysyy siistin\u00e4 ja selke\u00e4n\u00e4.Tuotetiedot: V\u00e4ri: valkoinen Materiaali: ABS-muovi Mitat per henkari: 45 x 22 x 0,5 (L x K x S) Paino per henkari: 83 g Maks. kantavuus per henkari: 5 kg Toimitus sis\u00e4lt\u00e4\u00e4: 50 x henkari<\/p>\n","protected":false},"excerpt":{"rendered":"<p>SONGMICS muoviset henkarit, 50 kpl, kest\u00e4v\u00e4, pukuhenkari liukumattomilla kumip\u00e4\u00e4dyill\u00e4, ohut, tilaa s\u00e4\u00e4st\u00e4v\u00e4, takkipenkki 360\u00b0 k\u00e4\u00e4ntyv\u00e4ll\u00e4 koukulla, musta CRP50B<\/p>\n","protected":false},"featured_media":39434,"comment_status":"open","ping_status":"closed","template":"","meta":[],"product_brand":[],"product_cat":[32],"product_tag":[],"class_list":{"0":"post-30034","1":"product","2":"type-product","3":"status-publish","4":"has-post-thumbnail","6":"product_cat-uncategorized-fi","8":"first","9":"instock","10":"shipping-taxable","11":"purchasable","12":"product-type-simple"},"_links":{"self":[{"href":"https:\/\/nordicmart.andreevmaster.com\/fi\/wp-json\/wp\/v2\/product\/30034","targetHints":{"allow":["GET"]}}],"collection":[{"href":"https:\/\/nordicmart.andreevmaster.com\/fi\/wp-json\/wp\/v2\/product"}],"about":[{"href":"https:\/\/nordicmart.andreevmaster.com\/fi\/wp-json\/wp\/v2\/types\/product"}],"replies":[{"embeddable":true,"href":"https:\/\/nordicmart.andreevmaster.com\/fi\/wp-json\/wp\/v2\/comments?post=30034"}],"wp:featuredmedia":[{"embeddable":true,"href":"https:\/\/nordicmart.andreevmaster.com\/fi\/wp-json\/wp\/v2\/media\/39434"}],"wp:attachment":[{"href":"https:\/\/nordicmart.andreevmaster.com\/fi\/wp-json\/wp\/v2\/media?parent=30034"}],"wp:term":[{"taxonomy":"product_brand","embeddable":true,"href":"https:\/\/nordicmart.andreevmaster.com\/fi\/wp-json\/wp\/v2\/product_brand?post=30034"},{"taxonomy":"product_cat","embeddable":true,"href":"https:\/\/nordicmart.andreevmaster.com\/fi\/wp-json\/wp\/v2\/product_cat?post=30034"},{"taxonomy":"product_tag","embeddable":true,"href":"https:\/\/nordicmart.andreevmaster.com\/fi\/wp-json\/wp\/v2\/product_tag?post=30034"}],"curies":[{"name":"wp","href":"https:\/\/api.w.org\/{rel}","templated":true}]}}