{"id":30033,"date":"2026-02-27T00:08:42","date_gmt":"2026-02-27T00:08:42","guid":{"rendered":"https:\/\/nordicmart.andreevmaster.com\/product\/songmics-muovihenkari-50-kpl-harmaa\/"},"modified":"2026-02-27T09:32:38","modified_gmt":"2026-02-27T09:32:38","slug":"songmics-muovihenkari-50-kpl-harmaa","status":"publish","type":"product","link":"https:\/\/nordicmart.andreevmaster.com\/fi\/tuote\/songmics-muovihenkari-50-kpl-harmaa\/","title":{"rendered":"SONGMICS muovihenkari 50 kpl harmaa"},"content":{"rendered":"<p>Onko vaatekaapissasi valtava vaatevuori? Etsitk\u00f6 joka p\u00e4iv\u00e4 vaivalloisesti ja aikaa viev\u00e4sti sopivaa vaatekappaletta? \u00c4rsytt\u00e4v\u00e4tk\u00f6 vaatteidesi rypyt? Sitten sinun kannattaa k\u00e4ytt\u00e4\u00e4 SONGMICS:n muovisia vaatehenkareita! Ne auttavat sinua ratkaisemaan edell\u00e4 mainitut ongelmat ja t\u00e4ytt\u00e4v\u00e4t yksinkertaisesta muotoilustaan huolimatta kaikki tarpeesi: pyyhkeist\u00e4 ja huiveista housuihin, paitoihin ja hameisiin, tuulitakkeihin, villatakkeihin tai talvitakkeihin \u2013 erilaiset vaatteet voidaan ripustaa ja ottaa pois henkareista helposti. SONGMICS-vaatehenkareiden sarja on k\u00e4yt\u00e4nn\u00f6llinen apuv\u00e4line j\u00e4rjestyksen yll\u00e4pit\u00e4miseen.Ulkopuolella kuivattamiseen ja kaapin j\u00e4rjest\u00e4miseen. ABS-muovista valmistetut henkarit ovat ihanteellisia m\u00e4rkien vaatteiden ripustamiseen. Voit my\u00f6s k\u00e4ytt\u00e4\u00e4 henkareita vaatekaapissasi, jotta se pysyy siistin\u00e4 ja selke\u00e4n\u00e4.Tuotetiedot: V\u00e4ri: harmaa Materiaali: ABS-muovi Mitat per henkari: 45 x 22 x 0,5 cm (L x K x S) Paino per henkari: 83 g Maks. kantavuus per henkari: 5 kg Toimitus sis\u00e4lt\u00e4\u00e4: 50 x henkari<\/p>\n","protected":false},"excerpt":{"rendered":"<p>SONGMICS muoviset henkarit, 50 kpl, kest\u00e4v\u00e4, pukuhenkari liukumattomilla kumip\u00e4\u00e4dyill\u00e4, ohut, tilaa s\u00e4\u00e4st\u00e4v\u00e4, takkipenkki 360\u00b0 k\u00e4\u00e4ntyv\u00e4ll\u00e4 koukulla, musta CRP50B<\/p>\n","protected":false},"featured_media":39433,"comment_status":"open","ping_status":"closed","template":"","meta":[],"product_brand":[],"product_cat":[32],"product_tag":[],"class_list":{"0":"post-30033","1":"product","2":"type-product","3":"status-publish","4":"has-post-thumbnail","6":"product_cat-uncategorized-fi","8":"first","9":"instock","10":"shipping-taxable","11":"purchasable","12":"product-type-simple"},"_links":{"self":[{"href":"https:\/\/nordicmart.andreevmaster.com\/fi\/wp-json\/wp\/v2\/product\/30033","targetHints":{"allow":["GET"]}}],"collection":[{"href":"https:\/\/nordicmart.andreevmaster.com\/fi\/wp-json\/wp\/v2\/product"}],"about":[{"href":"https:\/\/nordicmart.andreevmaster.com\/fi\/wp-json\/wp\/v2\/types\/product"}],"replies":[{"embeddable":true,"href":"https:\/\/nordicmart.andreevmaster.com\/fi\/wp-json\/wp\/v2\/comments?post=30033"}],"wp:featuredmedia":[{"embeddable":true,"href":"https:\/\/nordicmart.andreevmaster.com\/fi\/wp-json\/wp\/v2\/media\/39433"}],"wp:attachment":[{"href":"https:\/\/nordicmart.andreevmaster.com\/fi\/wp-json\/wp\/v2\/media?parent=30033"}],"wp:term":[{"taxonomy":"product_brand","embeddable":true,"href":"https:\/\/nordicmart.andreevmaster.com\/fi\/wp-json\/wp\/v2\/product_brand?post=30033"},{"taxonomy":"product_cat","embeddable":true,"href":"https:\/\/nordicmart.andreevmaster.com\/fi\/wp-json\/wp\/v2\/product_cat?post=30033"},{"taxonomy":"product_tag","embeddable":true,"href":"https:\/\/nordicmart.andreevmaster.com\/fi\/wp-json\/wp\/v2\/product_tag?post=30033"}],"curies":[{"name":"wp","href":"https:\/\/api.w.org\/{rel}","templated":true}]}}