{"id":30032,"date":"2026-02-27T00:08:41","date_gmt":"2026-02-27T00:08:41","guid":{"rendered":"https:\/\/nordicmart.andreevmaster.com\/product\/songmics-ohut-muovinen-henkari-50-kpl-musta\/"},"modified":"2026-02-27T09:32:38","modified_gmt":"2026-02-27T09:32:38","slug":"songmics-ohut-muovinen-henkari-50-kpl-musta","status":"publish","type":"product","link":"https:\/\/nordicmart.andreevmaster.com\/fi\/tuote\/songmics-ohut-muovinen-henkari-50-kpl-musta\/","title":{"rendered":"SONGMICS ohut muovinen henkari 50 kpl musta"},"content":{"rendered":"<p>Ulkopuolella kuivattamiseen ja vaatekaapin j\u00e4rjest\u00e4miseen. ABS-muovista valmistetut henkarit ovat ihanteellisia m\u00e4rkien vaatteiden ripustamiseen. Henkareita voi k\u00e4ytt\u00e4\u00e4 my\u00f6s vaatekaapissa, jotta vaatteet pysyv\u00e4t siistin\u00e4 ja j\u00e4rjestyksess\u00e4.Tuotetiedot: V\u00e4ri: musta Materiaali: ABS-muovi Mitat per henkari: 45 x 22 x 0,5 cm (L x K x S) Paino per henkari: 83 g Maks. kantavuus per henkari: 5 kg Toimitus sis\u00e4lt\u00e4\u00e4: 50 x henkari<\/p>\n","protected":false},"excerpt":{"rendered":"<p>SONGMICS muoviset henkarit, 50 kpl, kest\u00e4v\u00e4, pukuhenkari liukumattomilla kumip\u00e4\u00e4dyill\u00e4, ohut, tilaa s\u00e4\u00e4st\u00e4v\u00e4, takkipenkki 360\u00b0 k\u00e4\u00e4ntyv\u00e4ll\u00e4 koukulla, musta CRP50B<\/p>\n","protected":false},"featured_media":39432,"comment_status":"open","ping_status":"closed","template":"","meta":[],"product_brand":[],"product_cat":[32],"product_tag":[],"class_list":{"0":"post-30032","1":"product","2":"type-product","3":"status-publish","4":"has-post-thumbnail","6":"product_cat-uncategorized-fi","8":"first","9":"instock","10":"shipping-taxable","11":"purchasable","12":"product-type-simple"},"_links":{"self":[{"href":"https:\/\/nordicmart.andreevmaster.com\/fi\/wp-json\/wp\/v2\/product\/30032","targetHints":{"allow":["GET"]}}],"collection":[{"href":"https:\/\/nordicmart.andreevmaster.com\/fi\/wp-json\/wp\/v2\/product"}],"about":[{"href":"https:\/\/nordicmart.andreevmaster.com\/fi\/wp-json\/wp\/v2\/types\/product"}],"replies":[{"embeddable":true,"href":"https:\/\/nordicmart.andreevmaster.com\/fi\/wp-json\/wp\/v2\/comments?post=30032"}],"wp:featuredmedia":[{"embeddable":true,"href":"https:\/\/nordicmart.andreevmaster.com\/fi\/wp-json\/wp\/v2\/media\/39432"}],"wp:attachment":[{"href":"https:\/\/nordicmart.andreevmaster.com\/fi\/wp-json\/wp\/v2\/media?parent=30032"}],"wp:term":[{"taxonomy":"product_brand","embeddable":true,"href":"https:\/\/nordicmart.andreevmaster.com\/fi\/wp-json\/wp\/v2\/product_brand?post=30032"},{"taxonomy":"product_cat","embeddable":true,"href":"https:\/\/nordicmart.andreevmaster.com\/fi\/wp-json\/wp\/v2\/product_cat?post=30032"},{"taxonomy":"product_tag","embeddable":true,"href":"https:\/\/nordicmart.andreevmaster.com\/fi\/wp-json\/wp\/v2\/product_tag?post=30032"}],"curies":[{"name":"wp","href":"https:\/\/api.w.org\/{rel}","templated":true}]}}