{"id":30031,"date":"2026-02-27T00:08:41","date_gmt":"2026-02-27T00:08:41","guid":{"rendered":"https:\/\/nordicmart.andreevmaster.com\/product\/songmics-vaatehenkari-20-kpln-sarja\/"},"modified":"2026-02-27T09:32:38","modified_gmt":"2026-02-27T09:32:38","slug":"songmics-vaatehenkari-20-kpln-sarja","status":"publish","type":"product","link":"https:\/\/nordicmart.andreevmaster.com\/fi\/tuote\/songmics-vaatehenkari-20-kpln-sarja\/","title":{"rendered":"SONGMICS-vaatehenkari 20 kpl:n sarja"},"content":{"rendered":"<p>Katsaus vaatekaappiin: Onko vaatekaappisi joskus n\u00e4ytt\u00e4nyt silt\u00e4, kuin pommi olisi osunut siihen? N\u00e4m\u00e4 20 ohutta henkaria auttavat sinua saamaan vaatekaappisi kuntoon, jotta voit jatkossa nauttia siististi ripustetuista vaatteista.   Luistamaton, kolhiintumaton: Kiitos kaksoisluistamattomien nauhojen olkap\u00e4\u00e4alueella ja housujen kiinnityskohdassa, takit, liivit tai housut eiv\u00e4t en\u00e4\u00e4 putoa vaatekaapin pohjalle eiv\u00e4tk\u00e4 kolhiinnu.   Ohut, tilaa s\u00e4\u00e4st\u00e4v\u00e4, vakaa: Henkarit ovat vain 0,5 cm paksuja, joten ne viev\u00e4t vain v\u00e4h\u00e4n tilaa vaatekaapissasi. Siit\u00e4 huolimatta ne ovat eritt\u00e4in kest\u00e4vi\u00e4, muodoltaan vakaita ja kest\u00e4v\u00e4t my\u00f6s painavia vaatekappaleita.   Tuotetiedot: &#8211; V\u00e4ri: harmaa &#8211; Materiaali: ABS-muovi, metalli &#8211; Koko per henkari: 42 x 0,5 x 21,5 cm (P x L x K) &#8211; Paino per henkari: 80 g &#8211; Maks. staattinen kantavuus per henkari: 5 kg Toimitus sis\u00e4lt\u00e4\u00e4: &#8211; 20 x SONGMICS-vaatehenkari Huomautukset:- \u00c4l\u00e4 k\u00e4yt\u00e4 henkareita korkeissa l\u00e4mp\u00f6tiloissa. &#8211; Ei sovellu pesukoneeseen tai kuivausrumpuun.<\/p>\n","protected":false},"excerpt":{"rendered":"<p>SONGMICS vaateripustimet, 20 kpl pukuhenkareita, litte\u00e4t ripustimet 360\u00b0 k\u00e4\u00e4ntyvill\u00e4 koukkuilla, kaksinkertainen liukumisenesto, eritt\u00e4in kest\u00e4v\u00e4, pukuihin, paitoihin, takkeihin, vaatteisiin, harmaa CRP44G<\/p>\n","protected":false},"featured_media":39431,"comment_status":"open","ping_status":"closed","template":"","meta":[],"product_brand":[],"product_cat":[32],"product_tag":[],"class_list":{"0":"post-30031","1":"product","2":"type-product","3":"status-publish","4":"has-post-thumbnail","6":"product_cat-uncategorized-fi","8":"first","9":"instock","10":"shipping-taxable","11":"purchasable","12":"product-type-simple"},"_links":{"self":[{"href":"https:\/\/nordicmart.andreevmaster.com\/fi\/wp-json\/wp\/v2\/product\/30031","targetHints":{"allow":["GET"]}}],"collection":[{"href":"https:\/\/nordicmart.andreevmaster.com\/fi\/wp-json\/wp\/v2\/product"}],"about":[{"href":"https:\/\/nordicmart.andreevmaster.com\/fi\/wp-json\/wp\/v2\/types\/product"}],"replies":[{"embeddable":true,"href":"https:\/\/nordicmart.andreevmaster.com\/fi\/wp-json\/wp\/v2\/comments?post=30031"}],"wp:featuredmedia":[{"embeddable":true,"href":"https:\/\/nordicmart.andreevmaster.com\/fi\/wp-json\/wp\/v2\/media\/39431"}],"wp:attachment":[{"href":"https:\/\/nordicmart.andreevmaster.com\/fi\/wp-json\/wp\/v2\/media?parent=30031"}],"wp:term":[{"taxonomy":"product_brand","embeddable":true,"href":"https:\/\/nordicmart.andreevmaster.com\/fi\/wp-json\/wp\/v2\/product_brand?post=30031"},{"taxonomy":"product_cat","embeddable":true,"href":"https:\/\/nordicmart.andreevmaster.com\/fi\/wp-json\/wp\/v2\/product_cat?post=30031"},{"taxonomy":"product_tag","embeddable":true,"href":"https:\/\/nordicmart.andreevmaster.com\/fi\/wp-json\/wp\/v2\/product_tag?post=30031"}],"curies":[{"name":"wp","href":"https:\/\/api.w.org\/{rel}","templated":true}]}}