{"id":30030,"date":"2026-02-27T00:08:41","date_gmt":"2026-02-27T00:08:41","guid":{"rendered":"https:\/\/nordicmart.andreevmaster.com\/product\/songmics-vaatehenkari-30-kpl\/"},"modified":"2026-02-27T09:32:38","modified_gmt":"2026-02-27T09:32:38","slug":"songmics-vaatehenkari-30-kpl","status":"publish","type":"product","link":"https:\/\/nordicmart.andreevmaster.com\/fi\/tuote\/songmics-vaatehenkari-30-kpl\/","title":{"rendered":"SONGMICS-vaatehenkari, 30 kpl"},"content":{"rendered":"<p>Pelk\u00e4\u00e4tk\u00f6, ett\u00e4 T-paitojesi kaulukset venyv\u00e4t, kun ripustat ne henkarille? Oletko kyll\u00e4stynyt siihen, ett\u00e4 vaatteesi putoavat jatkuvasti henkarilta ja joudut ripustamaan ne uudelleen? Haluatko tuoda vaatekaappiisi iloisen v\u00e4ripilkun?<\/p>\n<p>Sitten n\u00e4m\u00e4 roosakultaiset henkarit koukulla on suunniteltu juuri sinulle! Tyylik\u00e4s ulkon\u00e4k\u00f6 ja ensiluokkainen laatu \u2013 vaatekaappisi tarvitsee n\u00e4m\u00e4 henkarit!<br \/>\nTuotetiedot:<br \/>\nV\u00e4ri: harmaa, roosakultaiset koukut<br \/>\nMateriaali: ABS-muovi, metallikoukku<br \/>\nKoko: 41,5 x 0,5 x 22,5 cm (P x L x K)<br \/>\nPaino per henkari: 86 g<br \/>\nHenkarin maks. staattinen kantavuus: 5 kg<\/p>\n<p>Toimitus sis\u00e4lt\u00e4\u00e4:<br \/>\n30 x vaateripustin<\/p>\n<p>SONGMICS Huomautukset:<br \/>\n\u00c4l\u00e4 ripusta liian painavia esineit\u00e4 tai vaatteita henkareille.<br \/>\n\u00c4l\u00e4 k\u00e4yt\u00e4 n\u00e4it\u00e4 henkareita kannettavassa kuivausrummussa.<\/p>\n","protected":false},"excerpt":{"rendered":"<p>SONGMICS-vaatehenkari 30 kpl, muovinen pukuhenkari, korkealaatuinen, S-muotoinen aukko, luistamaton, tilaa s\u00e4\u00e4st\u00e4v\u00e4, paksuus 0,5 cm, ros\u00e9gold-koukku 360\u00b0 k\u00e4\u00e4ntyv\u00e4, leveys 41,5 cm, harmaa CRP43G30<\/p>\n","protected":false},"featured_media":39430,"comment_status":"open","ping_status":"closed","template":"","meta":[],"product_brand":[],"product_cat":[32],"product_tag":[],"class_list":{"0":"post-30030","1":"product","2":"type-product","3":"status-publish","4":"has-post-thumbnail","6":"product_cat-uncategorized-fi","8":"first","9":"instock","10":"shipping-taxable","11":"purchasable","12":"product-type-simple"},"_links":{"self":[{"href":"https:\/\/nordicmart.andreevmaster.com\/fi\/wp-json\/wp\/v2\/product\/30030","targetHints":{"allow":["GET"]}}],"collection":[{"href":"https:\/\/nordicmart.andreevmaster.com\/fi\/wp-json\/wp\/v2\/product"}],"about":[{"href":"https:\/\/nordicmart.andreevmaster.com\/fi\/wp-json\/wp\/v2\/types\/product"}],"replies":[{"embeddable":true,"href":"https:\/\/nordicmart.andreevmaster.com\/fi\/wp-json\/wp\/v2\/comments?post=30030"}],"wp:featuredmedia":[{"embeddable":true,"href":"https:\/\/nordicmart.andreevmaster.com\/fi\/wp-json\/wp\/v2\/media\/39430"}],"wp:attachment":[{"href":"https:\/\/nordicmart.andreevmaster.com\/fi\/wp-json\/wp\/v2\/media?parent=30030"}],"wp:term":[{"taxonomy":"product_brand","embeddable":true,"href":"https:\/\/nordicmart.andreevmaster.com\/fi\/wp-json\/wp\/v2\/product_brand?post=30030"},{"taxonomy":"product_cat","embeddable":true,"href":"https:\/\/nordicmart.andreevmaster.com\/fi\/wp-json\/wp\/v2\/product_cat?post=30030"},{"taxonomy":"product_tag","embeddable":true,"href":"https:\/\/nordicmart.andreevmaster.com\/fi\/wp-json\/wp\/v2\/product_tag?post=30030"}],"curies":[{"name":"wp","href":"https:\/\/api.w.org\/{rel}","templated":true}]}}