{"id":30029,"date":"2026-02-27T00:08:41","date_gmt":"2026-02-27T00:08:41","guid":{"rendered":"https:\/\/nordicmart.andreevmaster.com\/product\/songmics-muovihenkari-20-kpl-valkoinen\/"},"modified":"2026-02-27T09:32:38","modified_gmt":"2026-02-27T09:32:38","slug":"songmics-muovihenkari-20-kpl-valkoinen","status":"publish","type":"product","link":"https:\/\/nordicmart.andreevmaster.com\/fi\/tuote\/songmics-muovihenkari-20-kpl-valkoinen\/","title":{"rendered":"SONGMICS muovihenkari 20 kpl valkoinen"},"content":{"rendered":"<p>Songmics on t\u00e4ysin sitoutunut tarjoamaan parempia ja laadukkaampia henkareita. Pyrimme jatkuvasti ratkaisemaan kaikenlaisten vaatteiden s\u00e4ilytysongelmat. Pyrimme jatkuvasti parantamaan tuotetta ehdotustenne perusteella.Pyrimme aina k\u00e4ytt\u00e4m\u00e4\u00e4n korkealaatuisia materiaaleja parhaan laadun takaamiseksi. Pyrimme aina siihen, ett\u00e4 jokainen l\u00f6yt\u00e4\u00e4 Songmicsist\u00e4 sopivat vaatehenkat. Songmics-vaatehenkat seuraavat sinua joka puolelle kotia. Tuotetiedot: V\u00e4ri: Valkoinen Materiaali: ABS-muovi Kunkin henkarin mitat: 41,5 x 22,5 x 0,5 cm (L x K x S) Kunkin henkarin paino: 86 g Kunkin henkarin enimm\u00e4iskuormitus: 5 kg Toimitus sis\u00e4lt\u00e4\u00e4: 20 x henkari SONGMICS Huomautukset: Pid\u00e4 henkarit poissa syttymisl\u00e4hteist\u00e4.\u00c4l\u00e4 k\u00e4yt\u00e4 henkareita korkean l\u00e4mp\u00f6tilan tiloissa. \u00c4l\u00e4 ripusta liian painavia esineit\u00e4 tai vaatteita henkareille. \u00c4l\u00e4 k\u00e4yt\u00e4 n\u00e4it\u00e4 henkareita kannettavassa kuivausrummussa.<\/p>\n","protected":false},"excerpt":{"rendered":"<p>SONGMICS vaatekoukut, 20 kpl, luistamattomat, premium-laatu, kest\u00e4v\u00e4t ja ohuet, paksuus 0,5 cm, tilaa s\u00e4\u00e4st\u00e4v\u00e4t, S-muotoinen aukko, vahva korkealaatuinen muovi, leveys 41,5 cm, valkoinen CRP41W<\/p>\n","protected":false},"featured_media":39429,"comment_status":"open","ping_status":"closed","template":"","meta":[],"product_brand":[],"product_cat":[32],"product_tag":[],"class_list":{"0":"post-30029","1":"product","2":"type-product","3":"status-publish","4":"has-post-thumbnail","6":"product_cat-uncategorized-fi","8":"first","9":"instock","10":"shipping-taxable","11":"purchasable","12":"product-type-simple"},"_links":{"self":[{"href":"https:\/\/nordicmart.andreevmaster.com\/fi\/wp-json\/wp\/v2\/product\/30029","targetHints":{"allow":["GET"]}}],"collection":[{"href":"https:\/\/nordicmart.andreevmaster.com\/fi\/wp-json\/wp\/v2\/product"}],"about":[{"href":"https:\/\/nordicmart.andreevmaster.com\/fi\/wp-json\/wp\/v2\/types\/product"}],"replies":[{"embeddable":true,"href":"https:\/\/nordicmart.andreevmaster.com\/fi\/wp-json\/wp\/v2\/comments?post=30029"}],"wp:featuredmedia":[{"embeddable":true,"href":"https:\/\/nordicmart.andreevmaster.com\/fi\/wp-json\/wp\/v2\/media\/39429"}],"wp:attachment":[{"href":"https:\/\/nordicmart.andreevmaster.com\/fi\/wp-json\/wp\/v2\/media?parent=30029"}],"wp:term":[{"taxonomy":"product_brand","embeddable":true,"href":"https:\/\/nordicmart.andreevmaster.com\/fi\/wp-json\/wp\/v2\/product_brand?post=30029"},{"taxonomy":"product_cat","embeddable":true,"href":"https:\/\/nordicmart.andreevmaster.com\/fi\/wp-json\/wp\/v2\/product_cat?post=30029"},{"taxonomy":"product_tag","embeddable":true,"href":"https:\/\/nordicmart.andreevmaster.com\/fi\/wp-json\/wp\/v2\/product_tag?post=30029"}],"curies":[{"name":"wp","href":"https:\/\/api.w.org\/{rel}","templated":true}]}}