{"id":30028,"date":"2026-02-27T00:08:41","date_gmt":"2026-02-27T00:08:41","guid":{"rendered":"https:\/\/nordicmart.andreevmaster.com\/product\/songmics-muoviset-henkarit-20-kpl-siniset\/"},"modified":"2026-02-27T09:32:38","modified_gmt":"2026-02-27T09:32:38","slug":"songmics-muoviset-henkarit-20-kpl-siniset","status":"publish","type":"product","link":"https:\/\/nordicmart.andreevmaster.com\/fi\/tuote\/songmics-muoviset-henkarit-20-kpl-siniset\/","title":{"rendered":"SONGMICS muoviset henkarit, 20 kpl, siniset"},"content":{"rendered":"<p>Haluatko luoda tilaa ja j\u00e4rjestyst\u00e4 vaatekaappiisi? Kun olet ottanut Songmics-vaatehenkareita k\u00e4ytt\u00f6\u00f6n, tulet yll\u00e4ttym\u00e4\u00e4n siit\u00e4, kuinka paljon tilaa voit saada. Tuotetiedot: Mitat: 41,5 x 22,5 x 0,5 cm (L x K x S) Materiaali: ABS + TPE + ruostumaton ter\u00e4s V\u00e4ri: harmaa-sininen Toimitus sis\u00e4lt\u00e4\u00e4: 20 x vaatehenkari<\/p>\n","protected":false},"excerpt":{"rendered":"<p>SONGMICS vaatekoukut, 20 kpl, luistamattomat, premium-laatu, kest\u00e4v\u00e4t ja ohuet, paksuus 0,5 cm, tilaa s\u00e4\u00e4st\u00e4v\u00e4t, S-muotoinen aukko, vahva korkealaatuinen muovi, leveys 41,5 cm, valkoinen CRP41W<\/p>\n","protected":false},"featured_media":39428,"comment_status":"open","ping_status":"closed","template":"","meta":[],"product_brand":[],"product_cat":[32],"product_tag":[],"class_list":{"0":"post-30028","1":"product","2":"type-product","3":"status-publish","4":"has-post-thumbnail","6":"product_cat-uncategorized-fi","8":"first","9":"instock","10":"shipping-taxable","11":"purchasable","12":"product-type-simple"},"_links":{"self":[{"href":"https:\/\/nordicmart.andreevmaster.com\/fi\/wp-json\/wp\/v2\/product\/30028","targetHints":{"allow":["GET"]}}],"collection":[{"href":"https:\/\/nordicmart.andreevmaster.com\/fi\/wp-json\/wp\/v2\/product"}],"about":[{"href":"https:\/\/nordicmart.andreevmaster.com\/fi\/wp-json\/wp\/v2\/types\/product"}],"replies":[{"embeddable":true,"href":"https:\/\/nordicmart.andreevmaster.com\/fi\/wp-json\/wp\/v2\/comments?post=30028"}],"wp:featuredmedia":[{"embeddable":true,"href":"https:\/\/nordicmart.andreevmaster.com\/fi\/wp-json\/wp\/v2\/media\/39428"}],"wp:attachment":[{"href":"https:\/\/nordicmart.andreevmaster.com\/fi\/wp-json\/wp\/v2\/media?parent=30028"}],"wp:term":[{"taxonomy":"product_brand","embeddable":true,"href":"https:\/\/nordicmart.andreevmaster.com\/fi\/wp-json\/wp\/v2\/product_brand?post=30028"},{"taxonomy":"product_cat","embeddable":true,"href":"https:\/\/nordicmart.andreevmaster.com\/fi\/wp-json\/wp\/v2\/product_cat?post=30028"},{"taxonomy":"product_tag","embeddable":true,"href":"https:\/\/nordicmart.andreevmaster.com\/fi\/wp-json\/wp\/v2\/product_tag?post=30028"}],"curies":[{"name":"wp","href":"https:\/\/api.w.org\/{rel}","templated":true}]}}