{"id":30027,"date":"2026-02-27T00:08:41","date_gmt":"2026-02-27T00:08:41","guid":{"rendered":"https:\/\/nordicmart.andreevmaster.com\/product\/songmics-muoviset-henkarit-50-kpl-varilliset\/"},"modified":"2026-02-27T09:32:37","modified_gmt":"2026-02-27T09:32:37","slug":"songmics-muoviset-henkarit-50-kpl-varilliset","status":"publish","type":"product","link":"https:\/\/nordicmart.andreevmaster.com\/fi\/tuote\/songmics-muoviset-henkarit-50-kpl-varilliset\/","title":{"rendered":"SONGMICS muoviset henkarit, 50 kpl, v\u00e4rilliset"},"content":{"rendered":"<p>T\u00e4m\u00e4n henkarin rakenne mahdollistaa useamman kuin yhden vaatekappaleen ripustamisen. Siihen voi ripustaa samanaikaisesti takin\/puseron ja housut, ja kaulaliinat tai solmiot sopivat t\u00e4ydellisesti sen loviin. Lis\u00e4ksi siin\u00e4 on kaksi koukkua hameen silmukoille. N\u00e4in olet varautunut moniin tilanteisiin \u2013 ja kaikki t\u00e4m\u00e4 yhdell\u00e4 henkarilla.Korkealaatuisen materiaalin ansiosta t\u00e4m\u00e4 henkari, jossa on irrotettavat kuminauhat, on tavallista henkaria kest\u00e4v\u00e4mpi ja liukumaton. T\u00e4m\u00e4 Songmics-henkari sopii my\u00f6s erinomaisesti juuri pestyjen vaatteiden ripustamiseen. Tuotetiedot: V\u00e4ri: sininen, harmaa, musta, valkoinen, beige Materiaali: ABS-muovi Koko per henkari: 41,5 x 0,5 x 22,5 cm (P x L x K) Paino per henkari: 86 g Maks. kantavuus per henkari: 5 kg Toimitus sis\u00e4lt\u00e4\u00e4: 50 x muovinen henkari SONGMICS Huomautukset: Pid\u00e4 henkarit poissa l\u00e4mm\u00f6nl\u00e4hteist\u00e4 ja syttymisl\u00e4hteist\u00e4.\u00c4l\u00e4 k\u00e4yt\u00e4 henkareita korkeissa l\u00e4mp\u00f6tiloissa. \u00c4l\u00e4 ripusta liian painavia esineit\u00e4 tai vaatteita henkareille. \u00c4l\u00e4 k\u00e4yt\u00e4 n\u00e4it\u00e4 henkareita kannettavassa kuivausrummussa.<\/p>\n","protected":false},"excerpt":{"rendered":"<p>SONGMICS vaatekoukut, 20 kpl, luistamattomat, premium-laatu, kest\u00e4v\u00e4t ja ohuet, paksuus 0,5 cm, tilaa s\u00e4\u00e4st\u00e4v\u00e4t, S-muotoinen aukko, vahva korkealaatuinen muovi, leveys 41,5 cm, valkoinen CRP41W<\/p>\n","protected":false},"featured_media":39427,"comment_status":"open","ping_status":"closed","template":"","meta":[],"product_brand":[],"product_cat":[32],"product_tag":[],"class_list":{"0":"post-30027","1":"product","2":"type-product","3":"status-publish","4":"has-post-thumbnail","6":"product_cat-uncategorized-fi","8":"first","9":"instock","10":"shipping-taxable","11":"purchasable","12":"product-type-simple"},"_links":{"self":[{"href":"https:\/\/nordicmart.andreevmaster.com\/fi\/wp-json\/wp\/v2\/product\/30027","targetHints":{"allow":["GET"]}}],"collection":[{"href":"https:\/\/nordicmart.andreevmaster.com\/fi\/wp-json\/wp\/v2\/product"}],"about":[{"href":"https:\/\/nordicmart.andreevmaster.com\/fi\/wp-json\/wp\/v2\/types\/product"}],"replies":[{"embeddable":true,"href":"https:\/\/nordicmart.andreevmaster.com\/fi\/wp-json\/wp\/v2\/comments?post=30027"}],"wp:featuredmedia":[{"embeddable":true,"href":"https:\/\/nordicmart.andreevmaster.com\/fi\/wp-json\/wp\/v2\/media\/39427"}],"wp:attachment":[{"href":"https:\/\/nordicmart.andreevmaster.com\/fi\/wp-json\/wp\/v2\/media?parent=30027"}],"wp:term":[{"taxonomy":"product_brand","embeddable":true,"href":"https:\/\/nordicmart.andreevmaster.com\/fi\/wp-json\/wp\/v2\/product_brand?post=30027"},{"taxonomy":"product_cat","embeddable":true,"href":"https:\/\/nordicmart.andreevmaster.com\/fi\/wp-json\/wp\/v2\/product_cat?post=30027"},{"taxonomy":"product_tag","embeddable":true,"href":"https:\/\/nordicmart.andreevmaster.com\/fi\/wp-json\/wp\/v2\/product_tag?post=30027"}],"curies":[{"name":"wp","href":"https:\/\/api.w.org\/{rel}","templated":true}]}}