{"id":30026,"date":"2026-02-27T00:08:40","date_gmt":"2026-02-27T00:08:40","guid":{"rendered":"https:\/\/nordicmart.andreevmaster.com\/product\/songmics-liukumattomat-henkarit-50-kpl-harmaa\/"},"modified":"2026-02-27T09:32:37","modified_gmt":"2026-02-27T09:32:37","slug":"songmics-liukumattomat-henkarit-50-kpl-harmaa","status":"publish","type":"product","link":"https:\/\/nordicmart.andreevmaster.com\/fi\/tuote\/songmics-liukumattomat-henkarit-50-kpl-harmaa\/","title":{"rendered":"SONGMICS liukumattomat henkarit 50 kpl harmaa"},"content":{"rendered":"<p>T\u00e4m\u00e4n henkarin rakenne mahdollistaa useamman kuin yhden vaatekappaleen ripustamisen. Siihen voi ripustaa samanaikaisesti takin\/puseron ja housut, ja sen koloon sopivat t\u00e4ydellisesti huivit tai solmiot. Lis\u00e4ksi siin\u00e4 on kaksi koukkua hameen silmukoille. N\u00e4in ollen olet varautunut moniin tilanteisiin \u2013 ja kaikki t\u00e4m\u00e4 yhdell\u00e4 henkarilla. Korkealaatuisen materiaalin ansiosta t\u00e4m\u00e4 irrotettavilla kuminauhoilla varustettu henkari on tavallista henkaria kest\u00e4v\u00e4mpi ja liukumaton. T\u00e4m\u00e4 Songmics-henkari sopii my\u00f6s erinomaisesti juuri pestyjen vaatteiden ripustamiseen. Tuotetiedot: V\u00e4ri: tummanharmaa Materiaali: ABS-muovi Kunkin henkarin mitat: 41,5 x 22,5 x 0,5 cm (L x K x S) Kunkin henkarin paino: 86 g Kunkin henkarin enimm\u00e4iskuormitus: 5 kg Toimitus sis\u00e4lt\u00e4\u00e4: 50 x henkari SONGMICS Huomautukset: Pid\u00e4 henkarit poissa syttymisl\u00e4hteist\u00e4.\u00c4l\u00e4 k\u00e4yt\u00e4 henkareita korkean l\u00e4mp\u00f6tilan tiloissa. \u00c4l\u00e4 ripusta liian painavia esineit\u00e4 tai vaatteita henkareille. \u00c4l\u00e4 k\u00e4yt\u00e4 n\u00e4it\u00e4 henkareita kannettavassa kuivausrummussa.<\/p>\n","protected":false},"excerpt":{"rendered":"<p>SONGMICS vaatekoukut, 20 kpl, luistamattomat, premium-laatu, kest\u00e4v\u00e4t ja ohuet, paksuus 0,5 cm, tilaa s\u00e4\u00e4st\u00e4v\u00e4t, S-muotoinen aukko, vahva korkealaatuinen muovi, leveys 41,5 cm, valkoinen CRP41W<\/p>\n","protected":false},"featured_media":39426,"comment_status":"open","ping_status":"closed","template":"","meta":[],"product_brand":[],"product_cat":[32],"product_tag":[],"class_list":{"0":"post-30026","1":"product","2":"type-product","3":"status-publish","4":"has-post-thumbnail","6":"product_cat-uncategorized-fi","8":"first","9":"instock","10":"shipping-taxable","11":"purchasable","12":"product-type-simple"},"_links":{"self":[{"href":"https:\/\/nordicmart.andreevmaster.com\/fi\/wp-json\/wp\/v2\/product\/30026","targetHints":{"allow":["GET"]}}],"collection":[{"href":"https:\/\/nordicmart.andreevmaster.com\/fi\/wp-json\/wp\/v2\/product"}],"about":[{"href":"https:\/\/nordicmart.andreevmaster.com\/fi\/wp-json\/wp\/v2\/types\/product"}],"replies":[{"embeddable":true,"href":"https:\/\/nordicmart.andreevmaster.com\/fi\/wp-json\/wp\/v2\/comments?post=30026"}],"wp:featuredmedia":[{"embeddable":true,"href":"https:\/\/nordicmart.andreevmaster.com\/fi\/wp-json\/wp\/v2\/media\/39426"}],"wp:attachment":[{"href":"https:\/\/nordicmart.andreevmaster.com\/fi\/wp-json\/wp\/v2\/media?parent=30026"}],"wp:term":[{"taxonomy":"product_brand","embeddable":true,"href":"https:\/\/nordicmart.andreevmaster.com\/fi\/wp-json\/wp\/v2\/product_brand?post=30026"},{"taxonomy":"product_cat","embeddable":true,"href":"https:\/\/nordicmart.andreevmaster.com\/fi\/wp-json\/wp\/v2\/product_cat?post=30026"},{"taxonomy":"product_tag","embeddable":true,"href":"https:\/\/nordicmart.andreevmaster.com\/fi\/wp-json\/wp\/v2\/product_tag?post=30026"}],"curies":[{"name":"wp","href":"https:\/\/api.w.org\/{rel}","templated":true}]}}