{"id":30025,"date":"2026-02-27T00:08:40","date_gmt":"2026-02-27T00:08:40","guid":{"rendered":"https:\/\/nordicmart.andreevmaster.com\/product\/songmics-henkari-20-kpl-harmaa-muovi\/"},"modified":"2026-02-27T09:32:37","modified_gmt":"2026-02-27T09:32:37","slug":"songmics-henkari-20-kpl-harmaa-muovi","status":"publish","type":"product","link":"https:\/\/nordicmart.andreevmaster.com\/fi\/tuote\/songmics-henkari-20-kpl-harmaa-muovi\/","title":{"rendered":"SONGMICS henkari 20 kpl harmaa muovi"},"content":{"rendered":"<p>Tuotetiedot: V\u00e4ri: tummanharmaa Materiaali: ABS-muovi Kunkin henkarin mitat: 41,5 x 22,5 x 0,5 cm (L x K x S) Kunkin henkarin paino: 86 g Kunkin henkarin enimm\u00e4iskuormitus: 5 kg Toimitus sis\u00e4lt\u00e4\u00e4: 20 x henkari SONGMICS Huomautukset:Pid\u00e4 henkarit poissa syttymisl\u00e4hteist\u00e4. \u00c4l\u00e4 k\u00e4yt\u00e4 henkareita korkean l\u00e4mp\u00f6tilan tiloissa. \u00c4l\u00e4 ripusta liian painavia esineit\u00e4 tai vaatteita henkareille. \u00c4l\u00e4 k\u00e4yt\u00e4 n\u00e4it\u00e4 henkareita kannettavassa kuivausrummussa.<\/p>\n","protected":false},"excerpt":{"rendered":"<p>SONGMICS vaatekoukut, 20 kpl, luistamattomat, premium-laatu, kest\u00e4v\u00e4t ja ohuet, paksuus 0,5 cm, tilaa s\u00e4\u00e4st\u00e4v\u00e4t, S-muotoinen aukko, vahva korkealaatuinen muovi, leveys 41,5 cm, valkoinen CRP41W<\/p>\n","protected":false},"featured_media":39425,"comment_status":"open","ping_status":"closed","template":"","meta":[],"product_brand":[],"product_cat":[32],"product_tag":[],"class_list":{"0":"post-30025","1":"product","2":"type-product","3":"status-publish","4":"has-post-thumbnail","6":"product_cat-uncategorized-fi","8":"first","9":"instock","10":"shipping-taxable","11":"purchasable","12":"product-type-simple"},"_links":{"self":[{"href":"https:\/\/nordicmart.andreevmaster.com\/fi\/wp-json\/wp\/v2\/product\/30025","targetHints":{"allow":["GET"]}}],"collection":[{"href":"https:\/\/nordicmart.andreevmaster.com\/fi\/wp-json\/wp\/v2\/product"}],"about":[{"href":"https:\/\/nordicmart.andreevmaster.com\/fi\/wp-json\/wp\/v2\/types\/product"}],"replies":[{"embeddable":true,"href":"https:\/\/nordicmart.andreevmaster.com\/fi\/wp-json\/wp\/v2\/comments?post=30025"}],"wp:featuredmedia":[{"embeddable":true,"href":"https:\/\/nordicmart.andreevmaster.com\/fi\/wp-json\/wp\/v2\/media\/39425"}],"wp:attachment":[{"href":"https:\/\/nordicmart.andreevmaster.com\/fi\/wp-json\/wp\/v2\/media?parent=30025"}],"wp:term":[{"taxonomy":"product_brand","embeddable":true,"href":"https:\/\/nordicmart.andreevmaster.com\/fi\/wp-json\/wp\/v2\/product_brand?post=30025"},{"taxonomy":"product_cat","embeddable":true,"href":"https:\/\/nordicmart.andreevmaster.com\/fi\/wp-json\/wp\/v2\/product_cat?post=30025"},{"taxonomy":"product_tag","embeddable":true,"href":"https:\/\/nordicmart.andreevmaster.com\/fi\/wp-json\/wp\/v2\/product_tag?post=30025"}],"curies":[{"name":"wp","href":"https:\/\/api.w.org\/{rel}","templated":true}]}}