{"id":30024,"date":"2026-02-27T00:08:40","date_gmt":"2026-02-27T00:08:40","guid":{"rendered":"https:\/\/nordicmart.andreevmaster.com\/product\/songmics-luistamattomat-henkarit-20-kpl-musta\/"},"modified":"2026-02-27T09:32:37","modified_gmt":"2026-02-27T09:32:37","slug":"songmics-luistamattomat-henkarit-20-kpl-musta","status":"publish","type":"product","link":"https:\/\/nordicmart.andreevmaster.com\/fi\/tuote\/songmics-luistamattomat-henkarit-20-kpl-musta\/","title":{"rendered":"SONGMICS Luistamattomat henkarit 20 kpl musta"},"content":{"rendered":"<p>Onko vaatekaapissasi valtava vaatevuori? Etsitk\u00f6 joka p\u00e4iv\u00e4 vaivalloisesti ja aikaa viev\u00e4sti sopivaa vaatekappaletta? \u00c4rsytt\u00e4v\u00e4tk\u00f6 vaatteidesi rypyt? Sitten sinun kannattaa k\u00e4ytt\u00e4\u00e4 SONGMICS:n muovisia henkareita! Ne auttavat sinua ratkaisemaan edell\u00e4 mainitut ongelmat ja t\u00e4ytt\u00e4v\u00e4t yksinkertaisesta muotoilustaan huolimatta kaikki tarpeesi: pyyhkeist\u00e4 ja huiveista housuihin, paitoihin ja hameisiin, tuulitakkeihin, villatakkeihin tai talvitakkeihin \u2013 erilaiset vaatteet voidaan ripustaa ja ottaa pois henkareista helposti. SONGMICS-vaatehenkareiden sarja on k\u00e4yt\u00e4nn\u00f6llinen apuv\u00e4line j\u00e4rjestyksen yll\u00e4pit\u00e4miseen.Tuotetiedot: V\u00e4ri: musta Materiaali: ABS-muovi Kunkin henkarin mitat: 41,5 x 22,5 x 0,5 cm (L x K x S) Kunkin henkarin paino: 86 g Kunkin henkarin enimm\u00e4iskuormitus: 5 kg Toimitus sis\u00e4lt\u00e4\u00e4: 20 x henkari SONGMICS-ohjeet:Pid\u00e4 henkarit poissa syttymisl\u00e4hteist\u00e4. \u00c4l\u00e4 k\u00e4yt\u00e4 henkareita korkean l\u00e4mp\u00f6tilan tiloissa. \u00c4l\u00e4 ripusta liian painavia esineit\u00e4 tai vaatteita henkareille. \u00c4l\u00e4 k\u00e4yt\u00e4 n\u00e4it\u00e4 henkareita kannettavassa kuivausrummussa.<\/p>\n","protected":false},"excerpt":{"rendered":"<p>SONGMICS vaatekoukut, 20 kpl, luistamattomat, premium-laatu, kest\u00e4v\u00e4t ja ohuet, paksuus 0,5 cm, tilaa s\u00e4\u00e4st\u00e4v\u00e4t, S-muotoinen aukko, vahva korkealaatuinen muovi, leveys 41,5 cm, valkoinen CRP41W<\/p>\n","protected":false},"featured_media":39424,"comment_status":"open","ping_status":"closed","template":"","meta":[],"product_brand":[],"product_cat":[32],"product_tag":[],"class_list":{"0":"post-30024","1":"product","2":"type-product","3":"status-publish","4":"has-post-thumbnail","6":"product_cat-uncategorized-fi","8":"first","9":"instock","10":"shipping-taxable","11":"purchasable","12":"product-type-simple"},"_links":{"self":[{"href":"https:\/\/nordicmart.andreevmaster.com\/fi\/wp-json\/wp\/v2\/product\/30024","targetHints":{"allow":["GET"]}}],"collection":[{"href":"https:\/\/nordicmart.andreevmaster.com\/fi\/wp-json\/wp\/v2\/product"}],"about":[{"href":"https:\/\/nordicmart.andreevmaster.com\/fi\/wp-json\/wp\/v2\/types\/product"}],"replies":[{"embeddable":true,"href":"https:\/\/nordicmart.andreevmaster.com\/fi\/wp-json\/wp\/v2\/comments?post=30024"}],"wp:featuredmedia":[{"embeddable":true,"href":"https:\/\/nordicmart.andreevmaster.com\/fi\/wp-json\/wp\/v2\/media\/39424"}],"wp:attachment":[{"href":"https:\/\/nordicmart.andreevmaster.com\/fi\/wp-json\/wp\/v2\/media?parent=30024"}],"wp:term":[{"taxonomy":"product_brand","embeddable":true,"href":"https:\/\/nordicmart.andreevmaster.com\/fi\/wp-json\/wp\/v2\/product_brand?post=30024"},{"taxonomy":"product_cat","embeddable":true,"href":"https:\/\/nordicmart.andreevmaster.com\/fi\/wp-json\/wp\/v2\/product_cat?post=30024"},{"taxonomy":"product_tag","embeddable":true,"href":"https:\/\/nordicmart.andreevmaster.com\/fi\/wp-json\/wp\/v2\/product_tag?post=30024"}],"curies":[{"name":"wp","href":"https:\/\/api.w.org\/{rel}","templated":true}]}}