{"id":30023,"date":"2026-02-27T00:08:40","date_gmt":"2026-02-27T00:08:40","guid":{"rendered":"https:\/\/nordicmart.andreevmaster.com\/product\/songmics-muoviset-vaatekoukut-30-kpl-harmaat\/"},"modified":"2026-02-27T09:32:37","modified_gmt":"2026-02-27T09:32:37","slug":"songmics-muoviset-vaatekoukut-30-kpl-harmaat","status":"publish","type":"product","link":"https:\/\/nordicmart.andreevmaster.com\/fi\/tuote\/songmics-muoviset-vaatekoukut-30-kpl-harmaat\/","title":{"rendered":"SONGMICS muoviset vaatekoukut, 30 kpl, harmaat"},"content":{"rendered":"<p>Onko vaatekaapissasi valtava vaatevuori?<br \/>\nEtsitk\u00f6 joka p\u00e4iv\u00e4 vaivalloisesti ja aikaa viev\u00e4sti sopivaa vaatekappaletta?<br \/>\n\u00c4rsytt\u00e4v\u00e4tk\u00f6 vaatteiden rypyt?<br \/>\nSitten sinun kannattaa k\u00e4ytt\u00e4\u00e4 SONGMICS:n muovisia vaatehenkareita! Ne auttavat sinua ratkaisemaan edell\u00e4 mainitut ongelmat ja t\u00e4ytt\u00e4v\u00e4t yksinkertaisesta muotoilustaan huolimatta kaikki tarpeesi: pyyhkeist\u00e4 ja huiveista housuihin, paitoihin ja hameisiin sek\u00e4 tuulitakkeihin, villatakkeihin tai talvitakkeihin \u2013 erilaiset vaatteet voidaan ripustaa ja ottaa pois henkareista helposti.<\/p>\n<p>SONGMICS-vaatehenkarsetit ovat k\u00e4tev\u00e4 apuv\u00e4line j\u00e4rjestyksen yll\u00e4pit\u00e4miseen.<br \/>\nTuotetiedot: &#8211; V\u00e4ri: harmaa<br \/>\n&#8211; Materiaali: ABS-muovi<br \/>\n&#8211; Koko per henkari: 45 x 0,5 x 22 cm (P x L x K)<br \/>\n&#8211; Paino per henkari: 83 g<br \/>\n&#8211; Maks. staattinen kantavuus per henkari: 5 kg<\/p>\n<p>Toimitus sis\u00e4lt\u00e4\u00e4: &#8211; 30 x henkari SONGMICS Huomautukset:<br \/>\n&#8211; \u00c4l\u00e4 k\u00e4yt\u00e4 n\u00e4it\u00e4 henkareita kuivausrummussa.<\/p>\n","protected":false},"excerpt":{"rendered":"<p>SONGMICS muoviset henkarit, 30 kpl, kest\u00e4v\u00e4, pukuhenkari liukumattomilla kumip\u00e4\u00e4dyill\u00e4, ohut, tilaa s\u00e4\u00e4st\u00e4v\u00e4, takkipenkki 360\u00b0 k\u00e4\u00e4ntyv\u00e4ll\u00e4 koukulla, takkeille, harmaa CRP30G<\/p>\n","protected":false},"featured_media":39423,"comment_status":"open","ping_status":"closed","template":"","meta":[],"product_brand":[],"product_cat":[32],"product_tag":[],"class_list":{"0":"post-30023","1":"product","2":"type-product","3":"status-publish","4":"has-post-thumbnail","6":"product_cat-uncategorized-fi","8":"first","9":"instock","10":"shipping-taxable","11":"purchasable","12":"product-type-simple"},"_links":{"self":[{"href":"https:\/\/nordicmart.andreevmaster.com\/fi\/wp-json\/wp\/v2\/product\/30023","targetHints":{"allow":["GET"]}}],"collection":[{"href":"https:\/\/nordicmart.andreevmaster.com\/fi\/wp-json\/wp\/v2\/product"}],"about":[{"href":"https:\/\/nordicmart.andreevmaster.com\/fi\/wp-json\/wp\/v2\/types\/product"}],"replies":[{"embeddable":true,"href":"https:\/\/nordicmart.andreevmaster.com\/fi\/wp-json\/wp\/v2\/comments?post=30023"}],"wp:featuredmedia":[{"embeddable":true,"href":"https:\/\/nordicmart.andreevmaster.com\/fi\/wp-json\/wp\/v2\/media\/39423"}],"wp:attachment":[{"href":"https:\/\/nordicmart.andreevmaster.com\/fi\/wp-json\/wp\/v2\/media?parent=30023"}],"wp:term":[{"taxonomy":"product_brand","embeddable":true,"href":"https:\/\/nordicmart.andreevmaster.com\/fi\/wp-json\/wp\/v2\/product_brand?post=30023"},{"taxonomy":"product_cat","embeddable":true,"href":"https:\/\/nordicmart.andreevmaster.com\/fi\/wp-json\/wp\/v2\/product_cat?post=30023"},{"taxonomy":"product_tag","embeddable":true,"href":"https:\/\/nordicmart.andreevmaster.com\/fi\/wp-json\/wp\/v2\/product_tag?post=30023"}],"curies":[{"name":"wp","href":"https:\/\/api.w.org\/{rel}","templated":true}]}}