{"id":30022,"date":"2026-02-27T00:08:40","date_gmt":"2026-02-27T00:08:40","guid":{"rendered":"https:\/\/nordicmart.andreevmaster.com\/product\/songmics-muoviset-henkarit-mustat\/"},"modified":"2026-02-27T09:32:37","modified_gmt":"2026-02-27T09:32:37","slug":"songmics-muoviset-henkarit-mustat","status":"publish","type":"product","link":"https:\/\/nordicmart.andreevmaster.com\/fi\/tuote\/songmics-muoviset-henkarit-mustat\/","title":{"rendered":"SONGMICS muoviset henkarit, mustat"},"content":{"rendered":"<p>Vaatekasat \u00e4rsytt\u00e4v\u00e4tk\u00f6 sinua?<\/p>\n<p>K\u00e4yt\u00e4tk\u00f6 liikaa aikaa vaatteiden etsimiseen?<\/p>\n<p>Vaatteesi rypistyv\u00e4t helposti, koska et ole kovin taitava taitelemaan niit\u00e4?<\/p>\n<p>SONGMICS-muoviset henkarit auttavat sinua ratkaisemaan kaikki n\u00e4m\u00e4 ongelmat. Yksinkertaiset mutta toimivat henkarit sopivat kaiken tyyppisille vaatteille. Esimerkiksi takkeille, p\u00e4\u00e4llystakeille, paidoille, hameille, housuille, mekkoille, huiveille, pyyhkeille jne.<\/p>\n<p>SONGMICS-housunpitimet on suunniteltu tekem\u00e4\u00e4n arjestasi helpompaa.<\/p>\n<p>Ilmakuivaus tai kaapin j\u00e4rjest\u00e4minen. N\u00e4m\u00e4 ABS-muovista valmistetut henkarit sopivat m\u00e4rkien vaatteiden kuivattamiseen ja vaatteiden t\u00e4ydelliseen j\u00e4rjest\u00e4miseen vaatekaapissa.<\/p>\n<p>Ominaisuudet:<\/p>\n<p>&#8211; V\u00e4ri: harmaa<br \/>\n&#8211; Materiaalit: ABS-muovi<br \/>\n&#8211; Mitat ripustinta kohti: 45 x 0,5 x 22 cm (P x L x K)<br \/>\n&#8211; Paino ripustinta kohti: 83 g<br \/>\n&#8211; Suurin staattinen kantavuus: 5 kg\/ripustin<\/p>\n<p>Toimitus:<br \/>\n&#8211; 30 x ripustin<\/p>\n","protected":false},"excerpt":{"rendered":"<p>SONGMICS muoviset henkarit, 30 kpl, kest\u00e4v\u00e4, pukuhenkari liukumattomilla kumip\u00e4\u00e4dyill\u00e4, ohut, tilaa s\u00e4\u00e4st\u00e4v\u00e4, takkipenkki 360\u00b0 k\u00e4\u00e4ntyv\u00e4ll\u00e4 koukulla, takkeille, harmaa CRP30G<\/p>\n","protected":false},"featured_media":39422,"comment_status":"open","ping_status":"closed","template":"","meta":[],"product_brand":[],"product_cat":[32],"product_tag":[],"class_list":{"0":"post-30022","1":"product","2":"type-product","3":"status-publish","4":"has-post-thumbnail","6":"product_cat-uncategorized-fi","8":"first","9":"instock","10":"shipping-taxable","11":"purchasable","12":"product-type-simple"},"_links":{"self":[{"href":"https:\/\/nordicmart.andreevmaster.com\/fi\/wp-json\/wp\/v2\/product\/30022","targetHints":{"allow":["GET"]}}],"collection":[{"href":"https:\/\/nordicmart.andreevmaster.com\/fi\/wp-json\/wp\/v2\/product"}],"about":[{"href":"https:\/\/nordicmart.andreevmaster.com\/fi\/wp-json\/wp\/v2\/types\/product"}],"replies":[{"embeddable":true,"href":"https:\/\/nordicmart.andreevmaster.com\/fi\/wp-json\/wp\/v2\/comments?post=30022"}],"wp:featuredmedia":[{"embeddable":true,"href":"https:\/\/nordicmart.andreevmaster.com\/fi\/wp-json\/wp\/v2\/media\/39422"}],"wp:attachment":[{"href":"https:\/\/nordicmart.andreevmaster.com\/fi\/wp-json\/wp\/v2\/media?parent=30022"}],"wp:term":[{"taxonomy":"product_brand","embeddable":true,"href":"https:\/\/nordicmart.andreevmaster.com\/fi\/wp-json\/wp\/v2\/product_brand?post=30022"},{"taxonomy":"product_cat","embeddable":true,"href":"https:\/\/nordicmart.andreevmaster.com\/fi\/wp-json\/wp\/v2\/product_cat?post=30022"},{"taxonomy":"product_tag","embeddable":true,"href":"https:\/\/nordicmart.andreevmaster.com\/fi\/wp-json\/wp\/v2\/product_tag?post=30022"}],"curies":[{"name":"wp","href":"https:\/\/api.w.org\/{rel}","templated":true}]}}