{"id":30021,"date":"2026-02-27T00:08:39","date_gmt":"2026-02-27T00:08:39","guid":{"rendered":"https:\/\/nordicmart.andreevmaster.com\/product\/songmics-tilaa-saastavat-henkarit-10-kpl-musta\/"},"modified":"2026-02-27T09:32:37","modified_gmt":"2026-02-27T09:32:37","slug":"songmics-tilaa-saastavat-henkarit-10-kpl-musta","status":"publish","type":"product","link":"https:\/\/nordicmart.andreevmaster.com\/fi\/tuote\/songmics-tilaa-saastavat-henkarit-10-kpl-musta\/","title":{"rendered":"SONGMICS tilaa s\u00e4\u00e4st\u00e4v\u00e4t henkarit 10 kpl musta"},"content":{"rendered":"<p>Joka kerta, kun hankit uuden vaatekappaleen, joudutko miettim\u00e4\u00e4n vanhan vaatekappaleen poisheitt\u00e4mist\u00e4? Koska vaatekaapissasi ei ole en\u00e4\u00e4 tilaa? Vaatteita rakastavat ihmiset kohtaavat aina t\u00e4m\u00e4n ongelman: riippumatta siit\u00e4, onko sinulla pieni vaatekaappi vai suuri pukuhuone, lopputulos on aina sama \u2013 tila loppuu aina! T\u00e4h\u00e4n tarvitset todella SONGMICS-tilan s\u00e4\u00e4st\u00e4v\u00e4t henkarit \u2013 tilaa s\u00e4\u00e4st\u00e4v\u00e4n ratkaisun t\u00e4yteen ahdettuihin vaatekaappeihin.  Jokaiseen henkaritelineeseen mahtuu vaatteiden painosta riippuen jopa 10 vaatekappaletta, jotka ripustetaan henkarilla. Ripustamalla koukun toiselle puolelle, puserot tai paidat roikkuvat porrastetusti. Poistamista varten voit ripustaa tilaa s\u00e4\u00e4st\u00e4v\u00e4n henkarin molemmilla koukkuilla ja ripustaa sen takaisin alas, kun olet valmis. T\u00e4m\u00e4 s\u00e4\u00e4st\u00e4\u00e4 paljon tilaa vaatetangolla, joten saat taas tilaa vaatekaappiisi, ja lis\u00e4ksi kaappi pysyy siistin\u00e4 ja j\u00e4rjestyksess\u00e4. Tuotetiedot: &#8211; Mitat per henkari: 23,7 x 11 x 0,92 cm (L x K x S) &#8211; V\u00e4ri: harmaa &#8211; Materiaali: ABS-muovi &#8211; Maks. kantavuus per henkari: 15 kg &#8211; Paino: 1 kg Toimitus sis\u00e4lt\u00e4\u00e4: &#8211; 10 x vaatehenkari SONGMICS Huomautukset: &#8211; Pid\u00e4 tuote poissa tulen l\u00e4heisyydest\u00e4 ja suojaa sit\u00e4 kuumuudelta ja suoralta auringonvalolta. <\/p>\n","protected":false},"excerpt":{"rendered":"<p>SONGMICS tilaa s\u00e4\u00e4st\u00e4v\u00e4 henkarihylly, 10 kpl, premium-laatu, tilaa s\u00e4\u00e4st\u00e4v\u00e4t henkarit, monik\u00e4ytt\u00f6inen henkarihylly, vahva korkealaatuinen muovi, harmaa CRP23G-10<\/p>\n","protected":false},"featured_media":39421,"comment_status":"open","ping_status":"closed","template":"","meta":[],"product_brand":[],"product_cat":[32],"product_tag":[],"class_list":{"0":"post-30021","1":"product","2":"type-product","3":"status-publish","4":"has-post-thumbnail","6":"product_cat-uncategorized-fi","8":"first","9":"instock","10":"shipping-taxable","11":"purchasable","12":"product-type-simple"},"_links":{"self":[{"href":"https:\/\/nordicmart.andreevmaster.com\/fi\/wp-json\/wp\/v2\/product\/30021","targetHints":{"allow":["GET"]}}],"collection":[{"href":"https:\/\/nordicmart.andreevmaster.com\/fi\/wp-json\/wp\/v2\/product"}],"about":[{"href":"https:\/\/nordicmart.andreevmaster.com\/fi\/wp-json\/wp\/v2\/types\/product"}],"replies":[{"embeddable":true,"href":"https:\/\/nordicmart.andreevmaster.com\/fi\/wp-json\/wp\/v2\/comments?post=30021"}],"wp:featuredmedia":[{"embeddable":true,"href":"https:\/\/nordicmart.andreevmaster.com\/fi\/wp-json\/wp\/v2\/media\/39421"}],"wp:attachment":[{"href":"https:\/\/nordicmart.andreevmaster.com\/fi\/wp-json\/wp\/v2\/media?parent=30021"}],"wp:term":[{"taxonomy":"product_brand","embeddable":true,"href":"https:\/\/nordicmart.andreevmaster.com\/fi\/wp-json\/wp\/v2\/product_brand?post=30021"},{"taxonomy":"product_cat","embeddable":true,"href":"https:\/\/nordicmart.andreevmaster.com\/fi\/wp-json\/wp\/v2\/product_cat?post=30021"},{"taxonomy":"product_tag","embeddable":true,"href":"https:\/\/nordicmart.andreevmaster.com\/fi\/wp-json\/wp\/v2\/product_tag?post=30021"}],"curies":[{"name":"wp","href":"https:\/\/api.w.org\/{rel}","templated":true}]}}