{"id":30020,"date":"2026-02-27T00:08:39","date_gmt":"2026-02-27T00:08:39","guid":{"rendered":"https:\/\/nordicmart.andreevmaster.com\/product\/songmics-tilaa-saastavat-henkarit-30-kpln-sarja\/"},"modified":"2026-02-27T09:32:36","modified_gmt":"2026-02-27T09:32:36","slug":"songmics-tilaa-saastavat-henkarit-30-kpln-sarja","status":"publish","type":"product","link":"https:\/\/nordicmart.andreevmaster.com\/fi\/tuote\/songmics-tilaa-saastavat-henkarit-30-kpln-sarja\/","title":{"rendered":"SONGMICS tilaa s\u00e4\u00e4st\u00e4v\u00e4t henkarit, 30 kpl:n sarja"},"content":{"rendered":"<p>Onko sinun vaikea valita sopivaa henkaria laajan valikoiman joukosta?<br \/>\nKokeile sitten n\u00e4it\u00e4 yksinkertaisia SONGMICS-vaatehenkareita, jotka tuovat vaatekaappiisi ripauksen tyylikkyytt\u00e4.<br \/>\nJoskus yksinkertainen muotoilu on juuri sit\u00e4, mit\u00e4 tarvitset.<br \/>\nOlipa kyseess\u00e4 untuvatakit, villatakit, tuulitakit, paidat, mekot, housut, hameet, huivit tai pyyhkeet \u2013 kaikki vaatteet voidaan ripustaa henkareille ja ottaa niist\u00e4 pois helposti.<br \/>\nN\u00e4m\u00e4 SONGMICS-vaatehenkarit tarjoavat kaikki tarvitsemasi toiminnot vaatteidesi siistiin ja rypistym\u00e4tt\u00f6m\u00e4\u00e4n s\u00e4ilytykseen.<br \/>\nTuotetiedot: V\u00e4ri: valkoinen-harmaa<br \/>\nMateriaali: ABS-muovi<br \/>\nKoko per henkari: 42 x 0,6 x 21,5 cm (P x L x K)<br \/>\nPaino per henkari: 83 g<br \/>\nHenkarin maks. staattinen kantavuus: 5 kg<\/p>\n<p>Toimitus sis\u00e4lt\u00e4\u00e4:<br \/>\n30 x vaateripustin<\/p>\n<p>SONGMICS-huomautukset:<br \/>\nHenkarin enimm\u00e4iskuormitus on 5 kg. \u00c4l\u00e4 ylit\u00e4 t\u00e4t\u00e4 enimm\u00e4ispainoa.<br \/>\n\u00c4l\u00e4 k\u00e4yt\u00e4 n\u00e4it\u00e4 henkareita kuivausrummussa tai pesukoneessa.<\/p>\n","protected":false},"excerpt":{"rendered":"<p>SONGMICS Vaatehenkari, 50 kpl:n sarja, muovinen pukuhenkari, kest\u00e4v\u00e4, liukumaton, tilaa s\u00e4\u00e4st\u00e4v\u00e4, paksuus 0,6 cm, 360\u00b0 k\u00e4\u00e4ntyv\u00e4 koukku, leveys 42 cm, harmaa CRP20G50<\/p>\n","protected":false},"featured_media":39420,"comment_status":"open","ping_status":"closed","template":"","meta":[],"product_brand":[],"product_cat":[32],"product_tag":[],"class_list":{"0":"post-30020","1":"product","2":"type-product","3":"status-publish","4":"has-post-thumbnail","6":"product_cat-uncategorized-fi","8":"first","9":"instock","10":"shipping-taxable","11":"purchasable","12":"product-type-simple"},"_links":{"self":[{"href":"https:\/\/nordicmart.andreevmaster.com\/fi\/wp-json\/wp\/v2\/product\/30020","targetHints":{"allow":["GET"]}}],"collection":[{"href":"https:\/\/nordicmart.andreevmaster.com\/fi\/wp-json\/wp\/v2\/product"}],"about":[{"href":"https:\/\/nordicmart.andreevmaster.com\/fi\/wp-json\/wp\/v2\/types\/product"}],"replies":[{"embeddable":true,"href":"https:\/\/nordicmart.andreevmaster.com\/fi\/wp-json\/wp\/v2\/comments?post=30020"}],"wp:featuredmedia":[{"embeddable":true,"href":"https:\/\/nordicmart.andreevmaster.com\/fi\/wp-json\/wp\/v2\/media\/39420"}],"wp:attachment":[{"href":"https:\/\/nordicmart.andreevmaster.com\/fi\/wp-json\/wp\/v2\/media?parent=30020"}],"wp:term":[{"taxonomy":"product_brand","embeddable":true,"href":"https:\/\/nordicmart.andreevmaster.com\/fi\/wp-json\/wp\/v2\/product_brand?post=30020"},{"taxonomy":"product_cat","embeddable":true,"href":"https:\/\/nordicmart.andreevmaster.com\/fi\/wp-json\/wp\/v2\/product_cat?post=30020"},{"taxonomy":"product_tag","embeddable":true,"href":"https:\/\/nordicmart.andreevmaster.com\/fi\/wp-json\/wp\/v2\/product_tag?post=30020"}],"curies":[{"name":"wp","href":"https:\/\/api.w.org\/{rel}","templated":true}]}}