{"id":30018,"date":"2026-02-27T00:08:39","date_gmt":"2026-02-27T00:08:39","guid":{"rendered":"https:\/\/nordicmart.andreevmaster.com\/product\/songmics-30-kpln-henkaripakkaus\/"},"modified":"2026-02-27T09:32:36","modified_gmt":"2026-02-27T09:32:36","slug":"songmics-30-kpln-henkaripakkaus","status":"publish","type":"product","link":"https:\/\/nordicmart.andreevmaster.com\/fi\/tuote\/songmics-30-kpln-henkaripakkaus\/","title":{"rendered":"SONGMICS 30 kpl:n henkaripakkaus"},"content":{"rendered":"<p>SONGMICS Vaatehenkari, 50 kpl:n sarja, muovinen pukuhenkari, kest\u00e4v\u00e4, liukumaton, tilaa s\u00e4\u00e4st\u00e4v\u00e4, paksuus 0,6 cm, 360\u00b0 k\u00e4\u00e4ntyv\u00e4 koukku, leveys 42 cm, harmaa CRP20G50<\/p>\n","protected":false},"excerpt":{"rendered":"<p>SONGMICS Vaatehenkari, 50 kpl:n sarja, muovinen pukuhenkari, kest\u00e4v\u00e4, liukumaton, tilaa s\u00e4\u00e4st\u00e4v\u00e4, paksuus 0,6 cm, 360\u00b0 k\u00e4\u00e4ntyv\u00e4 koukku, leveys 42 cm, harmaa CRP20G50<\/p>\n","protected":false},"featured_media":39418,"comment_status":"open","ping_status":"closed","template":"","meta":[],"product_brand":[],"product_cat":[32],"product_tag":[],"class_list":{"0":"post-30018","1":"product","2":"type-product","3":"status-publish","4":"has-post-thumbnail","6":"product_cat-uncategorized-fi","8":"first","9":"instock","10":"shipping-taxable","11":"purchasable","12":"product-type-simple"},"_links":{"self":[{"href":"https:\/\/nordicmart.andreevmaster.com\/fi\/wp-json\/wp\/v2\/product\/30018","targetHints":{"allow":["GET"]}}],"collection":[{"href":"https:\/\/nordicmart.andreevmaster.com\/fi\/wp-json\/wp\/v2\/product"}],"about":[{"href":"https:\/\/nordicmart.andreevmaster.com\/fi\/wp-json\/wp\/v2\/types\/product"}],"replies":[{"embeddable":true,"href":"https:\/\/nordicmart.andreevmaster.com\/fi\/wp-json\/wp\/v2\/comments?post=30018"}],"wp:featuredmedia":[{"embeddable":true,"href":"https:\/\/nordicmart.andreevmaster.com\/fi\/wp-json\/wp\/v2\/media\/39418"}],"wp:attachment":[{"href":"https:\/\/nordicmart.andreevmaster.com\/fi\/wp-json\/wp\/v2\/media?parent=30018"}],"wp:term":[{"taxonomy":"product_brand","embeddable":true,"href":"https:\/\/nordicmart.andreevmaster.com\/fi\/wp-json\/wp\/v2\/product_brand?post=30018"},{"taxonomy":"product_cat","embeddable":true,"href":"https:\/\/nordicmart.andreevmaster.com\/fi\/wp-json\/wp\/v2\/product_cat?post=30018"},{"taxonomy":"product_tag","embeddable":true,"href":"https:\/\/nordicmart.andreevmaster.com\/fi\/wp-json\/wp\/v2\/product_tag?post=30018"}],"curies":[{"name":"wp","href":"https:\/\/api.w.org\/{rel}","templated":true}]}}