{"id":30016,"date":"2026-02-27T00:08:38","date_gmt":"2026-02-27T00:08:38","guid":{"rendered":"https:\/\/nordicmart.andreevmaster.com\/product\/songmics-lasten-vaatehenkari-30-kpl-valkoinen\/"},"modified":"2026-02-27T09:32:36","modified_gmt":"2026-02-27T09:32:36","slug":"songmics-lasten-vaatehenkari-30-kpl-valkoinen","status":"publish","type":"product","link":"https:\/\/nordicmart.andreevmaster.com\/fi\/tuote\/songmics-lasten-vaatehenkari-30-kpl-valkoinen\/","title":{"rendered":"SONGMICS lasten vaatehenkari 30 kpl valkoinen"},"content":{"rendered":"<p>Songmics on t\u00e4ysin sitoutunut tarjoamaan parempia ja laadukkaampia henkareita. Pyrimme aina ratkaisemaan vaatteiden s\u00e4ilytykseen liittyv\u00e4t ongelmat. Pyrimme aina parantamaan tuotetta ehdotustenne perusteella.Pyrimme aina k\u00e4ytt\u00e4m\u00e4\u00e4n korkealaatuisia materiaaleja parhaan laadun takaamiseksi. Pyrimme aina siihen, ett\u00e4 jokainen l\u00f6yt\u00e4\u00e4 Songmicsist\u00e4 sopivat henkarit. Songmics-henkarit seuraavat sinua joka puolelle kotia. Tuotetiedot: Kunkin henkarin mitat: 29,5 x 17 x 0,57 cm (L x K x S) V\u00e4ri: Valkoinen Materiaali: PP-muovi Kunkin henkarin kantavuus: 2,5 kg Nettopaino: 0,7 kg Bruttopaino: 0,9 kg Toimitus sis\u00e4lt\u00e4\u00e4: 30 x lasten henkari Huomautus: Pid\u00e4 henkarit poissa syttymisl\u00e4hteist\u00e4, \u00e4l\u00e4 altista henkareita suoralle voimakkaalle auringonvalolle.<\/p>\n","protected":false},"excerpt":{"rendered":"<p>SONGMICS 30 kpl lasten henkareita, vauvanvaatteille\/lastenvaatteille, premium-laatu, ohuet, tilaa s\u00e4\u00e4st\u00e4v\u00e4t, vahva korkealaatuinen muovi, 29,5 cm, valkoinen CRP06W-30<\/p>\n","protected":false},"featured_media":39416,"comment_status":"open","ping_status":"closed","template":"","meta":[],"product_brand":[],"product_cat":[32],"product_tag":[],"class_list":{"0":"post-30016","1":"product","2":"type-product","3":"status-publish","4":"has-post-thumbnail","6":"product_cat-uncategorized-fi","8":"first","9":"instock","10":"shipping-taxable","11":"purchasable","12":"product-type-simple"},"_links":{"self":[{"href":"https:\/\/nordicmart.andreevmaster.com\/fi\/wp-json\/wp\/v2\/product\/30016","targetHints":{"allow":["GET"]}}],"collection":[{"href":"https:\/\/nordicmart.andreevmaster.com\/fi\/wp-json\/wp\/v2\/product"}],"about":[{"href":"https:\/\/nordicmart.andreevmaster.com\/fi\/wp-json\/wp\/v2\/types\/product"}],"replies":[{"embeddable":true,"href":"https:\/\/nordicmart.andreevmaster.com\/fi\/wp-json\/wp\/v2\/comments?post=30016"}],"wp:featuredmedia":[{"embeddable":true,"href":"https:\/\/nordicmart.andreevmaster.com\/fi\/wp-json\/wp\/v2\/media\/39416"}],"wp:attachment":[{"href":"https:\/\/nordicmart.andreevmaster.com\/fi\/wp-json\/wp\/v2\/media?parent=30016"}],"wp:term":[{"taxonomy":"product_brand","embeddable":true,"href":"https:\/\/nordicmart.andreevmaster.com\/fi\/wp-json\/wp\/v2\/product_brand?post=30016"},{"taxonomy":"product_cat","embeddable":true,"href":"https:\/\/nordicmart.andreevmaster.com\/fi\/wp-json\/wp\/v2\/product_cat?post=30016"},{"taxonomy":"product_tag","embeddable":true,"href":"https:\/\/nordicmart.andreevmaster.com\/fi\/wp-json\/wp\/v2\/product_tag?post=30016"}],"curies":[{"name":"wp","href":"https:\/\/api.w.org\/{rel}","templated":true}]}}