{"id":30014,"date":"2026-02-27T00:08:38","date_gmt":"2026-02-27T00:08:38","guid":{"rendered":"https:\/\/nordicmart.andreevmaster.com\/product\/songmics-muoviset-vaatehenkari-kaantyvat-koukut-pilvinen-valkoinen\/"},"modified":"2026-02-27T09:32:35","modified_gmt":"2026-02-27T09:32:35","slug":"songmics-muoviset-vaatehenkari-kaantyvat-koukut-pilvinen-valkoinen","status":"publish","type":"product","link":"https:\/\/nordicmart.andreevmaster.com\/fi\/tuote\/songmics-muoviset-vaatehenkari-kaantyvat-koukut-pilvinen-valkoinen\/","title":{"rendered":"SONGMICS muoviset vaatehenkari, k\u00e4\u00e4ntyv\u00e4t koukut, pilvinen valkoinen"},"content":{"rendered":"<p>SONGMICS muovinen henkari, 50 kpl:n sarja, henkari, leve\u00e4t olkap\u00e4\u00e4aukot, housutanko, 360\u00b0 k\u00e4\u00e4ntyv\u00e4 koukku, tilaa s\u00e4\u00e4st\u00e4v\u00e4, 41,6 x 21,4 cm, vaatekaappiin, harmaa CRP060G01<br \/>\nV\u00e4ri: pilvinen valkoinen<br \/>\nMateriaali: ABS-muovi, metallikoukku<br \/>\nKoko per henkari: 41,6 x 21,4 cm (L x K)<br \/>\n50 henkarin paino: 4,1 kg<br \/>\nHenkarin maks. staattinen kantavuus: 5 kg<\/p>\n","protected":false},"excerpt":{"rendered":"<p>SONGMICS muovinen henkari, 50 kpl:n sarja, henkari, leve\u00e4t olkap\u00e4\u00e4aukot, housutanko, 360\u00b0 k\u00e4\u00e4ntyv\u00e4 koukku, tilaa s\u00e4\u00e4st\u00e4v\u00e4, 41,6 x 21,4 cm, vaatekaappiin, harmaa CRP060G01<\/p>\n","protected":false},"featured_media":39414,"comment_status":"open","ping_status":"closed","template":"","meta":[],"product_brand":[],"product_cat":[32],"product_tag":[],"class_list":{"0":"post-30014","1":"product","2":"type-product","3":"status-publish","4":"has-post-thumbnail","6":"product_cat-uncategorized-fi","8":"first","9":"instock","10":"shipping-taxable","11":"purchasable","12":"product-type-simple"},"_links":{"self":[{"href":"https:\/\/nordicmart.andreevmaster.com\/fi\/wp-json\/wp\/v2\/product\/30014","targetHints":{"allow":["GET"]}}],"collection":[{"href":"https:\/\/nordicmart.andreevmaster.com\/fi\/wp-json\/wp\/v2\/product"}],"about":[{"href":"https:\/\/nordicmart.andreevmaster.com\/fi\/wp-json\/wp\/v2\/types\/product"}],"replies":[{"embeddable":true,"href":"https:\/\/nordicmart.andreevmaster.com\/fi\/wp-json\/wp\/v2\/comments?post=30014"}],"wp:featuredmedia":[{"embeddable":true,"href":"https:\/\/nordicmart.andreevmaster.com\/fi\/wp-json\/wp\/v2\/media\/39414"}],"wp:attachment":[{"href":"https:\/\/nordicmart.andreevmaster.com\/fi\/wp-json\/wp\/v2\/media?parent=30014"}],"wp:term":[{"taxonomy":"product_brand","embeddable":true,"href":"https:\/\/nordicmart.andreevmaster.com\/fi\/wp-json\/wp\/v2\/product_brand?post=30014"},{"taxonomy":"product_cat","embeddable":true,"href":"https:\/\/nordicmart.andreevmaster.com\/fi\/wp-json\/wp\/v2\/product_cat?post=30014"},{"taxonomy":"product_tag","embeddable":true,"href":"https:\/\/nordicmart.andreevmaster.com\/fi\/wp-json\/wp\/v2\/product_tag?post=30014"}],"curies":[{"name":"wp","href":"https:\/\/api.w.org\/{rel}","templated":true}]}}