{"id":30011,"date":"2026-02-27T00:08:37","date_gmt":"2026-02-27T00:08:37","guid":{"rendered":"https:\/\/nordicmart.andreevmaster.com\/product\/songmics-tilaa-saastava-housuhenkari-valkoinen\/"},"modified":"2026-02-27T09:32:35","modified_gmt":"2026-02-27T09:32:35","slug":"songmics-tilaa-saastava-housuhenkari-valkoinen","status":"publish","type":"product","link":"https:\/\/nordicmart.andreevmaster.com\/fi\/tuote\/songmics-tilaa-saastava-housuhenkari-valkoinen\/","title":{"rendered":"SONGMICS tilaa s\u00e4\u00e4st\u00e4v\u00e4 housuhenkari, valkoinen"},"content":{"rendered":"<p>Kaikki taas kunnossa! Onko vaatekaapissasi valtava pino housuja? \u00c4rsytt\u00e4\u00e4k\u00f6 sinua, ett\u00e4 joudut silitt\u00e4m\u00e4\u00e4n rypistyneit\u00e4 housujasi yh\u00e4 uudelleen? Ovatko kaikki huivit ja pyyhkeet tungettu kaaosmaisesti laatikkoon? N\u00e4m\u00e4 monik\u00e4ytt\u00f6iset henkarit tulevat apuun! Niiden avulla saat vaatekaappisi kuntoon ja l\u00f6yd\u00e4t kaiken yhdell\u00e4 silm\u00e4yksell\u00e4. Kun hallitset kaaoksen, hallitset my\u00f6s el\u00e4m\u00e4\u00e4si! Maksimoi vaatekaapin s\u00e4ilytystila Mit\u00e4 voit tehd\u00e4, kun vaatekaappisi on t\u00e4ynn\u00e4? Antaa osan vaatteista vanhojen vaatteiden ker\u00e4ykseen? Ei! Hanki n\u00e4m\u00e4 monik\u00e4ytt\u00f6iset henkarit ja s\u00e4\u00e4st\u00e4 jopa 80 % tilaa vaatekaapissa. N\u00e4in voit ostaa lis\u00e4\u00e4 kauniita vaatteita! Tuotetiedot:- V\u00e4ri: valkoinen &#8211; Materiaali: ABS-muovi &#8211; Koko: 32 x 0,8 x 32 cm (P x L x K) &#8211; Kokonaispaino (4 monik\u00e4ytt\u00f6ist\u00e4 henkaria): 540 g &#8211; Maks. staattinen kantavuus per monik\u00e4ytt\u00f6inen henkari: 5 kg Toimitus sis\u00e4lt\u00e4\u00e4: &#8211; 4 x monik\u00e4ytt\u00f6inen housuhenkari SONGMICS Huomautukset:- Monik\u00e4ytt\u00f6isen henkarin enimm\u00e4iskuormituskyky on 5 kg. \u00c4l\u00e4 ylit\u00e4 t\u00e4t\u00e4 enimm\u00e4ispainoa. &#8211; \u00c4l\u00e4 k\u00e4yt\u00e4 n\u00e4it\u00e4 henkareita kuivausrummussa tai pesukoneessa.<\/p>\n","protected":false},"excerpt":{"rendered":"<p>SONGMICS tilaa s\u00e4\u00e4st\u00e4v\u00e4t housuhenkarit, 4 kpl:n sarja, monik\u00e4ytt\u00f6iset henkarit, muovia, tukevat ja kest\u00e4v\u00e4t, vaatekaappiin, housuille, huiveille, solmioille ja pyyhkeille, valkoinen CRP051W4<\/p>\n","protected":false},"featured_media":39411,"comment_status":"open","ping_status":"closed","template":"","meta":[],"product_brand":[],"product_cat":[32],"product_tag":[],"class_list":{"0":"post-30011","1":"product","2":"type-product","3":"status-publish","4":"has-post-thumbnail","6":"product_cat-uncategorized-fi","8":"first","9":"instock","10":"shipping-taxable","11":"purchasable","12":"product-type-simple"},"_links":{"self":[{"href":"https:\/\/nordicmart.andreevmaster.com\/fi\/wp-json\/wp\/v2\/product\/30011","targetHints":{"allow":["GET"]}}],"collection":[{"href":"https:\/\/nordicmart.andreevmaster.com\/fi\/wp-json\/wp\/v2\/product"}],"about":[{"href":"https:\/\/nordicmart.andreevmaster.com\/fi\/wp-json\/wp\/v2\/types\/product"}],"replies":[{"embeddable":true,"href":"https:\/\/nordicmart.andreevmaster.com\/fi\/wp-json\/wp\/v2\/comments?post=30011"}],"wp:featuredmedia":[{"embeddable":true,"href":"https:\/\/nordicmart.andreevmaster.com\/fi\/wp-json\/wp\/v2\/media\/39411"}],"wp:attachment":[{"href":"https:\/\/nordicmart.andreevmaster.com\/fi\/wp-json\/wp\/v2\/media?parent=30011"}],"wp:term":[{"taxonomy":"product_brand","embeddable":true,"href":"https:\/\/nordicmart.andreevmaster.com\/fi\/wp-json\/wp\/v2\/product_brand?post=30011"},{"taxonomy":"product_cat","embeddable":true,"href":"https:\/\/nordicmart.andreevmaster.com\/fi\/wp-json\/wp\/v2\/product_cat?post=30011"},{"taxonomy":"product_tag","embeddable":true,"href":"https:\/\/nordicmart.andreevmaster.com\/fi\/wp-json\/wp\/v2\/product_tag?post=30011"}],"curies":[{"name":"wp","href":"https:\/\/api.w.org\/{rel}","templated":true}]}}