{"id":30010,"date":"2026-02-27T00:08:37","date_gmt":"2026-02-27T00:08:37","guid":{"rendered":"https:\/\/nordicmart.andreevmaster.com\/product\/songmics-vaatehenkari-s-muotoinen-aukko\/"},"modified":"2026-02-27T09:32:35","modified_gmt":"2026-02-27T09:32:35","slug":"songmics-vaatehenkari-s-muotoinen-aukko","status":"publish","type":"product","link":"https:\/\/nordicmart.andreevmaster.com\/fi\/tuote\/songmics-vaatehenkari-s-muotoinen-aukko\/","title":{"rendered":"SONGMICS-vaatehenkari S-muotoinen aukko"},"content":{"rendered":"<p>Joustavat vaatehenkariit erilaisille vaatekappaleille: Henkareissa on 2 pient\u00e4 koukkua olkaimellisille toppeille, rintaliiveille, hameille, puseroille ja housuille, joissa on silmukat. Lis\u00e4ksi voit ripustaa housut keskitankoon ja huivit sek\u00e4 solmiot pieneen keskipalkkiin.<\/p>\n<p>Luistamaton ja ohut muotoilu: Kumiset p\u00e4\u00e4lliset olkap\u00e4\u00e4alueella ja keskitangossa mahdollistavat takkien, liivien ja housujen turvallisen ripustamisen. Henkarit ovat vain 0,5 cm paksuja, joten ne viev\u00e4t vain v\u00e4h\u00e4n tilaa vaatekaapissa. Ne ovat kuitenkin kest\u00e4vi\u00e4, eiv\u00e4t helposti rikkoudu ja kest\u00e4v\u00e4t ongelmitta my\u00f6s painavia vaatekappaleita.<\/p>\n<p>Enemm\u00e4n tilaa vaatekaapissa: Vihdoin voit ripustaa takit ja housut yhdess\u00e4 henkarille. N\u00e4in koko asu mahtuu yhdelle henkarille \u2013 s\u00e4\u00e4st\u00e4t paitsi tilaa vaatekaapissa my\u00f6s aikaa, jonka muuten tuhlaisit sopivien vaatteiden etsimiseen!<br \/>\nTuotetiedot:<br \/>\nV\u00e4ri: valkoinen-harmaa<br \/>\nMateriaali: ABS-muovi, metallikoukku<br \/>\nKoko per henkari: 41,5 x 0,5 x 22,5 cm (P x L x K)<br \/>\nPaino per henkari: 86 g<br \/>\nHenkarin maks. staattinen kantavuus: 5 kg<\/p>\n<p>Toimitus sis\u00e4lt\u00e4\u00e4:<br \/>\n20 x henkari<\/p>\n<p>SONGMICS-ohjeet:<br \/>\nPid\u00e4 henkarit poissa syttymisl\u00e4hteist\u00e4.<br \/>\n\u00c4l\u00e4 k\u00e4yt\u00e4 henkareita korkean l\u00e4mp\u00f6tilan tiloissa.<br \/>\n\u00c4l\u00e4 ripusta liian painavia esineit\u00e4 tai vaatteita henkareille.<br \/>\n\u00c4l\u00e4 k\u00e4yt\u00e4 n\u00e4it\u00e4 henkareita kannettavassa kuivausrummussa.<\/p>\n","protected":false},"excerpt":{"rendered":"<p>SONGMICS vaatehenkari, 20 kpl, muovinen pukuhenkari, kest\u00e4v\u00e4, S-muotoinen aukko, luistamaton, paksuus 0,5 cm, tilaa s\u00e4\u00e4st\u00e4v\u00e4, 360\u00b0 k\u00e4\u00e4ntyv\u00e4 koukku, pituus 41,5 cm, valkoinen-tummanharmaa CRP041WG02<\/p>\n","protected":false},"featured_media":39410,"comment_status":"open","ping_status":"closed","template":"","meta":[],"product_brand":[],"product_cat":[32],"product_tag":[],"class_list":{"0":"post-30010","1":"product","2":"type-product","3":"status-publish","4":"has-post-thumbnail","6":"product_cat-uncategorized-fi","8":"first","9":"instock","10":"shipping-taxable","11":"purchasable","12":"product-type-simple"},"_links":{"self":[{"href":"https:\/\/nordicmart.andreevmaster.com\/fi\/wp-json\/wp\/v2\/product\/30010","targetHints":{"allow":["GET"]}}],"collection":[{"href":"https:\/\/nordicmart.andreevmaster.com\/fi\/wp-json\/wp\/v2\/product"}],"about":[{"href":"https:\/\/nordicmart.andreevmaster.com\/fi\/wp-json\/wp\/v2\/types\/product"}],"replies":[{"embeddable":true,"href":"https:\/\/nordicmart.andreevmaster.com\/fi\/wp-json\/wp\/v2\/comments?post=30010"}],"wp:featuredmedia":[{"embeddable":true,"href":"https:\/\/nordicmart.andreevmaster.com\/fi\/wp-json\/wp\/v2\/media\/39410"}],"wp:attachment":[{"href":"https:\/\/nordicmart.andreevmaster.com\/fi\/wp-json\/wp\/v2\/media?parent=30010"}],"wp:term":[{"taxonomy":"product_brand","embeddable":true,"href":"https:\/\/nordicmart.andreevmaster.com\/fi\/wp-json\/wp\/v2\/product_brand?post=30010"},{"taxonomy":"product_cat","embeddable":true,"href":"https:\/\/nordicmart.andreevmaster.com\/fi\/wp-json\/wp\/v2\/product_cat?post=30010"},{"taxonomy":"product_tag","embeddable":true,"href":"https:\/\/nordicmart.andreevmaster.com\/fi\/wp-json\/wp\/v2\/product_tag?post=30010"}],"curies":[{"name":"wp","href":"https:\/\/api.w.org\/{rel}","templated":true}]}}