{"id":30004,"date":"2026-02-27T00:08:36","date_gmt":"2026-02-27T00:08:36","guid":{"rendered":"https:\/\/nordicmart.andreevmaster.com\/product\/songmics-muoviset-henkarit-20-kpl-tummansininen-vaaleansininen\/"},"modified":"2026-02-27T09:32:34","modified_gmt":"2026-02-27T09:32:34","slug":"songmics-muoviset-henkarit-20-kpl-tummansininen-vaaleansininen","status":"publish","type":"product","link":"https:\/\/nordicmart.andreevmaster.com\/fi\/tuote\/songmics-muoviset-henkarit-20-kpl-tummansininen-vaaleansininen\/","title":{"rendered":"SONGMICS muoviset henkarit, 20 kpl, tummansininen-vaaleansininen"},"content":{"rendered":"<p>SONGMICS vaatehenkari, 20 kpl, muovinen pukuhenkari, kest\u00e4v\u00e4, S-muotoinen aukko, luistamaton, paksuus 0,5 cm, tilaa s\u00e4\u00e4st\u00e4v\u00e4, 360\u00b0 k\u00e4\u00e4ntyv\u00e4 koukku, pituus 41,5 cm, valkoinen-tummanharmaa CRP041WG02<br \/>\n&#8211; V\u00e4ri: tummansininen-vaaleansininen<br \/>\n&#8211; Materiaali: ABS-muovi, metallikoukut<br \/>\n&#8211; Koko per henkari: 41,5 x 0,5 x 22,5 cm (P x L x K)<br \/>\n&#8211; 20 henkarin paino: 1,7 kg<br \/>\n&#8211; Maks. staattinen kantavuus per henkari: 5 kg<\/p>\n","protected":false},"excerpt":{"rendered":"<p>SONGMICS vaatehenkari, 20 kpl, muovinen pukuhenkari, kest\u00e4v\u00e4, S-muotoinen aukko, luistamaton, paksuus 0,5 cm, tilaa s\u00e4\u00e4st\u00e4v\u00e4, 360\u00b0 k\u00e4\u00e4ntyv\u00e4 koukku, pituus 41,5 cm, valkoinen-tummanharmaa CRP041WG02<\/p>\n","protected":false},"featured_media":39404,"comment_status":"open","ping_status":"closed","template":"","meta":[],"product_brand":[],"product_cat":[32],"product_tag":[],"class_list":{"0":"post-30004","1":"product","2":"type-product","3":"status-publish","4":"has-post-thumbnail","6":"product_cat-uncategorized-fi","8":"first","9":"instock","10":"shipping-taxable","11":"purchasable","12":"product-type-simple"},"_links":{"self":[{"href":"https:\/\/nordicmart.andreevmaster.com\/fi\/wp-json\/wp\/v2\/product\/30004","targetHints":{"allow":["GET"]}}],"collection":[{"href":"https:\/\/nordicmart.andreevmaster.com\/fi\/wp-json\/wp\/v2\/product"}],"about":[{"href":"https:\/\/nordicmart.andreevmaster.com\/fi\/wp-json\/wp\/v2\/types\/product"}],"replies":[{"embeddable":true,"href":"https:\/\/nordicmart.andreevmaster.com\/fi\/wp-json\/wp\/v2\/comments?post=30004"}],"wp:featuredmedia":[{"embeddable":true,"href":"https:\/\/nordicmart.andreevmaster.com\/fi\/wp-json\/wp\/v2\/media\/39404"}],"wp:attachment":[{"href":"https:\/\/nordicmart.andreevmaster.com\/fi\/wp-json\/wp\/v2\/media?parent=30004"}],"wp:term":[{"taxonomy":"product_brand","embeddable":true,"href":"https:\/\/nordicmart.andreevmaster.com\/fi\/wp-json\/wp\/v2\/product_brand?post=30004"},{"taxonomy":"product_cat","embeddable":true,"href":"https:\/\/nordicmart.andreevmaster.com\/fi\/wp-json\/wp\/v2\/product_cat?post=30004"},{"taxonomy":"product_tag","embeddable":true,"href":"https:\/\/nordicmart.andreevmaster.com\/fi\/wp-json\/wp\/v2\/product_tag?post=30004"}],"curies":[{"name":"wp","href":"https:\/\/api.w.org\/{rel}","templated":true}]}}