{"id":30001,"date":"2026-02-27T00:08:35","date_gmt":"2026-02-27T00:08:35","guid":{"rendered":"https:\/\/nordicmart.andreevmaster.com\/product\/songmics-muovinen-vaatekoukku-50-kpl-valkoinen\/"},"modified":"2026-02-27T09:32:33","modified_gmt":"2026-02-27T09:32:33","slug":"songmics-muovinen-vaatekoukku-50-kpl-valkoinen","status":"publish","type":"product","link":"https:\/\/nordicmart.andreevmaster.com\/fi\/tuote\/songmics-muovinen-vaatekoukku-50-kpl-valkoinen\/","title":{"rendered":"SONGMICS muovinen vaatekoukku, 50 kpl, valkoinen"},"content":{"rendered":"<p>Tuotetiedot: Kunkin henkarin mitat: 41,5 x 23 x 0,6 cm (L x K x S) V\u00e4ri: valkoinen Materiaali: PP-muovi Kunkin henkarin kantavuus: 2,5 kg Nettopaino: 1,7 kg Bruttopaino: 2,2 kg Toimitus sis\u00e4lt\u00e4\u00e4: 50 x henkari Huomautus:Pid\u00e4 henkarit poissa syttymisl\u00e4hteist\u00e4, \u00e4l\u00e4 altista henkareita suoralle voimakkaalle auringonvalolle.<\/p>\n","protected":false},"excerpt":{"rendered":"<p>SONGMICS vaatehenkari, 50 kpl, premium-laatu, kest\u00e4v\u00e4 ja ohut, 0,6 cm, tilaa s\u00e4\u00e4st\u00e4v\u00e4, vahva korkealaatuinen muovi, joka kest\u00e4\u00e4 hyvin kuormitusta, aikuisille, leveys 41,5 cm, valkoinen CRP03W-50<\/p>\n","protected":false},"featured_media":39401,"comment_status":"open","ping_status":"closed","template":"","meta":[],"product_brand":[],"product_cat":[32],"product_tag":[],"class_list":{"0":"post-30001","1":"product","2":"type-product","3":"status-publish","4":"has-post-thumbnail","6":"product_cat-uncategorized-fi","8":"first","9":"instock","10":"shipping-taxable","11":"purchasable","12":"product-type-simple"},"_links":{"self":[{"href":"https:\/\/nordicmart.andreevmaster.com\/fi\/wp-json\/wp\/v2\/product\/30001","targetHints":{"allow":["GET"]}}],"collection":[{"href":"https:\/\/nordicmart.andreevmaster.com\/fi\/wp-json\/wp\/v2\/product"}],"about":[{"href":"https:\/\/nordicmart.andreevmaster.com\/fi\/wp-json\/wp\/v2\/types\/product"}],"replies":[{"embeddable":true,"href":"https:\/\/nordicmart.andreevmaster.com\/fi\/wp-json\/wp\/v2\/comments?post=30001"}],"wp:featuredmedia":[{"embeddable":true,"href":"https:\/\/nordicmart.andreevmaster.com\/fi\/wp-json\/wp\/v2\/media\/39401"}],"wp:attachment":[{"href":"https:\/\/nordicmart.andreevmaster.com\/fi\/wp-json\/wp\/v2\/media?parent=30001"}],"wp:term":[{"taxonomy":"product_brand","embeddable":true,"href":"https:\/\/nordicmart.andreevmaster.com\/fi\/wp-json\/wp\/v2\/product_brand?post=30001"},{"taxonomy":"product_cat","embeddable":true,"href":"https:\/\/nordicmart.andreevmaster.com\/fi\/wp-json\/wp\/v2\/product_cat?post=30001"},{"taxonomy":"product_tag","embeddable":true,"href":"https:\/\/nordicmart.andreevmaster.com\/fi\/wp-json\/wp\/v2\/product_tag?post=30001"}],"curies":[{"name":"wp","href":"https:\/\/api.w.org\/{rel}","templated":true}]}}