{"id":30000,"date":"2026-02-27T00:08:35","date_gmt":"2026-02-27T00:08:35","guid":{"rendered":"https:\/\/nordicmart.andreevmaster.com\/product\/songmics-muoviset-henkarit-50-kpl-musta\/"},"modified":"2026-02-27T09:32:33","modified_gmt":"2026-02-27T09:32:33","slug":"songmics-muoviset-henkarit-50-kpl-musta","status":"publish","type":"product","link":"https:\/\/nordicmart.andreevmaster.com\/fi\/tuote\/songmics-muoviset-henkarit-50-kpl-musta\/","title":{"rendered":"SONGMICS muoviset henkarit, 50 kpl, musta"},"content":{"rendered":"<p> Kiinnikkeet lis\u00e4\u00e4v\u00e4t vapautta 10 kiinnikett\u00e4 on helppo kiinnitt\u00e4\u00e4 ja niiden avulla voi ripustaa housut, hameet ja muut vaatteet, joita ei voi ripustaa tavalliselle henkarille.   Ajaton muotoilu ja lovet Henkareiden muotoilun ansiosta voit ripustaa takit ja housut, villapaidat ja hameet tai paidat ja shortsit yhdess\u00e4. Lis\u00e4uritukset sivuilla ovat ihanteellisia olkaimellisille paidoille, rintaliiveille sek\u00e4 hameille ja housuille, joissa on ripustuskoukut.   Omaper\u00e4inen ja hoikka muotoilu Henkarit ovat vain 0,6 cm paksuja, joten ne viev\u00e4t vaatekaapissa vain v\u00e4h\u00e4n tilaa. Ne ovat kuitenkin kest\u00e4vi\u00e4, eiv\u00e4t rikkoudu helposti ja kest\u00e4v\u00e4t useita vaatekappaleita.    Tuotetiedot: &#8211; V\u00e4ri: musta &#8211; Materiaali: PP-muovi &#8211; Kunkin henkarin mitat: 41,5 x 23 x 0,6 cm (L x K x S)  &#8211; Kunkin henkarin paino: 34 g &#8211; Kunkin henkarin enimm\u00e4iskuormitus: 2,5 kg   Toimitus sis\u00e4lt\u00e4\u00e4: &#8211; 50 x vaateripustin  SONGMICS Huomautukset: &#8211; Pid\u00e4 vaateripustimet poissa syttymisl\u00e4hteist\u00e4.  &#8211; \u00c4l\u00e4 k\u00e4yt\u00e4 vaateripustimia korkean l\u00e4mp\u00f6tilan tiloissa.  &#8211; \u00c4l\u00e4 ripusta liian painavia esineit\u00e4 tai vaatteita vaateripustimiin &#8211; \u00c4l\u00e4 k\u00e4yt\u00e4 n\u00e4it\u00e4 vaateripustimia kannettavassa kuivausrummussa. <\/p>\n","protected":false},"excerpt":{"rendered":"<p>SONGMICS vaatehenkari, 50 kpl, premium-laatu, kest\u00e4v\u00e4 ja ohut, 0,6 cm, tilaa s\u00e4\u00e4st\u00e4v\u00e4, vahva korkealaatuinen muovi, joka kest\u00e4\u00e4 hyvin kuormitusta, aikuisille, leveys 41,5 cm, valkoinen CRP03W-50<\/p>\n","protected":false},"featured_media":39400,"comment_status":"open","ping_status":"closed","template":"","meta":[],"product_brand":[],"product_cat":[32],"product_tag":[],"class_list":{"0":"post-30000","1":"product","2":"type-product","3":"status-publish","4":"has-post-thumbnail","6":"product_cat-uncategorized-fi","8":"first","9":"instock","10":"shipping-taxable","11":"purchasable","12":"product-type-simple"},"_links":{"self":[{"href":"https:\/\/nordicmart.andreevmaster.com\/fi\/wp-json\/wp\/v2\/product\/30000","targetHints":{"allow":["GET"]}}],"collection":[{"href":"https:\/\/nordicmart.andreevmaster.com\/fi\/wp-json\/wp\/v2\/product"}],"about":[{"href":"https:\/\/nordicmart.andreevmaster.com\/fi\/wp-json\/wp\/v2\/types\/product"}],"replies":[{"embeddable":true,"href":"https:\/\/nordicmart.andreevmaster.com\/fi\/wp-json\/wp\/v2\/comments?post=30000"}],"wp:featuredmedia":[{"embeddable":true,"href":"https:\/\/nordicmart.andreevmaster.com\/fi\/wp-json\/wp\/v2\/media\/39400"}],"wp:attachment":[{"href":"https:\/\/nordicmart.andreevmaster.com\/fi\/wp-json\/wp\/v2\/media?parent=30000"}],"wp:term":[{"taxonomy":"product_brand","embeddable":true,"href":"https:\/\/nordicmart.andreevmaster.com\/fi\/wp-json\/wp\/v2\/product_brand?post=30000"},{"taxonomy":"product_cat","embeddable":true,"href":"https:\/\/nordicmart.andreevmaster.com\/fi\/wp-json\/wp\/v2\/product_cat?post=30000"},{"taxonomy":"product_tag","embeddable":true,"href":"https:\/\/nordicmart.andreevmaster.com\/fi\/wp-json\/wp\/v2\/product_tag?post=30000"}],"curies":[{"name":"wp","href":"https:\/\/api.w.org\/{rel}","templated":true}]}}