{"id":29999,"date":"2026-02-27T00:08:35","date_gmt":"2026-02-27T00:08:35","guid":{"rendered":"https:\/\/nordicmart.andreevmaster.com\/product\/songmics-housuhenkarit-12-kpln-sarja\/"},"modified":"2026-02-27T09:32:33","modified_gmt":"2026-02-27T09:32:33","slug":"songmics-housuhenkarit-12-kpln-sarja","status":"publish","type":"product","link":"https:\/\/nordicmart.andreevmaster.com\/fi\/tuote\/songmics-housuhenkarit-12-kpln-sarja\/","title":{"rendered":"SONGMICS housuhenkarit 12 kpl:n sarja"},"content":{"rendered":"<p>Vihdoin yhten\u00e4inen ilme Mustat koukut, mustat tangot, mustat pidikkeet \u2013 n\u00e4m\u00e4 housuhenkarit hurmaavat yhten\u00e4isell\u00e4 ilmeell\u00e4\u00e4n. Ripusta ne vaatekaappiisi ja anna sillekin yhten\u00e4inen ilme. Kaikki vaatteet ripustetaan siististi samanlaisille henkareille. Mik\u00e4 silm\u00e4nilo! Sopii erilaisille vaatteille Olipa kyse housuista, hameista, sukista, huiveista, rintaliiveist\u00e4 tai olkaimellisista topeista \u2013 kaikki perheen vaatteet mahtuvat n\u00e4ille muovihenkareille. Siirr\u00e4 klipsej\u00e4 vasemmalle tai oikealle sovittaaksesi ne eri vaatteiden kokoon \u2013 aikuisten tai lasten vaatteet? Ei ongelmaa! Jokainen henkari kest\u00e4\u00e4 jopa 5 kg:n painon, joten voit ripustaa siihen huoletta jopa raskaat farkut. Tuotetiedot: &#8211; V\u00e4ri: musta &#8211; Materiaali: ABS-muovi, metalli &#8211; Koko per henkari: 35,5 x 1 x 15 cm (P x L x K) &#8211; Paino: 78 g &#8211; Maks. staattinen kantavuus ripustinta kohti: 5 kg Toimitussis\u00e4lt\u00f6: &#8211; 12 x housuhenkari SONGMICS Huomautukset: &#8211; Ripustimen maksimikantavuus on 5 kg. \u00c4l\u00e4 ylit\u00e4 t\u00e4t\u00e4 enimm\u00e4ispainoa. &#8211; \u00c4l\u00e4 k\u00e4yt\u00e4 n\u00e4it\u00e4 henkareita kuivausrummussa tai pesukoneessa.<\/p>\n","protected":false},"excerpt":{"rendered":"<p>SONGMICS housuhenkari, 12 kpl:n sarja, vaatehenkari, kest\u00e4v\u00e4, klipseill\u00e4, hamehenkari korkealaatuisesta muovista, tilaa s\u00e4\u00e4st\u00e4v\u00e4, 360\u00b0 k\u00e4\u00e4ntyv\u00e4 koukku, pituus 35 cm, musta CRP02BK12<\/p>\n","protected":false},"featured_media":39399,"comment_status":"open","ping_status":"closed","template":"","meta":[],"product_brand":[],"product_cat":[32],"product_tag":[],"class_list":{"0":"post-29999","1":"product","2":"type-product","3":"status-publish","4":"has-post-thumbnail","6":"product_cat-uncategorized-fi","8":"first","9":"instock","10":"shipping-taxable","11":"purchasable","12":"product-type-simple"},"_links":{"self":[{"href":"https:\/\/nordicmart.andreevmaster.com\/fi\/wp-json\/wp\/v2\/product\/29999","targetHints":{"allow":["GET"]}}],"collection":[{"href":"https:\/\/nordicmart.andreevmaster.com\/fi\/wp-json\/wp\/v2\/product"}],"about":[{"href":"https:\/\/nordicmart.andreevmaster.com\/fi\/wp-json\/wp\/v2\/types\/product"}],"replies":[{"embeddable":true,"href":"https:\/\/nordicmart.andreevmaster.com\/fi\/wp-json\/wp\/v2\/comments?post=29999"}],"wp:featuredmedia":[{"embeddable":true,"href":"https:\/\/nordicmart.andreevmaster.com\/fi\/wp-json\/wp\/v2\/media\/39399"}],"wp:attachment":[{"href":"https:\/\/nordicmart.andreevmaster.com\/fi\/wp-json\/wp\/v2\/media?parent=29999"}],"wp:term":[{"taxonomy":"product_brand","embeddable":true,"href":"https:\/\/nordicmart.andreevmaster.com\/fi\/wp-json\/wp\/v2\/product_brand?post=29999"},{"taxonomy":"product_cat","embeddable":true,"href":"https:\/\/nordicmart.andreevmaster.com\/fi\/wp-json\/wp\/v2\/product_cat?post=29999"},{"taxonomy":"product_tag","embeddable":true,"href":"https:\/\/nordicmart.andreevmaster.com\/fi\/wp-json\/wp\/v2\/product_tag?post=29999"}],"curies":[{"name":"wp","href":"https:\/\/api.w.org\/{rel}","templated":true}]}}