{"id":29997,"date":"2026-02-27T00:08:35","date_gmt":"2026-02-27T00:08:35","guid":{"rendered":"https:\/\/nordicmart.andreevmaster.com\/product\/songmics-30-kpl-muovisia-henkareita\/"},"modified":"2026-02-27T09:32:33","modified_gmt":"2026-02-27T09:32:33","slug":"songmics-30-kpl-muovisia-henkareita","status":"publish","type":"product","link":"https:\/\/nordicmart.andreevmaster.com\/fi\/tuote\/songmics-30-kpl-muovisia-henkareita\/","title":{"rendered":"SONGMICS 30 kpl muovisia henkareita"},"content":{"rendered":"<p>Tuotetiedot: V\u00e4ri: Vaaleanharmaa-Tummanharmaa Materiaali: ABS-muovi, metallikoukku Koko per henkari: 42 x 0,5 x 21,5 cm (P x L x K) Paino 30 henkarille: 2,6 kg Maks. staattinen kantavuus per henkari: 5 kg Toimitus sis\u00e4lt\u00e4\u00e4: 30 x henkari SONGMICS Huomautukset:\u00c4l\u00e4 ripusta liian painavia vaatteita henkareille. \u00c4l\u00e4 k\u00e4yt\u00e4 n\u00e4it\u00e4 henkareita kuivausrummussa.<\/p>\n","protected":false},"excerpt":{"rendered":"<p>SONGMICS vaateripustin, 30 kpl:n sarja, muoviset takkiriipustimet, kest\u00e4v\u00e4, liukumaton muotoilu, tilaa s\u00e4\u00e4st\u00e4v\u00e4, paksuus 0,6 cm, pituus 42 cm, koukku ruusukulta, vaaleanharmaa-tummanharmaa CRP020G01<\/p>\n","protected":false},"featured_media":39397,"comment_status":"open","ping_status":"closed","template":"","meta":[],"product_brand":[],"product_cat":[32],"product_tag":[],"class_list":{"0":"post-29997","1":"product","2":"type-product","3":"status-publish","4":"has-post-thumbnail","6":"product_cat-uncategorized-fi","8":"first","9":"instock","10":"shipping-taxable","11":"purchasable","12":"product-type-simple"},"_links":{"self":[{"href":"https:\/\/nordicmart.andreevmaster.com\/fi\/wp-json\/wp\/v2\/product\/29997","targetHints":{"allow":["GET"]}}],"collection":[{"href":"https:\/\/nordicmart.andreevmaster.com\/fi\/wp-json\/wp\/v2\/product"}],"about":[{"href":"https:\/\/nordicmart.andreevmaster.com\/fi\/wp-json\/wp\/v2\/types\/product"}],"replies":[{"embeddable":true,"href":"https:\/\/nordicmart.andreevmaster.com\/fi\/wp-json\/wp\/v2\/comments?post=29997"}],"wp:featuredmedia":[{"embeddable":true,"href":"https:\/\/nordicmart.andreevmaster.com\/fi\/wp-json\/wp\/v2\/media\/39397"}],"wp:attachment":[{"href":"https:\/\/nordicmart.andreevmaster.com\/fi\/wp-json\/wp\/v2\/media?parent=29997"}],"wp:term":[{"taxonomy":"product_brand","embeddable":true,"href":"https:\/\/nordicmart.andreevmaster.com\/fi\/wp-json\/wp\/v2\/product_brand?post=29997"},{"taxonomy":"product_cat","embeddable":true,"href":"https:\/\/nordicmart.andreevmaster.com\/fi\/wp-json\/wp\/v2\/product_cat?post=29997"},{"taxonomy":"product_tag","embeddable":true,"href":"https:\/\/nordicmart.andreevmaster.com\/fi\/wp-json\/wp\/v2\/product_tag?post=29997"}],"curies":[{"name":"wp","href":"https:\/\/api.w.org\/{rel}","templated":true}]}}