{"id":29996,"date":"2026-02-27T00:08:34","date_gmt":"2026-02-27T00:08:34","guid":{"rendered":"https:\/\/nordicmart.andreevmaster.com\/product\/songmics-muoviset-takkipenkit-30-kpln-sarja\/"},"modified":"2026-02-27T09:32:33","modified_gmt":"2026-02-27T09:32:33","slug":"songmics-muoviset-takkipenkit-30-kpln-sarja","status":"publish","type":"product","link":"https:\/\/nordicmart.andreevmaster.com\/fi\/tuote\/songmics-muoviset-takkipenkit-30-kpln-sarja\/","title":{"rendered":"SONGMICS muoviset takkipenkit, 30 kpl:n sarja"},"content":{"rendered":"<p>Onko sinulla vaikeuksia valita sopivaa henkaria laajan valikoiman joukosta? Kokeile n\u00e4it\u00e4 yksinkertaisia SONGMICS-henkareita, jotka tuovat vaatekaappiisi ripauksen tyylikkyytt\u00e4. Joskus yksinkertainen muotoilu on juuri se, mit\u00e4 tarvitset. Olipa kyseess\u00e4 untuvatakit, villatakit, tuulitakit, paidat, mekot, housut, hameet, huivit tai pyyhkeet \u2013 kaikki vaatteet voidaan ripustaa henkareille ja ottaa niist\u00e4 pois helposti. N\u00e4m\u00e4 SONGMICS-vaatehenkarit tarjoavat kaikki tarvitsemasi toiminnot vaatteiden siistiin ja rypistym\u00e4tt\u00f6m\u00e4\u00e4n s\u00e4ilytykseen. Tuotetiedot:- V\u00e4ri: vaaleanharmaa-tummanharmaa &#8211; Materiaali: ABS-muovi &#8211; Koko per henkari: 42 x 0,6 x 21,5 cm (P x L x K) &#8211; Paino per henkari: 83 g &#8211; Maks. staattinen kantavuus per henkari: 5 kg Toimitus sis\u00e4lt\u00e4\u00e4: &#8211; 30 x henkari<\/p>\n","protected":false},"excerpt":{"rendered":"<p>SONGMICS vaateripustin, 30 kpl:n sarja, muoviset takkiriipustimet, kest\u00e4v\u00e4, liukumaton muotoilu, tilaa s\u00e4\u00e4st\u00e4v\u00e4, paksuus 0,6 cm, pituus 42 cm, koukku ruusukulta, vaaleanharmaa-tummanharmaa CRP020G01<\/p>\n","protected":false},"featured_media":39396,"comment_status":"open","ping_status":"closed","template":"","meta":[],"product_brand":[],"product_cat":[32],"product_tag":[],"class_list":{"0":"post-29996","1":"product","2":"type-product","3":"status-publish","4":"has-post-thumbnail","6":"product_cat-uncategorized-fi","8":"first","9":"instock","10":"shipping-taxable","11":"purchasable","12":"product-type-simple"},"_links":{"self":[{"href":"https:\/\/nordicmart.andreevmaster.com\/fi\/wp-json\/wp\/v2\/product\/29996","targetHints":{"allow":["GET"]}}],"collection":[{"href":"https:\/\/nordicmart.andreevmaster.com\/fi\/wp-json\/wp\/v2\/product"}],"about":[{"href":"https:\/\/nordicmart.andreevmaster.com\/fi\/wp-json\/wp\/v2\/types\/product"}],"replies":[{"embeddable":true,"href":"https:\/\/nordicmart.andreevmaster.com\/fi\/wp-json\/wp\/v2\/comments?post=29996"}],"wp:featuredmedia":[{"embeddable":true,"href":"https:\/\/nordicmart.andreevmaster.com\/fi\/wp-json\/wp\/v2\/media\/39396"}],"wp:attachment":[{"href":"https:\/\/nordicmart.andreevmaster.com\/fi\/wp-json\/wp\/v2\/media?parent=29996"}],"wp:term":[{"taxonomy":"product_brand","embeddable":true,"href":"https:\/\/nordicmart.andreevmaster.com\/fi\/wp-json\/wp\/v2\/product_brand?post=29996"},{"taxonomy":"product_cat","embeddable":true,"href":"https:\/\/nordicmart.andreevmaster.com\/fi\/wp-json\/wp\/v2\/product_cat?post=29996"},{"taxonomy":"product_tag","embeddable":true,"href":"https:\/\/nordicmart.andreevmaster.com\/fi\/wp-json\/wp\/v2\/product_tag?post=29996"}],"curies":[{"name":"wp","href":"https:\/\/api.w.org\/{rel}","templated":true}]}}