{"id":29995,"date":"2026-02-27T00:08:34","date_gmt":"2026-02-27T00:08:34","guid":{"rendered":"https:\/\/nordicmart.andreevmaster.com\/product\/songmics-housuhenkari-12-kpl-harmaa\/"},"modified":"2026-02-27T09:32:32","modified_gmt":"2026-02-27T09:32:32","slug":"songmics-housuhenkari-12-kpl-harmaa","status":"publish","type":"product","link":"https:\/\/nordicmart.andreevmaster.com\/fi\/tuote\/songmics-housuhenkari-12-kpl-harmaa\/","title":{"rendered":"SONGMICS housuhenkari 12 kpl harmaa"},"content":{"rendered":"<p>Pyrimme aina tarjoamaan sinulle korkealaatuisia tuotteita. N\u00e4iden paranneltujen henkareiden avulla voit ripustaa takit ja sopivat housut yhdess\u00e4. T\u00e4m\u00e4n pienen lis\u00e4varusteen avulla saat pukuhuoneen, vaatekaapin ja vaatetelineen kaaoksen hallintaan ja l\u00f6yd\u00e4t aamulla nopeasti juuri sen, mit\u00e4 etsit.T\u00e4m\u00e4 SONGMICS-housuhenkaripakkaus 2-in-1-mallina tarjoaa sinulle t\u00e4ydellisen ratkaisun vaatteiden sujuvaan j\u00e4rjest\u00e4miseen: housusi tai hameesi sek\u00e4 sopivat paidat tai villapaidat ovat aina j\u00e4rjestyksess\u00e4 yhdess\u00e4 paikassa, joten ne ovat aamuisin aina k\u00e4den ulottuvilla. Pieni temppu, suuri vaikutus! Kest\u00e4v\u00e4 ja k\u00e4yt\u00e4nn\u00f6llinen Laatu on sen vahvuus. Henkarimme on valmistettu kest\u00e4v\u00e4st\u00e4 ABS-muovista ja kukin kest\u00e4\u00e4 jopa 2,5 kg:n painon, joten ne kest\u00e4v\u00e4t helposti paitojen, villapaitojen jne. painon. S\u00e4\u00e4dett\u00e4vien kiinnikkeiden ansiosta my\u00f6s eri kokoiset hameet, housut, pyyhkeet tai huivit mahtuvat n\u00e4ille henkareille. Lis\u00e4ksi ne on varustettu kumisuojuksilla, joten voit sanoa hyv\u00e4stit \u00e4rsytt\u00e4v\u00e4lle liukumiselle! Lis\u00e4ksi koukku on 360\u00b0 k\u00e4\u00e4ntyv\u00e4, mik\u00e4 mahdollistaa joustavan k\u00e4yt\u00f6n. N\u00e4in s\u00e4\u00e4st\u00e4t tilaa lis\u00e4\u00e4 vaatteille Haluatko pelastaa vaatekaappisi kasautuvilta vaatevuorilta? Ohut henkarimme avulla saat lis\u00e4\u00e4 s\u00e4ilytystilaa vaatekaappiisi, jotta voit ripustaa aiemmin p\u00e4\u00e4llekk\u00e4in pinotut vaatteet ja antaa niille enemm\u00e4n tilaa hengitt\u00e4\u00e4. Tuotetiedot: V\u00e4ri: harmaa Materiaali: ABS-muovi Mitat per henkari: 42 x 23,5 x 0,5 cm (L x K x S) Paino per henkari: 94 g Maks. kantavuus per henkari: 2,5 kg Toimitus sis\u00e4lt\u00e4\u00e4: 12 x henkari SONGMICS Huomautukset: \u00c4l\u00e4 ripusta liian painavia vaatteita henkareille.\u00c4l\u00e4 k\u00e4yt\u00e4 henkareita kannettavassa kuivausrummussa.<\/p>\n","protected":false},"excerpt":{"rendered":"<p>SONGMICS 12 kpl housuhenkareita, muoviset henkarit, klipseill\u00e4 ja 360\u00b0 k\u00e4\u00e4ntyv\u00e4ll\u00e4 koukulla, luistamattomat, ohuet, tilaa s\u00e4\u00e4st\u00e4v\u00e4t, housuille, hameille, mekkoille, pyyhkeille, harmaat CRP01G-12<\/p>\n","protected":false},"featured_media":39395,"comment_status":"open","ping_status":"closed","template":"","meta":[],"product_brand":[],"product_cat":[32],"product_tag":[],"class_list":{"0":"post-29995","1":"product","2":"type-product","3":"status-publish","4":"has-post-thumbnail","6":"product_cat-uncategorized-fi","8":"first","9":"instock","10":"shipping-taxable","11":"purchasable","12":"product-type-simple"},"_links":{"self":[{"href":"https:\/\/nordicmart.andreevmaster.com\/fi\/wp-json\/wp\/v2\/product\/29995","targetHints":{"allow":["GET"]}}],"collection":[{"href":"https:\/\/nordicmart.andreevmaster.com\/fi\/wp-json\/wp\/v2\/product"}],"about":[{"href":"https:\/\/nordicmart.andreevmaster.com\/fi\/wp-json\/wp\/v2\/types\/product"}],"replies":[{"embeddable":true,"href":"https:\/\/nordicmart.andreevmaster.com\/fi\/wp-json\/wp\/v2\/comments?post=29995"}],"wp:featuredmedia":[{"embeddable":true,"href":"https:\/\/nordicmart.andreevmaster.com\/fi\/wp-json\/wp\/v2\/media\/39395"}],"wp:attachment":[{"href":"https:\/\/nordicmart.andreevmaster.com\/fi\/wp-json\/wp\/v2\/media?parent=29995"}],"wp:term":[{"taxonomy":"product_brand","embeddable":true,"href":"https:\/\/nordicmart.andreevmaster.com\/fi\/wp-json\/wp\/v2\/product_brand?post=29995"},{"taxonomy":"product_cat","embeddable":true,"href":"https:\/\/nordicmart.andreevmaster.com\/fi\/wp-json\/wp\/v2\/product_cat?post=29995"},{"taxonomy":"product_tag","embeddable":true,"href":"https:\/\/nordicmart.andreevmaster.com\/fi\/wp-json\/wp\/v2\/product_tag?post=29995"}],"curies":[{"name":"wp","href":"https:\/\/api.w.org\/{rel}","templated":true}]}}