{"id":29988,"date":"2026-02-27T00:08:33","date_gmt":"2026-02-27T00:08:33","guid":{"rendered":"https:\/\/nordicmart.andreevmaster.com\/product\/songmics-40-cm-pitka-housuhenkari\/"},"modified":"2026-02-27T09:32:31","modified_gmt":"2026-02-27T09:32:31","slug":"songmics-40-cm-pitka-housuhenkari","status":"publish","type":"product","link":"https:\/\/nordicmart.andreevmaster.com\/fi\/tuote\/songmics-40-cm-pitka-housuhenkari\/","title":{"rendered":"SONGMICS 40 cm pitk\u00e4 housuhenkari"},"content":{"rendered":"<p>Haluatko pit\u00e4\u00e4 housusi tai hameesi aina hyv\u00e4ss\u00e4 kunnossa, mutta et halua silitt\u00e4\u00e4 niit\u00e4 ennen treffej\u00e4 tai kokousta? Sitten t\u00e4m\u00e4 10 housuhenkarin sarja on juuri sinulle sopiva. Vaatteesi voidaan ripustaa n\u00e4ille henkareille ilman taitteita, ja ne ovat aina k\u00e4ytt\u00f6valmiina. T\u00e4m\u00e4n 10 hameen ripustimen setin kohokohdat: &#8211; Verrattuna muihin ripustimiin n\u00e4m\u00e4 mallit ovat erityisen pitki\u00e4 (40 cm) ja sopivat siten monenlaisiin vaatteisiin. &#8211; Kromatusta metallilangasta valmistetut ripustimet ovat ruostumattomia ja kest\u00e4vi\u00e4. &#8211; S\u00e4\u00e4dett\u00e4vien kiinnikkeiden ansiosta ripustimiin mahtuvat kaikki perheenj\u00e4senten erikokoiset vaatteet. &#8211; 360\u00b0 k\u00e4\u00e4ntyv\u00e4n koukun ansiosta voit helposti k\u00e4\u00e4nt\u00e4\u00e4 vaatteesi, jos olet ripustanut ne v\u00e4\u00e4rin p\u00e4in. Tuotetiedot:- V\u00e4ri: ruusukulta &#8211; Materiaali: metalli &#8211; Koko: 40 x 0,5 x 10,5 cm (P x L x K) &#8211; Paino per henkari: 0,7 kg &#8211; Maks. staattinen kantavuus per henkari: 3 kg Toimitus sis\u00e4lt\u00e4\u00e4: &#8211; 10 x metallinen housuhenkari SONGMICS-ohjeet: &#8211; Henkarin maksimaalinen kantavuus on 3 kg. \u00c4l\u00e4 ylit\u00e4 t\u00e4t\u00e4 enimm\u00e4ispainoa. &#8211; \u00c4l\u00e4 k\u00e4yt\u00e4 n\u00e4it\u00e4 henkareita kuivausrummussa tai pesukoneessa.<\/p>\n","protected":false},"excerpt":{"rendered":"<p>SONGMICS metallinen housuhenkari, henkari housuille, hameille, sukkille, 10 kpl:n sarja, pituus 40 cm, luistamaton, ruostumaton, s\u00e4\u00e4dett\u00e4vill\u00e4 kiinnikkeill\u00e4, kromattu koukku 360\u00b0 k\u00e4\u00e4ntyv\u00e4, ruusukulta CRI47R10<\/p>\n","protected":false},"featured_media":39388,"comment_status":"open","ping_status":"closed","template":"","meta":[],"product_brand":[],"product_cat":[32],"product_tag":[],"class_list":{"0":"post-29988","1":"product","2":"type-product","3":"status-publish","4":"has-post-thumbnail","6":"product_cat-uncategorized-fi","8":"first","9":"instock","10":"shipping-taxable","11":"purchasable","12":"product-type-simple"},"_links":{"self":[{"href":"https:\/\/nordicmart.andreevmaster.com\/fi\/wp-json\/wp\/v2\/product\/29988","targetHints":{"allow":["GET"]}}],"collection":[{"href":"https:\/\/nordicmart.andreevmaster.com\/fi\/wp-json\/wp\/v2\/product"}],"about":[{"href":"https:\/\/nordicmart.andreevmaster.com\/fi\/wp-json\/wp\/v2\/types\/product"}],"replies":[{"embeddable":true,"href":"https:\/\/nordicmart.andreevmaster.com\/fi\/wp-json\/wp\/v2\/comments?post=29988"}],"wp:featuredmedia":[{"embeddable":true,"href":"https:\/\/nordicmart.andreevmaster.com\/fi\/wp-json\/wp\/v2\/media\/39388"}],"wp:attachment":[{"href":"https:\/\/nordicmart.andreevmaster.com\/fi\/wp-json\/wp\/v2\/media?parent=29988"}],"wp:term":[{"taxonomy":"product_brand","embeddable":true,"href":"https:\/\/nordicmart.andreevmaster.com\/fi\/wp-json\/wp\/v2\/product_brand?post=29988"},{"taxonomy":"product_cat","embeddable":true,"href":"https:\/\/nordicmart.andreevmaster.com\/fi\/wp-json\/wp\/v2\/product_cat?post=29988"},{"taxonomy":"product_tag","embeddable":true,"href":"https:\/\/nordicmart.andreevmaster.com\/fi\/wp-json\/wp\/v2\/product_tag?post=29988"}],"curies":[{"name":"wp","href":"https:\/\/api.w.org\/{rel}","templated":true}]}}