{"id":29987,"date":"2026-02-27T00:08:32","date_gmt":"2026-02-27T00:08:32","guid":{"rendered":"https:\/\/nordicmart.andreevmaster.com\/product\/songmics-kiinnityskannattimet-10-kpl-ruusukulta\/"},"modified":"2026-02-27T09:32:31","modified_gmt":"2026-02-27T09:32:31","slug":"songmics-kiinnityskannattimet-10-kpl-ruusukulta","status":"publish","type":"product","link":"https:\/\/nordicmart.andreevmaster.com\/fi\/tuote\/songmics-kiinnityskannattimet-10-kpl-ruusukulta\/","title":{"rendered":"SONGMICS kiinnityskannattimet 10 kpl, ruusukulta"},"content":{"rendered":"<p>Miksi valita SONGMICS-vaatekoukut? Kiilt\u00e4v\u00e4 ruusukullanv\u00e4rinen pinta ja yksinkertainen muotoilu tuovat mukanaan aivan uudenlaisen valinnan. Valittu materiaali, kest\u00e4v\u00e4 ja pitk\u00e4ik\u00e4inen; kromattu pinta, ruosteenkest\u00e4v\u00e4 ja haalistumaton. Sopii sek\u00e4 kuivien ett\u00e4 kosteiden vaatteiden ripustamiseen. Tuotetiedot: V\u00e4ri: ruusukulta Materiaali: rautalanka, kromipinnoite Koko: 31 x 0,5 x 10,5 cm (P x L x K) Paino per henkari: 0,68 kg Maks. kantavuus per henkari: 3 kg Toimitus sis\u00e4lt\u00e4\u00e4: 10 x housuhenkari ruusukultaisena SONGMICS-ohjeet: \u00c4l\u00e4 ylit\u00e4 henkarin maksimikantavuutta, joka on 3 kg.Poista henkarit ennen vaatteiden pesua tai kuivausrummussa kuivattamista.<\/p>\n","protected":false},"excerpt":{"rendered":"<p>SONGMICS housuhenkari metallinen vaatehenkari ruusukulta, 31 cm, 2 luistamatonta pidikett\u00e4 hameille, housuille, alusvaatteille, tukeva henkari, tilaa s\u00e4\u00e4st\u00e4v\u00e4, ruostumaton, 360\u00b0 k\u00e4\u00e4ntyv\u00e4, 10 kpl CRI46R-10<\/p>\n","protected":false},"featured_media":39387,"comment_status":"open","ping_status":"closed","template":"","meta":[],"product_brand":[],"product_cat":[32],"product_tag":[],"class_list":{"0":"post-29987","1":"product","2":"type-product","3":"status-publish","4":"has-post-thumbnail","6":"product_cat-uncategorized-fi","8":"first","9":"instock","10":"shipping-taxable","11":"purchasable","12":"product-type-simple"},"_links":{"self":[{"href":"https:\/\/nordicmart.andreevmaster.com\/fi\/wp-json\/wp\/v2\/product\/29987","targetHints":{"allow":["GET"]}}],"collection":[{"href":"https:\/\/nordicmart.andreevmaster.com\/fi\/wp-json\/wp\/v2\/product"}],"about":[{"href":"https:\/\/nordicmart.andreevmaster.com\/fi\/wp-json\/wp\/v2\/types\/product"}],"replies":[{"embeddable":true,"href":"https:\/\/nordicmart.andreevmaster.com\/fi\/wp-json\/wp\/v2\/comments?post=29987"}],"wp:featuredmedia":[{"embeddable":true,"href":"https:\/\/nordicmart.andreevmaster.com\/fi\/wp-json\/wp\/v2\/media\/39387"}],"wp:attachment":[{"href":"https:\/\/nordicmart.andreevmaster.com\/fi\/wp-json\/wp\/v2\/media?parent=29987"}],"wp:term":[{"taxonomy":"product_brand","embeddable":true,"href":"https:\/\/nordicmart.andreevmaster.com\/fi\/wp-json\/wp\/v2\/product_brand?post=29987"},{"taxonomy":"product_cat","embeddable":true,"href":"https:\/\/nordicmart.andreevmaster.com\/fi\/wp-json\/wp\/v2\/product_cat?post=29987"},{"taxonomy":"product_tag","embeddable":true,"href":"https:\/\/nordicmart.andreevmaster.com\/fi\/wp-json\/wp\/v2\/product_tag?post=29987"}],"curies":[{"name":"wp","href":"https:\/\/api.w.org\/{rel}","templated":true}]}}