{"id":29986,"date":"2026-02-27T00:08:32","date_gmt":"2026-02-27T00:08:32","guid":{"rendered":"https:\/\/nordicmart.andreevmaster.com\/product\/songmics-vaateripustin-20-kpln-sarja\/"},"modified":"2026-02-27T09:32:31","modified_gmt":"2026-02-27T09:32:31","slug":"songmics-vaateripustin-20-kpln-sarja","status":"publish","type":"product","link":"https:\/\/nordicmart.andreevmaster.com\/fi\/tuote\/songmics-vaateripustin-20-kpln-sarja\/","title":{"rendered":"SONGMICS vaateripustin 20 kpl:n sarja"},"content":{"rendered":"<p>SONGMICS-vaatehenkari lapsille, ruusukulta, tukeva metallilankainen henkari, vauvanvaatteille, vaatekaappiin. \u00c4rtyyk\u00f6 sinua, kun lastenhuoneessa on vaatteita ymp\u00e4riins\u00e4? Haluatko l\u00f6yt\u00e4\u00e4 oikeat henkarit lastesi vaatteille?SONGMICS metalliset henkarit ruusukultaisena \u2013 ihanteellinen ratkaisu!N\u00e4iden suloisten henkareiden avulla saat lastesi vaatteet j\u00e4rjestykseen hetkess\u00e4.Vieh\u00e4tt\u00e4v\u00e4 ruusukulta v\u00e4ri tuo my\u00f6s ripauksen eleganssia vaatekaappiisi.N\u00e4m\u00e4 metalliset henkarit sopivat erilaisten vaatteiden ripustamiseen, pienist\u00e4 takkeista ja T-paidoista hameisiin, housuihin jne. Henkarit ovat vain 0,5 cm paksuja ja viev\u00e4t v\u00e4h\u00e4n tilaa, joten ne s\u00e4\u00e4st\u00e4v\u00e4t paljon s\u00e4ilytystilaa vaatekaapissa. SONGMICS:n vaahteranpunaiset henkarit lapsille Miksi valita SONGMICS:n henkarit?Kiilt\u00e4v\u00e4 ruusukullanv\u00e4rinen pinta ja yksinkertainen muotoilu tarjoavat aivan uuden, tyylikk\u00e4\u00e4n s\u00e4ilytysratkaisun lastesi vaatteille! Valikoitu materiaali, kest\u00e4v\u00e4 ja pitk\u00e4ik\u00e4inen; kromattu pinta, ruosteenkest\u00e4v\u00e4 ja haalistumaton Sopii sek\u00e4 kuivien ett\u00e4 kosteiden vaatteiden ripustamiseen Huolellisesti muotoillut koukut, joissa on py\u00f6ristetyt p\u00e4\u00e4t Tuotetiedot:V\u00e4ri: ruusukulta Materiaali: rautalanka, kromipinnoite Koko: 35 x 0,5 x 19 cm (P x L x K) Paino per henkari: 0,85 kg Maks. kantavuus per henkari: 2,5 kg Toimitus sis\u00e4lt\u00e4\u00e4: 20 x ruusukultaista henkaria SONGMICS-ohjeet:\u00c4l\u00e4 ylit\u00e4 henkarin enimm\u00e4iskantavuutta, joka on 2,5 kg. Poista henkarit ennen vaatteiden pesua tai kuivausrummussa kuivattamista.<\/p>\n","protected":false},"excerpt":{"rendered":"<p>SONGMICS vaateripustin lasten\/vauvojen vaatteille, ruusukultaista metallia, 35 cm, tukeva metallilangasta valmistettu ripustin, vauvanvaatteille, vaatekaappiin, tilaa s\u00e4\u00e4st\u00e4v\u00e4, lovella, 20 kpl CRI45R-20<\/p>\n","protected":false},"featured_media":39386,"comment_status":"open","ping_status":"closed","template":"","meta":[],"product_brand":[],"product_cat":[32],"product_tag":[],"class_list":{"0":"post-29986","1":"product","2":"type-product","3":"status-publish","4":"has-post-thumbnail","6":"product_cat-uncategorized-fi","8":"first","9":"instock","10":"shipping-taxable","11":"purchasable","12":"product-type-simple"},"_links":{"self":[{"href":"https:\/\/nordicmart.andreevmaster.com\/fi\/wp-json\/wp\/v2\/product\/29986","targetHints":{"allow":["GET"]}}],"collection":[{"href":"https:\/\/nordicmart.andreevmaster.com\/fi\/wp-json\/wp\/v2\/product"}],"about":[{"href":"https:\/\/nordicmart.andreevmaster.com\/fi\/wp-json\/wp\/v2\/types\/product"}],"replies":[{"embeddable":true,"href":"https:\/\/nordicmart.andreevmaster.com\/fi\/wp-json\/wp\/v2\/comments?post=29986"}],"wp:featuredmedia":[{"embeddable":true,"href":"https:\/\/nordicmart.andreevmaster.com\/fi\/wp-json\/wp\/v2\/media\/39386"}],"wp:attachment":[{"href":"https:\/\/nordicmart.andreevmaster.com\/fi\/wp-json\/wp\/v2\/media?parent=29986"}],"wp:term":[{"taxonomy":"product_brand","embeddable":true,"href":"https:\/\/nordicmart.andreevmaster.com\/fi\/wp-json\/wp\/v2\/product_brand?post=29986"},{"taxonomy":"product_cat","embeddable":true,"href":"https:\/\/nordicmart.andreevmaster.com\/fi\/wp-json\/wp\/v2\/product_cat?post=29986"},{"taxonomy":"product_tag","embeddable":true,"href":"https:\/\/nordicmart.andreevmaster.com\/fi\/wp-json\/wp\/v2\/product_tag?post=29986"}],"curies":[{"name":"wp","href":"https:\/\/api.w.org\/{rel}","templated":true}]}}