{"id":29985,"date":"2026-02-27T00:08:32","date_gmt":"2026-02-27T00:08:32","guid":{"rendered":"https:\/\/nordicmart.andreevmaster.com\/product\/songmics-vaateripustimet-kromatut-20-kpln-sarja\/"},"modified":"2026-02-27T09:32:31","modified_gmt":"2026-02-27T09:32:31","slug":"songmics-vaateripustimet-kromatut-20-kpln-sarja","status":"publish","type":"product","link":"https:\/\/nordicmart.andreevmaster.com\/fi\/tuote\/songmics-vaateripustimet-kromatut-20-kpln-sarja\/","title":{"rendered":"SONGMICS vaateripustimet, kromatut, 20 kpl:n sarja"},"content":{"rendered":"<p>Skandinaaviseen tyyliin ja romanttiseen ruusukullan v\u00e4riin suunniteltu henkari tarjoaa erinomaisen s\u00e4ilytyskokemuksen. Tuotetiedot: &#8211; V\u00e4ri: ruusukulta &#8211; Materiaali: kromattu metalli &#8211; Mitat: 42 x 0,3 x 21 cm (P x L x K) (kukin kappale) &#8211; Paino: 1,28 kg (20 kpl) &#8211; K\u00e4ytt\u00f6kohde: sis\u00e4- ja ulkok\u00e4ytt\u00f6 Toimitus sis\u00e4lt\u00e4\u00e4: &#8211; 20 x vaatehenkari ruusukultaisena SONGMICS-ohjeet: &#8211; V\u00e4lt\u00e4 pit\u00e4m\u00e4st\u00e4 henkareita pitk\u00e4\u00e4n korkeassa l\u00e4mp\u00f6tilassa &#8211; K\u00e4yt\u00e4 puhdistukseen hieman kostutettua liinaa<\/p>\n","protected":false},"excerpt":{"rendered":"<p>SONGMICS 10 x metallinen vaateripustin, ruusukulta, tyylik\u00e4s kromipinnoite, ruostumaton, tilaa s\u00e4\u00e4st\u00e4v\u00e4, pituus 42 cm CRI44R-10, 10 kpl:n sarja<\/p>\n","protected":false},"featured_media":39385,"comment_status":"open","ping_status":"closed","template":"","meta":[],"product_brand":[],"product_cat":[32],"product_tag":[],"class_list":{"0":"post-29985","1":"product","2":"type-product","3":"status-publish","4":"has-post-thumbnail","6":"product_cat-uncategorized-fi","8":"first","9":"instock","10":"shipping-taxable","11":"purchasable","12":"product-type-simple"},"_links":{"self":[{"href":"https:\/\/nordicmart.andreevmaster.com\/fi\/wp-json\/wp\/v2\/product\/29985","targetHints":{"allow":["GET"]}}],"collection":[{"href":"https:\/\/nordicmart.andreevmaster.com\/fi\/wp-json\/wp\/v2\/product"}],"about":[{"href":"https:\/\/nordicmart.andreevmaster.com\/fi\/wp-json\/wp\/v2\/types\/product"}],"replies":[{"embeddable":true,"href":"https:\/\/nordicmart.andreevmaster.com\/fi\/wp-json\/wp\/v2\/comments?post=29985"}],"wp:featuredmedia":[{"embeddable":true,"href":"https:\/\/nordicmart.andreevmaster.com\/fi\/wp-json\/wp\/v2\/media\/39385"}],"wp:attachment":[{"href":"https:\/\/nordicmart.andreevmaster.com\/fi\/wp-json\/wp\/v2\/media?parent=29985"}],"wp:term":[{"taxonomy":"product_brand","embeddable":true,"href":"https:\/\/nordicmart.andreevmaster.com\/fi\/wp-json\/wp\/v2\/product_brand?post=29985"},{"taxonomy":"product_cat","embeddable":true,"href":"https:\/\/nordicmart.andreevmaster.com\/fi\/wp-json\/wp\/v2\/product_cat?post=29985"},{"taxonomy":"product_tag","embeddable":true,"href":"https:\/\/nordicmart.andreevmaster.com\/fi\/wp-json\/wp\/v2\/product_tag?post=29985"}],"curies":[{"name":"wp","href":"https:\/\/api.w.org\/{rel}","templated":true}]}}