{"id":29984,"date":"2026-02-27T00:08:32","date_gmt":"2026-02-27T00:08:32","guid":{"rendered":"https:\/\/nordicmart.andreevmaster.com\/product\/songmics-metallinen-ripustin-10-kpl-ruusukulta\/"},"modified":"2026-02-27T09:32:31","modified_gmt":"2026-02-27T09:32:31","slug":"songmics-metallinen-ripustin-10-kpl-ruusukulta","status":"publish","type":"product","link":"https:\/\/nordicmart.andreevmaster.com\/fi\/tuote\/songmics-metallinen-ripustin-10-kpl-ruusukulta\/","title":{"rendered":"SONGMICS metallinen ripustin, 10 kpl, ruusukulta"},"content":{"rendered":"<p>Huomautukset: &#8211; V\u00e4lt\u00e4 ripustimien pitk\u00e4aikaista s\u00e4ilytyst\u00e4 korkeassa l\u00e4mp\u00f6tilassa. &#8211; Puhdista ripustimet kevyesti kostutetulla liinalla. Tuotetiedot: &#8211; Mitat: 42 x 19,7 x 0,3 cm (L x K x S) &#8211; V\u00e4ri: ruusukulta &#8211; Materiaali: kromattu metalli &#8211; Kunkin henkarin kantavuus: 3 kg &#8211; Paino (10 kpl): 0,375 kg &#8211; Bruttopaino: 0,4 kg  Toimitus sis\u00e4lt\u00e4\u00e4 &#8211; 10 kpl henkareita<\/p>\n","protected":false},"excerpt":{"rendered":"<p>SONGMICS 10 x metallinen vaateripustin, ruusukulta, tyylik\u00e4s kromipinnoite, ruostumaton, tilaa s\u00e4\u00e4st\u00e4v\u00e4, pituus 42 cm CRI44R-10, 10 kpl:n sarja<\/p>\n","protected":false},"featured_media":39384,"comment_status":"open","ping_status":"closed","template":"","meta":[],"product_brand":[],"product_cat":[32],"product_tag":[],"class_list":{"0":"post-29984","1":"product","2":"type-product","3":"status-publish","4":"has-post-thumbnail","6":"product_cat-uncategorized-fi","8":"first","9":"instock","10":"shipping-taxable","11":"purchasable","12":"product-type-simple"},"_links":{"self":[{"href":"https:\/\/nordicmart.andreevmaster.com\/fi\/wp-json\/wp\/v2\/product\/29984","targetHints":{"allow":["GET"]}}],"collection":[{"href":"https:\/\/nordicmart.andreevmaster.com\/fi\/wp-json\/wp\/v2\/product"}],"about":[{"href":"https:\/\/nordicmart.andreevmaster.com\/fi\/wp-json\/wp\/v2\/types\/product"}],"replies":[{"embeddable":true,"href":"https:\/\/nordicmart.andreevmaster.com\/fi\/wp-json\/wp\/v2\/comments?post=29984"}],"wp:featuredmedia":[{"embeddable":true,"href":"https:\/\/nordicmart.andreevmaster.com\/fi\/wp-json\/wp\/v2\/media\/39384"}],"wp:attachment":[{"href":"https:\/\/nordicmart.andreevmaster.com\/fi\/wp-json\/wp\/v2\/media?parent=29984"}],"wp:term":[{"taxonomy":"product_brand","embeddable":true,"href":"https:\/\/nordicmart.andreevmaster.com\/fi\/wp-json\/wp\/v2\/product_brand?post=29984"},{"taxonomy":"product_cat","embeddable":true,"href":"https:\/\/nordicmart.andreevmaster.com\/fi\/wp-json\/wp\/v2\/product_cat?post=29984"},{"taxonomy":"product_tag","embeddable":true,"href":"https:\/\/nordicmart.andreevmaster.com\/fi\/wp-json\/wp\/v2\/product_tag?post=29984"}],"curies":[{"name":"wp","href":"https:\/\/api.w.org\/{rel}","templated":true}]}}