{"id":29983,"date":"2026-02-27T00:08:32","date_gmt":"2026-02-27T00:08:32","guid":{"rendered":"https:\/\/nordicmart.andreevmaster.com\/product\/songmics-metalliset-henkarit-20-kpln-sarja\/"},"modified":"2026-02-27T09:32:31","modified_gmt":"2026-02-27T09:32:31","slug":"songmics-metalliset-henkarit-20-kpln-sarja","status":"publish","type":"product","link":"https:\/\/nordicmart.andreevmaster.com\/fi\/tuote\/songmics-metalliset-henkarit-20-kpln-sarja\/","title":{"rendered":"SONGMICS metalliset henkarit, 20 kpl:n sarja"},"content":{"rendered":"<p>T\u00e4ydellinen yhdistelm\u00e4 joustavuutta, vakautta ja monik\u00e4ytt\u00f6isyytt\u00e4<\/p>\n<p>Jos et en\u00e4\u00e4 halua k\u00e4ytt\u00e4\u00e4 ep\u00e4vakaita henkareita, on aika hankkia t\u00e4m\u00e4 k\u00e4yt\u00e4nn\u00f6llinen vaihtoehto SONGMICSilt\u00e4. 20 kappaleen sarja on valmistettu tukevasta rautalangasta, ja jokainen henkari kest\u00e4\u00e4 jopa 5 kg:n painon.<\/p>\n<p>N\u00e4m\u00e4 eiv\u00e4t kuitenkaan ole tyylikk\u00e4iden henkareiden ainoat edut. T\u00e4ss\u00e4 viel\u00e4 lis\u00e4\u00e4:<\/p>\n<p>Henkareiden valkoinen PVC-pinnoite est\u00e4\u00e4 puseroitasi liukumasta jatkuvasti lattialle.<br \/>\nHenkareiden kaarevat olkap\u00e4\u00e4t est\u00e4v\u00e4t pukuja, paitoja tai bleisereit\u00e4 pullistumasta tai rypistym\u00e4st\u00e4.<br \/>\nK\u00e4yt\u00e4nn\u00f6lliset lovet pit\u00e4v\u00e4t mekot tai topit paikoillaan.<br \/>\nKromattujen, 360\u00b0 k\u00e4\u00e4ntyvien koukkujen ansiosta voit helposti tarkastella vaatteitasi kaikilta sivuilta ja ripustaa ne kaikenlaisiin vaatetankkeihin.<br \/>\nRuostumattoman pinnoitteen ansiosta voit ripustaa henkareille sek\u00e4 kuivat ett\u00e4 m\u00e4r\u00e4t vaatteet.<br \/>\nTuotetiedot: V\u00e4ri: valkoinen<br \/>\nMateriaali: PVC-pinnoitettu rautalanka, kromattu koukku<br \/>\nKoko per henkari: 42,5 x 0,4 x 20,5 cm (P x L x K)<br \/>\nKokonaispaino: 1,35 kg<br \/>\nHenkarin maks. staattinen kantavuus: 3 kg<\/p>\n<p>Toimitus sis\u00e4lt\u00e4\u00e4:<br \/>\n20 x vaatehenkari<\/p>\n<p>SONGMICS-ohjeet:<br \/>\nPid\u00e4 henkarit poissa korkeista l\u00e4mp\u00f6tiloista.<br \/>\n\u00c4l\u00e4 k\u00e4yt\u00e4 n\u00e4it\u00e4 henkareita kuivausrummussa tai pesukoneessa.<\/p>\n","protected":false},"excerpt":{"rendered":"<p>SONGMICS-vaatehenkari, 20 kpl, metallinen takkinenkari, ohut ja luistamaton, \u00d8 4 mm, tilaa s\u00e4\u00e4st\u00e4v\u00e4 360\u00b0 k\u00e4\u00e4ntyv\u00e4 koukku, musta CRI33B-20<\/p>\n","protected":false},"featured_media":39383,"comment_status":"open","ping_status":"closed","template":"","meta":[],"product_brand":[],"product_cat":[32],"product_tag":[],"class_list":{"0":"post-29983","1":"product","2":"type-product","3":"status-publish","4":"has-post-thumbnail","6":"product_cat-uncategorized-fi","8":"first","9":"instock","10":"shipping-taxable","11":"purchasable","12":"product-type-simple"},"_links":{"self":[{"href":"https:\/\/nordicmart.andreevmaster.com\/fi\/wp-json\/wp\/v2\/product\/29983","targetHints":{"allow":["GET"]}}],"collection":[{"href":"https:\/\/nordicmart.andreevmaster.com\/fi\/wp-json\/wp\/v2\/product"}],"about":[{"href":"https:\/\/nordicmart.andreevmaster.com\/fi\/wp-json\/wp\/v2\/types\/product"}],"replies":[{"embeddable":true,"href":"https:\/\/nordicmart.andreevmaster.com\/fi\/wp-json\/wp\/v2\/comments?post=29983"}],"wp:featuredmedia":[{"embeddable":true,"href":"https:\/\/nordicmart.andreevmaster.com\/fi\/wp-json\/wp\/v2\/media\/39383"}],"wp:attachment":[{"href":"https:\/\/nordicmart.andreevmaster.com\/fi\/wp-json\/wp\/v2\/media?parent=29983"}],"wp:term":[{"taxonomy":"product_brand","embeddable":true,"href":"https:\/\/nordicmart.andreevmaster.com\/fi\/wp-json\/wp\/v2\/product_brand?post=29983"},{"taxonomy":"product_cat","embeddable":true,"href":"https:\/\/nordicmart.andreevmaster.com\/fi\/wp-json\/wp\/v2\/product_cat?post=29983"},{"taxonomy":"product_tag","embeddable":true,"href":"https:\/\/nordicmart.andreevmaster.com\/fi\/wp-json\/wp\/v2\/product_tag?post=29983"}],"curies":[{"name":"wp","href":"https:\/\/api.w.org\/{rel}","templated":true}]}}